{"id":8291,"date":"2026-03-20T19:20:58","date_gmt":"2026-03-20T12:20:58","guid":{"rendered":"https:\/\/vannangvn.123websitedev.com\/san-pham\/tu-thu-nghiem-lao-hoa-ho-quang-atlas-model-xenotest-beta\/"},"modified":"2026-03-30T19:03:12","modified_gmt":"2026-03-30T12:03:12","slug":"tu-thu-nghiem-lao-hoa-ho-quang-atlas-model-xenotest-beta","status":"publish","type":"product","link":"https:\/\/vannangvn.123websitedev.com\/en\/product\/tu-thu-nghiem-lao-hoa-ho-quang-atlas-model-xenotest-beta\/","title":{"rendered":"T\u1ee6 TH\u1eec NGHI\u1ec6M L\u00c3O H\u00d3A H\u1ed2 QUANG ATLAS MODEL XENOTEST BETA+"},"content":{"rendered":"<h1 style=\"color: red; font-weight: bold; font-size: 24px;\">T&#7893;ng quan s&#7843;n ph&#7849;m T&#7910; TH&#7916; NGHI&#7878;M L&Atilde;O H&Oacute;A H&#7890; QUANG ATLAS MODEL XENOTEST BETA+<p>T&#7911; Th&#7917; Nghi&#7879;m L&atilde;o H&oacute;a H&#7891; Quang (Xenotest Xenon-Arc) ATLAS Model Xenotest Beta+<br>\nT&#7911; Th&#7917; Nghi&#7879;m L&atilde;o H&oacute;a H&#7891; Quang Xenotest Xenon-Arc Xenotest Beta+ l&agrave; gi&#7843;i ph&aacute;p ti&ecirc;n ti&#7871;n trong l&#297;nh v&#7921;c ki&#7875;m tra &#273;&#7897; b&#7873;n v&#7853;t li&#7879;u tr&#432;&#7899;c t&aacute;c &#273;&#7897;ng c&#7911;a &aacute;nh s&aacute;ng, nhi&#7879;t v&agrave; &#273;&#7897; &#7849;m. Thi&#7871;t b&#7883; n&agrave;y m&ocirc; ph&#7887;ng qu&aacute; tr&igrave;nh l&atilde;o h&oacute;a t&#7921; nhi&ecirc;n c&#7911;a v&#7853;t li&#7879;u trong th&#7901;i gian ng&#7855;n, gi&uacute;p d&#7921; &#273;o&aacute;n ch&iacute;nh x&aacute;c tu&#7893;i th&#7885; v&agrave; &#273;&#7897; &#7893;n &#273;&#7883;nh c&#7911;a s&#7843;n ph&#7849;m. H&atilde;y c&ugrave;ng V&#7841;n N&#259;ng t&igrave;m hi&#7875;u chi ti&#7871;t h&#417;n v&#7873; s&#7843;n ph&#7849;m th&ocirc;ng qua b&agrave;i vi&#7871;t d&#432;&#7899;i &#273;&acirc;y nh&eacute;!<\/p><p>Xem th&ecirc;m: &#272;&egrave;n H&#7891; Quang 600W (600W Arc Lamp) Uvitron International Model UVA<\/p><p>N&eacute;t &#272;&#7863;c Tr&#432;ng C&#7911;a ATLAS Xenotest Beta+<br>\nM&agrave;n h&igrave;nh c&#7843;m &#7913;ng tr&#7921;c quan d&#7877; v&#7853;n h&agrave;nh<br>\nXenotest Beta+ &#273;&#432;&#7907;c trang b&#7883; m&agrave;n h&igrave;nh c&#7843;m &#7913;ng m&agrave;u c&#7905; l&#7899;n, hi&#7875;n th&#7883; r&otilde; r&agrave;ng tr&#7841;ng th&aacute;i th&#7917; nghi&#7879;m, &#273;&#7891; th&#7883; th&ocirc;ng s&#7889; theo th&#7901;i gian, v&agrave; h&#7895; tr&#7907; l&#7853;p tr&igrave;nh tr&#7921;c ti&#7871;p ngay tr&ecirc;n m&aacute;y. &#272;i&#7873;u n&agrave;y gi&uacute;p ng&#432;&#7901;i d&ugrave;ng d&#7877; d&agrave;ng theo d&otilde;i ti&#7871;n tr&igrave;nh ki&#7875;m tra v&agrave; tinh ch&#7881;nh tham s&#7889; m&#7897;t c&aacute;ch ch&iacute;nh x&aacute;c.<br>\nH&#7879; th&#7889;ng l&#7885;c XENOCHROME&reg; b&#7873;n b&#7881;<br>\nThi&#7871;t b&#7883; s&#7917; d&#7909;ng b&#7897; l&#7885;c XENOCHROME&reg; ch&#7889;ng l&atilde;o h&oacute;a, gi&uacute;p m&ocirc; ph&#7887;ng &aacute;nh s&aacute;ng m&#7863;t tr&#7901;i ho&#7863;c &aacute;nh s&aacute;ng qua c&#7917;a k&iacute;nh v&#7899;i &#273;&#7897; ch&iacute;nh x&aacute;c cao. B&#7897; l&#7885;c n&agrave;y c&oacute; tu&#7893;i th&#7885; l&ecirc;n t&#7899;i 25.000 gi&#7901;, gi&#7843;m chi ph&iacute; v&#7853;n h&agrave;nh v&agrave; duy tr&igrave; hi&#7879;u su&#7845;t &#7893;n &#273;&#7883;nh trong th&#7901;i gian d&agrave;i.<br>\nKi&#7875;m so&aacute;t nhi&#7879;t &#273;&#7897; v&agrave; &#273;&#7897; &#7849;m t&#7921; &#273;&#7897;ng<br>\nT&#7911; Th&#7901;i Ti&#7871;t Xenotest Beta+ c&oacute; kh&#7843; n&#259;ng &#273;i&#7873;u khi&#7875;n &#273;&#7891;ng th&#7901;i nhi&#7879;t &#273;&#7897; bu&#7891;ng th&#7917; v&agrave; nhi&#7879;t &#273;&#7897; chu&#7849;n &#273;en (BST), &#273;&#7891;ng th&#7901;i &#273;i&#7873;u ch&#7881;nh &#273;&#7897; &#7849;m ch&iacute;nh x&aacute;c. Nh&#7901; &#273;&oacute;, thi&#7871;t b&#7883; t&aacute;i t&#7841;o ch&iacute;nh x&aacute;c &#273;i&#7873;u ki&#7879;n m&ocirc;i tr&#432;&#7901;ng th&#7921;c t&#7871;, gi&uacute;p k&#7871;t qu&#7843; th&#7917; nghi&#7879;m c&oacute; &#273;&#7897; tin c&#7853;y cao.<\/p><p>C&#7843;m bi&#7871;n XENOSENSIV&reg; ch&iacute;nh x&aacute;c<br>\nC&#7843;m bi&#7871;n XENOSENSIV&reg; &#273;&#432;&#7907;c t&iacute;ch h&#7907;p &#273;&#7875; &#273;o v&agrave; &#273;i&#7873;u khi&#7875;n b&#7913;c x&#7841; UV (300&ndash;400 nm) v&agrave; nhi&#7879;t &#273;&#7897; chu&#7849;n &#273;en ngay t&#7841;i v&#7883; tr&iacute; m&#7851;u th&#7917;. &#272;i&#7873;u n&agrave;y &#273;&#7843;m b&#7843;o s&#7921; &#273;&#7891;ng nh&#7845;t c&#7911;a &#273;i&#7873;u ki&#7879;n ph&#417;i s&aacute;ng gi&#7919;a c&aacute;c l&#7847;n ki&#7875;m tra, &#273;&aacute;p &#7913;ng y&ecirc;u c&#7847;u kh&#7855;t khe c&#7911;a c&aacute;c ti&ecirc;u chu&#7849;n ISO\/DIN.<br>\nKh&#7843; n&#259;ng l&#7853;p tr&igrave;nh &#273;a d&#7841;ng<br>\nThi&#7871;t b&#7883; cho ph&eacute;p l&#432;u tr&#7919; &iacute;t nh&#7845;t 10 ch&#432;&#417;ng tr&igrave;nh ki&#7875;m tra c&oacute; s&#7861;n v&agrave; th&ecirc;m 10 ch&#432;&#417;ng tr&igrave;nh do ng&#432;&#7901;i d&ugrave;ng t&ugrave;y ch&#7881;nh, m&#7895;i ch&#432;&#417;ng tr&igrave;nh c&oacute; th&#7875; ch&#7913;a &#273;&#7871;n 12 chu tr&igrave;nh th&#7917; nghi&#7879;m. &#272;i&#7873;u n&agrave;y gi&uacute;p linh ho&#7841;t trong vi&#7879;c thi&#7871;t l&#7853;p quy tr&igrave;nh ph&ugrave; h&#7907;p v&#7899;i t&#7915;ng lo&#7841;i s&#7843;n ph&#7849;m.<\/p><p>Xem th&ecirc;m: T&#7911; Ki&#7875;m Tra &#272;&#7897; B&#7873;n Th&#7901;i Ti&#7871;t (UV Spray Chamber) Model QUV SPRAY PRO<\/p><p>&#431;u &#272;i&#7875;m V&#432;&#7907;t Tr&#7897;i C&#7911;a Xenotest Beta+<br>\nM&ocirc; ph&#7887;ng ch&iacute;nh x&aacute;c qu&aacute; tr&igrave;nh l&atilde;o h&oacute;a<br>\nV&#7899;i c&ocirc;ng ngh&#7879; &#273;&egrave;n Xenon v&agrave; h&#7879; th&#7889;ng l&#7885;c chu&#7849;n x&aacute;c, Model Xenotest Beta+ m&ocirc; ph&#7887;ng trung th&#7921;c b&#7913;c x&#7841; m&#7863;t tr&#7901;i, bao g&#7891;m c&#7843; v&ugrave;ng UV, VIS v&agrave; IR. &#272;i&#7873;u n&agrave;y mang l&#7841;i k&#7871;t qu&#7843; s&aacute;t v&#7899;i &#273;i&#7873;u ki&#7879;n th&#7921;c t&#7871; ngo&agrave;i tr&#7901;i.<br>\nTi&#7871;t ki&#7879;m th&#7901;i gian v&agrave; chi ph&iacute;<br>\nNh&#7901; kh&#7843; n&#259;ng gia t&#7889;c qu&aacute; tr&igrave;nh l&atilde;o h&oacute;a, thi&#7871;t b&#7883; gi&uacute;p r&uacute;t ng&#7855;n th&#7901;i gian ki&#7875;m tra t&#7915; v&agrave;i th&aacute;ng ngo&agrave;i tr&#7901;i xu&#7889;ng ch&#7881; c&ograve;n v&agrave;i ng&agrave;y ho&#7863;c tu&#7847;n trong ph&ograve;ng th&iacute; nghi&#7879;m, t&#7889;i &#432;u h&oacute;a quy tr&igrave;nh R&amp;D v&agrave; ti&#7871;t ki&#7879;m chi ph&iacute;.<br>\nThi&#7871;t k&#7871; ph&ugrave; h&#7907;p m&#7851;u th&#7917; &#273;a d&#7841;ng<br>\nV&#7899;i di&#7879;n t&iacute;ch ph&#417;i s&aacute;ng 4000 cm&sup2;, M&aacute;y &#272;o &#272;&#7897; B&#7873;n L&atilde;o H&oacute;a Xenotest Beta+ c&oacute; th&#7875; th&#7917; nghi&#7879;m &#273;&#7891;ng th&#7901;i t&#7899;i 56 m&#7851;u ph&#7859;ng ho&#7863;c m&#7851;u 3D nh&#432; chai PET, panel nh&#7921;a, s&#417;n ph&#7911;. &#272;i&#7873;u n&agrave;y r&#7845;t h&#7919;u &iacute;ch cho c&aacute;c nh&agrave; s&#7843;n xu&#7845;t c&#7847;n ki&#7875;m tra nhi&#7873;u lo&#7841;i s&#7843;n ph&#7849;m c&ugrave;ng l&uacute;c.<\/p><p>D&#7877; b&#7843;o tr&igrave; v&agrave; v&#7853;n h&agrave;nh<br>\nH&#7879; th&#7889;ng l&#7885;c, &#273;&egrave;n Xenon v&agrave; c&#7843;m bi&#7871;n &#273;&#432;&#7907;c thi&#7871;t k&#7871; tu&#7893;i th&#7885; cao, &iacute;t c&#7847;n thay th&#7871;. C&aacute;c c&#7893;ng giao ti&#7871;p USB, RS232 h&#7895; tr&#7907; t&#7843;i d&#7919; li&#7879;u nhanh ch&oacute;ng, gi&uacute;p vi&#7879;c b&#7843;o tr&igrave; v&agrave; ph&acirc;n t&iacute;ch k&#7871;t qu&#7843; tr&#7903; n&ecirc;n ti&#7879;n l&#7907;i.<br>\nTu&acirc;n th&#7911; ti&ecirc;u chu&#7849;n qu&#7889;c t&#7871;<br>\nThi&#7871;t b&#7883; &#273;&aacute;p &#7913;ng h&agrave;ng lo&#7841;t ti&ecirc;u chu&#7849;n nh&#432; ISO 105-B02\/B04, ASTM G155, DIN EN 513, GMW 3414, AATCC TM16, MIL-STD-810G&hellip; &#272;i&#7873;u n&agrave;y gi&uacute;p d&#7919; li&#7879;u th&#7917; nghi&#7879;m c&oacute; th&#7875; &#273;&#432;&#7907;c ch&#7845;p nh&#7853;n to&agrave;n c&#7847;u, h&#7895; tr&#7907; doanh nghi&#7879;p xu&#7845;t kh&#7849;u.<\/p><p>Xem th&ecirc;m: &#272;&#7847;u D&ograve; Nhi&#7879;t &#272;&#7897; Ti&#7871;p X&uacute;c B&#7885;c Kho&aacute;ng (Mineral Insulated Thermocouple) PhoenixTM Model TC28<\/p><p>&#7912;ng D&#7909;ng Trong Ng&agrave;nh C&ocirc;ng Nghi&#7879;p<br>\nT&#7911; Th&#7917; Nghi&#7879;m L&atilde;o H&oacute;a H&#7891; Quang Model Xenotest Beta+ &#273;&#432;&#7907;c s&#7917; d&#7909;ng r&#7897;ng r&atilde;i trong nhi&#7873;u l&#297;nh v&#7921;c &#273;&ograve;i h&#7887;i &#273;&#7897; b&#7873;n m&agrave;u, &#273;&#7897; b&#7873;n c&#417; h&#7885;c v&agrave; kh&#7843; n&#259;ng ch&#7889;ng l&atilde;o h&oacute;a cao:<\/p><p>Ng&agrave;nh s&#417;n ph&#7911; v&agrave; m&#7921;c in<br>\nNh&#7921;a v&agrave; polymer<br>\nD&#7879;t may v&agrave; da nh&acirc;n t&#7841;o<br>\n&Ocirc; t&ocirc; v&agrave; h&agrave;ng kh&ocirc;ng<br>\nBao b&igrave; v&agrave; th&#7921;c ph&#7849;m<br>\nV&#7853;t li&#7879;u x&acirc;y d&#7921;ng ngo&agrave;i tr&#7901;i<\/p><p>Nh&#7919;ng L&yacute; Do N&ecirc;n Mua T&#7911; Th&#7917; Nghi&#7879;m L&atilde;o H&oacute;a H&#7891; Quang T&#7841;i V&#7841;n N&#259;ng<\/p><p>C&ocirc;ng ty Thi&#7871;t B&#7883; C&ocirc;ng Ngh&#7879; V&#7841;n N&#259;ng l&agrave; &#273;&#7889;i t&aacute;c ch&iacute;nh th&#7913;c ph&acirc;n ph&#7889;i T&#7911; Th&#7917; Nghi&#7879;m L&atilde;o H&oacute;a H&#7891; Quang h&agrave;ng &#273;&#7847;u t&#7841;i Vi&#7879;t Nam, cam k&#7871;t cung c&#7845;p s&#7843;n ph&#7849;m ch&iacute;nh h&atilde;ng v&#7899;i gi&aacute; c&#7843; c&#7841;nh tranh nh&#7845;t th&#7883; tr&#432;&#7901;ng. V&#7899;i uy t&iacute;n tr&ecirc;n th&#7883; tr&#432;&#7901;ng v&agrave; ch&#7871; &#273;&#7897; h&#7851;u m&atilde;i t&#7889;t, Thi&#7871;t B&#7883; C&ocirc;ng Ngh&#7879; V&#7841;n N&#259;ng &#273;&atilde; nh&#7853;n &#273;&#432;&#7907;c s&#7921; tin t&#432;&#7903;ng t&#7915; kh&aacute;ch h&agrave;ng nh&#7901; v&agrave;o ch&#7845;t l&#432;&#7907;ng h&agrave;ng &#273;&#7847;u c&#7911;a c&aacute;c d&ograve;ng s&#7843;n ph&#7849;m.<br>\nS&#7843;n ph&#7849;m c&#7911;a ch&uacute;ng t&ocirc;i &#273;&#432;&#7907;c ki&#7875;m &#273;&#7883;nh ch&#7845;t l&#432;&#7907;ng, nh&#7853;p kh&#7849;u tr&#7921;c ti&#7871;p t&#7915; nh&agrave; m&aacute;y b&ecirc;n Ch&acirc;u &Acirc;u, M&#7929;, &Uacute;c, Nh&#7853;t B&#7843;n,&hellip; v&agrave; &#273;&aacute;p &#7913;ng nhu c&#7847;u &#273;a d&#7841;ng c&#7911;a th&#7883; tr&#432;&#7901;ng nh&#432;: M&aacute;y &#272;o &#272;&#7897; C&#7913;ng, M&aacute;y SPECTROMAXx, M&aacute;y Ki&#7875;m Tra &#272;&#432;&#7901;ng Gh&eacute;p M&iacute; Lon,&hellip; Ch&uacute;ng t&ocirc;i cam k&#7871;t cung c&#7845;p s&#7843;n ph&#7849;m n&agrave;y tr&ecirc;n to&agrave;n qu&#7889;c v&#7899;i gi&aacute; c&#7843; c&#7841;nh tranh nh&#7845;t.<br>\nCh&uacute;ng t&ocirc;i c&oacute; &#273;&#7897;i ng&#361; chuy&ecirc;n vi&ecirc;n t&#432; v&#7845;n chuy&ecirc;n s&acirc;u s&#7869; h&#7895; tr&#7907; kh&aacute;ch h&agrave;ng v&#7873; chi ti&#7871;t s&#7843;n ph&#7849;m, h&#432;&#7899;ng d&#7851;n s&#7917; d&#7909;ng hay nh&#7919;ng th&#7913; li&ecirc;n quan &#273;&#7871;n v&#7845;n &#273;&#7873; m&agrave; doanh nghi&#7879;p b&#7841;n &#273;ang g&#7863;p ph&#7843;i. Ch&uacute;ng t&ocirc;i s&#7869; cung c&#7845;p nh&#7919;ng gi&#7843;i ph&aacute;p t&#7889;i &#432;u nh&#7845;t!<br>\nNgo&agrave;i ra Thi&#7871;t B&#7883; C&ocirc;ng Ngh&#7879; V&#7841;n N&#259;ng Ch&uacute;ng T&ocirc;i lu&ocirc;n h&#432;&#7899;ng &#273;&#7871;n tr&#7843;i nghi&#7879;m kh&aacute;ch h&agrave;ng, v&igrave; v&#7853;y ch&uacute;ng t&ocirc;i c&oacute; nh&#7919;ng ch&iacute;nh s&aacute;ch b&#7843;o h&agrave;nh, b&#7843;o tr&igrave; &ndash; b&#7843;o d&#432;&#7905;ng, hi&#7879;u chu&#7849;n v&#7899;i t&#7845;t c&#7843; c&aacute;c thi&#7871;t b&#7883;, m&aacute;y m&oacute;c m&agrave; ch&uacute;ng t&ocirc;i cung c&#7845;p. &#272;&#7843;m b&#7843;o mang &#273;&#7871;n cho Kh&aacute;ch h&agrave;ng s&#7921; y&ecirc;n t&acirc;m tuy&#7879;t &#273;&#7889;i v&#7873; d&#7883;ch v&#7909; khi mua h&agrave;ng.<\/p><p>Xem th&ecirc;m: M&aacute;y &#272;o T&#7927; Tr&#7885;ng (Modular Benchtop Density Meter) Anton Paar Model DMA 5002<\/p><p>T&#7893;ng K&#7871;t<br>\nT&#7911; Th&#7917; Nghi&#7879;m L&atilde;o H&oacute;a H&#7891; Quang ATLAS Model Xenotest Beta+ l&agrave; gi&#7843;i ph&aacute;p to&agrave;n di&#7879;n cho th&#7917; nghi&#7879;m l&atilde;o h&oacute;a nh&acirc;n t&#7841;o, gi&uacute;p doanh nghi&#7879;p r&uacute;t ng&#7855;n th&#7901;i gian nghi&ecirc;n c&#7913;u, &#273;&#7843;m b&#7843;o ch&#7845;t l&#432;&#7907;ng v&agrave; &#273;&aacute;p &#7913;ng ti&ecirc;u chu&#7849;n to&agrave;n c&#7847;u. &#272;&#7847;u t&#432; thi&#7871;t b&#7883; n&agrave;y ch&iacute;nh l&agrave; &#273;&#7847;u t&#432; cho uy t&iacute;n v&agrave; &#273;&#7897; tin c&#7853;y c&#7911;a s&#7843;n ph&#7849;m tr&ecirc;n th&#7883; tr&#432;&#7901;ng. H&atilde;y li&ecirc;n h&#7879; v&#7899;i V&#7841;n N&#259;ng ngay &#273;&#7875; &#273;&#432;&#7907;c t&#432; v&#7845;n chuy&ecirc;n s&acirc;u v&agrave; nh&#7853;n nh&#7919;ng &#432;u &#273;&atilde;i h&#7845;p d&#7851;n nh&#7845;t th&ocirc;ng qua hotline0903 991 335 !<\/p><div style=\"background-color: #f8fafc; border: 1px solid #e2e8f0; border-radius: 8px; padding: 25px; max-width: 800px; margin: 30px auto; color: #334155; line-height: 1.8; font-size: 17px; box-shadow: 0 4px 6px -1px rgba(0,0,0,0.05); text-align: left; clear: both;\">\nC&ocirc;ng ty TNHH Th&#432;&#417;ng M&#7841;i D&#7883;ch V&#7909; Thi&#7871;t B&#7883; C&ocirc;ng Ngh&#7879; V&#7841;n N&#259;ng\n<p style=\"margin: 0 0 10px 0;\">&#128205; <strong style=\"color: #1e293b;\">&#272;&#7883;a ch&#7881;:<\/strong> <a style=\"color: #059669; text-decoration: none; font-weight: bold;\" href=\"https:\/\/www.google.com\/maps\/search\/C%C3%B4ng+ty+TNHH+Th%C6%B0%C6%A1ng+M%E1%BA%A1i+D%E1%BB%8Bch+V%E1%BB%A5+Thi%E1%BA%BFt+B%E1%BB%8B+C%C3%B4ng+Ngh%E1%BB%87+V%E1%BA%A1n+N%C4%83ng+818+Tr%C6%B0%E1%BB%9Dng+Chinh\" target=\"_blank\" rel=\"noopener\">818 Tr&#432;&#7901;ng Chinh, Ph&#432;&#7901;ng T&acirc;n S&#417;n, Th&agrave;nh ph&#7889; H&#7891; Ch&iacute; Minh, Vi&#7879;t Nam<\/a><\/p>\n<p style=\"margin: 0 0 10px 0;\">&#128222; <strong style=\"color: #1e293b;\">S&#272;T &ndash; Zalo:<\/strong> <a style=\"color: #059669; text-decoration: none; font-weight: bold;\" href=\"https:\/\/zalo.me\/0903991335\" target=\"_blank\" rel=\"noopener\">0903 991 335<\/a> <span style=\"color: #64748b; font-style: italic;\">(Ms. H&#7841;nh &ndash; Gi&aacute;m &#272;&#7889;c Kinh Doanh)<\/span><\/p>\n<p style=\"margin: 0;\">&#9993;&#65039; <strong style=\"color: #1e293b;\">Email:<\/strong> <a style=\"color: #059669; text-decoration: none; font-weight: bold;\" href=\"mailto:hienhanh@vannangvn.com\">hienhanh@vannangvn.com<\/a><\/p>\n<\/div><\/h1>","protected":false},"excerpt":{"rendered":"<p><strong>Th&#432;&#417;ng hi&#7879;u:<\/strong> ATLAS<br>\n<strong>Model:<\/strong> Xenotest-4<p>Product <strong>T&#7910; TH&#7916; NGHI&#7878;M L&Atilde;O H&Oacute;A H&#7890; QUANG ATLAS MODEL XENOTEST BETA+<\/strong> ch&iacute;nh h&atilde;ng. ATLAS (USA)<br>\nATLAS Xenotest Beta+ l&agrave; t&#7911; l&atilde;o h&oacute;a h&#7891; quang m&ocirc; ph&#7887;ng ch&iacute;nh x&aacute;c l&atilde;o h&oacute;a t&#7921; nhi&ecirc;n b&#7857;ng &aacute;nh s&aacute;ng Xenon-Arc, nhi&#7879;t v&agrave; &#273;&#7897; &#7849;m. Thi&#7871;t b&#7883; c&oacute; h&#7879; th&#7889;ng l&#7885;c XENOCHROME&reg; b&#7873;n b&#7881; v&agrave; c&#7843;m bi&#7871;n XENOSENSIV&reg; ch&iacute;nh x&aacute;c, ph&ugrave; h&#7907;p cho R&amp;D v&agrave; QC ng&agrave;nh s&#417;n, nh&#7921;a, d&#7879;t may.<\/p><\/p>","protected":false},"featured_media":0,"comment_status":"open","ping_status":"closed","template":"","meta":[],"product_brand":[],"product_cat":[18],"product_tag":[116,120,122,162,510,527,541,703,704,3866,3869],"class_list":{"0":"post-8291","1":"product","2":"type-product","3":"status-publish","5":"product_cat-chua-phan-loai","6":"product_tag-model","7":"product_tag-thu","8":"product_tag-hoa","9":"product_tag-tu","10":"product_tag-lao","11":"product_tag-nghiem","12":"product_tag-atlas","13":"product_tag-ho","14":"product_tag-quang","15":"product_tag-xenotest","16":"product_tag-beta","18":"first","19":"instock","20":"shipping-taxable","21":"product-type-simple"},"yoast_head":"<!-- This site is optimized with the Yoast SEO Premium plugin v24.8 (Yoast SEO v24.8) - https:\/\/yoast.com\/wordpress\/plugins\/seo\/ -->\n<title>T\u1ee6 TH\u1eec NGHI\u1ec6M L\u00c3O H\u00d3A H\u1ed2 QUANG ATLA... ch\u00ednh h\u00e3ng | V\u1ea1n N\u0103ng<\/title>\n<meta name=\"description\" content=\"Mua ngay T\u1ee6 TH\u1eec NGHI\u1ec6M L\u00c3O H\u00d3A H\u1ed2 QUANG ATLAS MODEL XENOTEST BETA+ ch\u00ednh h\u00e3ng. ATLAS Xenotest Beta+ l\u00e0 t\u1ee7 l\u00e3o h\u00f3a h\u1ed3 quang m\u00f4 ph\u1ecfn... Gi\u00e1 t\u1ed1t!\" \/>\n<meta name=\"robots\" content=\"noindex, follow, max-snippet:-1, max-image-preview:large, max-video-preview:-1\" \/>\n<meta property=\"og:locale\" content=\"en_US\" \/>\n<meta property=\"og:type\" content=\"article\" \/>\n<meta property=\"og:title\" content=\"T\u1ee6 TH\u1eec NGHI\u1ec6M L\u00c3O H\u00d3A H\u1ed2 QUANG ATLAS MODEL XENOTEST BETA+\" \/>\n<meta property=\"og:description\" content=\"Mua ngay T\u1ee6 TH\u1eec NGHI\u1ec6M L\u00c3O H\u00d3A H\u1ed2 QUANG ATLAS MODEL XENOTEST BETA+ ch\u00ednh h\u00e3ng. ATLAS Xenotest Beta+ l\u00e0 t\u1ee7 l\u00e3o h\u00f3a h\u1ed3 quang m\u00f4 ph\u1ecfn... Gi\u00e1 t\u1ed1t!\" \/>\n<meta property=\"og:url\" content=\"https:\/\/vannangvn.123websitedev.com\/en\/product\/tu-thu-nghiem-lao-hoa-ho-quang-atlas-model-xenotest-beta\/\" \/>\n<meta property=\"og:site_name\" content=\"Vannang.vn\" \/>\n<meta property=\"article:modified_time\" content=\"2026-03-30T12:03:12+00:00\" \/>\n<meta name=\"twitter:card\" content=\"summary_large_image\" \/>\n<meta name=\"twitter:label1\" content=\"Est. reading time\" \/>\n\t<meta name=\"twitter:data1\" content=\"9 minutes\" \/>\n<script type=\"application\/ld+json\" class=\"yoast-schema-graph\">{\"@context\":\"https:\/\/schema.org\",\"@graph\":[{\"@type\":\"WebPage\",\"@id\":\"https:\/\/vannangvn.123websitedev.com\/san-pham\/tu-thu-nghiem-lao-hoa-ho-quang-atlas-model-xenotest-beta\/\",\"url\":\"https:\/\/vannangvn.123websitedev.com\/san-pham\/tu-thu-nghiem-lao-hoa-ho-quang-atlas-model-xenotest-beta\/\",\"name\":\"T\u1ee6 TH\u1eec NGHI\u1ec6M L\u00c3O H\u00d3A H\u1ed2 QUANG ATLA... ch\u00ednh h\u00e3ng | V\u1ea1n N\u0103ng\",\"isPartOf\":{\"@id\":\"https:\/\/vannangvn.123websitedev.com\/#website\"},\"datePublished\":\"2026-03-20T12:20:58+00:00\",\"dateModified\":\"2026-03-30T12:03:12+00:00\",\"description\":\"Mua ngay T\u1ee6 TH\u1eec NGHI\u1ec6M L\u00c3O H\u00d3A H\u1ed2 QUANG ATLAS MODEL XENOTEST BETA+ ch\u00ednh h\u00e3ng. ATLAS Xenotest Beta+ l\u00e0 t\u1ee7 l\u00e3o h\u00f3a h\u1ed3 quang m\u00f4 ph\u1ecfn... Gi\u00e1 t\u1ed1t!\",\"breadcrumb\":{\"@id\":\"https:\/\/vannangvn.123websitedev.com\/san-pham\/tu-thu-nghiem-lao-hoa-ho-quang-atlas-model-xenotest-beta\/#breadcrumb\"},\"inLanguage\":\"en-US\",\"potentialAction\":[{\"@type\":\"ReadAction\",\"target\":[\"https:\/\/vannangvn.123websitedev.com\/san-pham\/tu-thu-nghiem-lao-hoa-ho-quang-atlas-model-xenotest-beta\/\"]}]},{\"@type\":\"BreadcrumbList\",\"@id\":\"https:\/\/vannangvn.123websitedev.com\/san-pham\/tu-thu-nghiem-lao-hoa-ho-quang-atlas-model-xenotest-beta\/#breadcrumb\",\"itemListElement\":[{\"@type\":\"ListItem\",\"position\":1,\"name\":\"Trang ch\u1ee7\",\"item\":\"https:\/\/vannangvn.123websitedev.com\/\"},{\"@type\":\"ListItem\",\"position\":2,\"name\":\"S\u1ea3n ph\u1ea9m\",\"item\":\"https:\/\/vannangvn.123websitedev.com\/cua-hang\/\"},{\"@type\":\"ListItem\",\"position\":3,\"name\":\"T\u1ee6 TH\u1eec NGHI\u1ec6M L\u00c3O H\u00d3A H\u1ed2 QUANG ATLAS MODEL XENOTEST BETA+\"}]},{\"@type\":\"WebSite\",\"@id\":\"https:\/\/vannangvn.123websitedev.com\/#website\",\"url\":\"https:\/\/vannangvn.123websitedev.com\/\",\"name\":\"Vannang.vn\",\"description\":\"\",\"publisher\":{\"@id\":\"https:\/\/vannangvn.123websitedev.com\/#organization\"},\"potentialAction\":[{\"@type\":\"SearchAction\",\"target\":{\"@type\":\"EntryPoint\",\"urlTemplate\":\"https:\/\/vannangvn.123websitedev.com\/?s={search_term_string}\"},\"query-input\":{\"@type\":\"PropertyValueSpecification\",\"valueRequired\":true,\"valueName\":\"search_term_string\"}}],\"inLanguage\":\"en-US\"},{\"@type\":\"Organization\",\"@id\":\"https:\/\/vannangvn.123websitedev.com\/#organization\",\"name\":\"Vannang.vn\",\"url\":\"https:\/\/vannangvn.123websitedev.com\/\",\"logo\":{\"@type\":\"ImageObject\",\"inLanguage\":\"en-US\",\"@id\":\"https:\/\/vannangvn.123websitedev.com\/#\/schema\/logo\/image\/\",\"url\":\"https:\/\/vannangvn.123websitedev.com\/wp-content\/uploads\/2026\/02\/logo-van-nang-02.png\",\"contentUrl\":\"https:\/\/vannangvn.123websitedev.com\/wp-content\/uploads\/2026\/02\/logo-van-nang-02.png\",\"width\":448,\"height\":111,\"caption\":\"Vannang.vn\"},\"image\":{\"@id\":\"https:\/\/vannangvn.123websitedev.com\/#\/schema\/logo\/image\/\"}}]}<\/script>\n<!-- \/ Yoast SEO Premium plugin. -->","yoast_head_json":{"title":"T\u1ee6 TH\u1eec NGHI\u1ec6M L\u00c3O H\u00d3A H\u1ed2 QUANG ATLA... ch\u00ednh h\u00e3ng | V\u1ea1n N\u0103ng","description":"Mua ngay T\u1ee6 TH\u1eec NGHI\u1ec6M L\u00c3O H\u00d3A H\u1ed2 QUANG ATLAS MODEL XENOTEST BETA+ ch\u00ednh h\u00e3ng. ATLAS Xenotest Beta+ l\u00e0 t\u1ee7 l\u00e3o h\u00f3a h\u1ed3 quang m\u00f4 ph\u1ecfn... Gi\u00e1 t\u1ed1t!","robots":{"index":"noindex","follow":"follow","max-snippet":"max-snippet:-1","max-image-preview":"max-image-preview:large","max-video-preview":"max-video-preview:-1"},"og_locale":"en_US","og_type":"article","og_title":"T\u1ee6 TH\u1eec NGHI\u1ec6M L\u00c3O H\u00d3A H\u1ed2 QUANG ATLAS MODEL XENOTEST BETA+","og_description":"Mua ngay T\u1ee6 TH\u1eec NGHI\u1ec6M L\u00c3O H\u00d3A H\u1ed2 QUANG ATLAS MODEL XENOTEST BETA+ ch\u00ednh h\u00e3ng. ATLAS Xenotest Beta+ l\u00e0 t\u1ee7 l\u00e3o h\u00f3a h\u1ed3 quang m\u00f4 ph\u1ecfn... Gi\u00e1 t\u1ed1t!","og_url":"https:\/\/vannangvn.123websitedev.com\/en\/product\/tu-thu-nghiem-lao-hoa-ho-quang-atlas-model-xenotest-beta\/","og_site_name":"Vannang.vn","article_modified_time":"2026-03-30T12:03:12+00:00","twitter_card":"summary_large_image","twitter_misc":{"Est. reading time":"9 minutes"},"schema":{"@context":"https:\/\/schema.org","@graph":[{"@type":"WebPage","@id":"https:\/\/vannangvn.123websitedev.com\/san-pham\/tu-thu-nghiem-lao-hoa-ho-quang-atlas-model-xenotest-beta\/","url":"https:\/\/vannangvn.123websitedev.com\/san-pham\/tu-thu-nghiem-lao-hoa-ho-quang-atlas-model-xenotest-beta\/","name":"T\u1ee6 TH\u1eec NGHI\u1ec6M L\u00c3O H\u00d3A H\u1ed2 QUANG ATLA... ch\u00ednh h\u00e3ng | V\u1ea1n N\u0103ng","isPartOf":{"@id":"https:\/\/vannangvn.123websitedev.com\/#website"},"datePublished":"2026-03-20T12:20:58+00:00","dateModified":"2026-03-30T12:03:12+00:00","description":"Mua ngay T\u1ee6 TH\u1eec NGHI\u1ec6M L\u00c3O H\u00d3A H\u1ed2 QUANG ATLAS MODEL XENOTEST BETA+ ch\u00ednh h\u00e3ng. ATLAS Xenotest Beta+ l\u00e0 t\u1ee7 l\u00e3o h\u00f3a h\u1ed3 quang m\u00f4 ph\u1ecfn... Gi\u00e1 t\u1ed1t!","breadcrumb":{"@id":"https:\/\/vannangvn.123websitedev.com\/san-pham\/tu-thu-nghiem-lao-hoa-ho-quang-atlas-model-xenotest-beta\/#breadcrumb"},"inLanguage":"en-US","potentialAction":[{"@type":"ReadAction","target":["https:\/\/vannangvn.123websitedev.com\/san-pham\/tu-thu-nghiem-lao-hoa-ho-quang-atlas-model-xenotest-beta\/"]}]},{"@type":"BreadcrumbList","@id":"https:\/\/vannangvn.123websitedev.com\/san-pham\/tu-thu-nghiem-lao-hoa-ho-quang-atlas-model-xenotest-beta\/#breadcrumb","itemListElement":[{"@type":"ListItem","position":1,"name":"Trang ch\u1ee7","item":"https:\/\/vannangvn.123websitedev.com\/"},{"@type":"ListItem","position":2,"name":"S\u1ea3n ph\u1ea9m","item":"https:\/\/vannangvn.123websitedev.com\/cua-hang\/"},{"@type":"ListItem","position":3,"name":"T\u1ee6 TH\u1eec NGHI\u1ec6M L\u00c3O H\u00d3A H\u1ed2 QUANG ATLAS MODEL XENOTEST BETA+"}]},{"@type":"WebSite","@id":"https:\/\/vannangvn.123websitedev.com\/#website","url":"https:\/\/vannangvn.123websitedev.com\/","name":"Vannang.vn","description":"","publisher":{"@id":"https:\/\/vannangvn.123websitedev.com\/#organization"},"potentialAction":[{"@type":"SearchAction","target":{"@type":"EntryPoint","urlTemplate":"https:\/\/vannangvn.123websitedev.com\/?s={search_term_string}"},"query-input":{"@type":"PropertyValueSpecification","valueRequired":true,"valueName":"search_term_string"}}],"inLanguage":"en-US"},{"@type":"Organization","@id":"https:\/\/vannangvn.123websitedev.com\/#organization","name":"Vannang.vn","url":"https:\/\/vannangvn.123websitedev.com\/","logo":{"@type":"ImageObject","inLanguage":"en-US","@id":"https:\/\/vannangvn.123websitedev.com\/#\/schema\/logo\/image\/","url":"https:\/\/vannangvn.123websitedev.com\/wp-content\/uploads\/2026\/02\/logo-van-nang-02.png","contentUrl":"https:\/\/vannangvn.123websitedev.com\/wp-content\/uploads\/2026\/02\/logo-van-nang-02.png","width":448,"height":111,"caption":"Vannang.vn"},"image":{"@id":"https:\/\/vannangvn.123websitedev.com\/#\/schema\/logo\/image\/"}}]}},"_links":{"self":[{"href":"https:\/\/vannangvn.123websitedev.com\/en\/wp-json\/wp\/v2\/product\/8291","targetHints":{"allow":["GET"]}}],"collection":[{"href":"https:\/\/vannangvn.123websitedev.com\/en\/wp-json\/wp\/v2\/product"}],"about":[{"href":"https:\/\/vannangvn.123websitedev.com\/en\/wp-json\/wp\/v2\/types\/product"}],"replies":[{"embeddable":true,"href":"https:\/\/vannangvn.123websitedev.com\/en\/wp-json\/wp\/v2\/comments?post=8291"}],"wp:attachment":[{"href":"https:\/\/vannangvn.123websitedev.com\/en\/wp-json\/wp\/v2\/media?parent=8291"}],"wp:term":[{"taxonomy":"product_brand","embeddable":true,"href":"https:\/\/vannangvn.123websitedev.com\/en\/wp-json\/wp\/v2\/product_brand?post=8291"},{"taxonomy":"product_cat","embeddable":true,"href":"https:\/\/vannangvn.123websitedev.com\/en\/wp-json\/wp\/v2\/product_cat?post=8291"},{"taxonomy":"product_tag","embeddable":true,"href":"https:\/\/vannangvn.123websitedev.com\/en\/wp-json\/wp\/v2\/product_tag?post=8291"}],"curies":[{"name":"wp","href":"https:\/\/api.w.org\/{rel}","templated":true}]}}