{"id":8293,"date":"2026-03-20T19:21:00","date_gmt":"2026-03-20T12:21:00","guid":{"rendered":"https:\/\/vannangvn.123websitedev.com\/san-pham\/tu-thu-nghiem-lao-hoa-ozone-wewon-model-wew-oz-100l-a\/"},"modified":"2026-03-30T19:03:15","modified_gmt":"2026-03-30T12:03:15","slug":"tu-thu-nghiem-lao-hoa-ozone-wewon-model-wew-oz-100l-a","status":"publish","type":"product","link":"https:\/\/vannangvn.123websitedev.com\/en\/product\/tu-thu-nghiem-lao-hoa-ozone-wewon-model-wew-oz-100l-a\/","title":{"rendered":"T\u1ee6 TH\u1eec NGHI\u1ec6M L\u00c3O H\u00d3A OZONE WEWON MODEL WEW-OZ-100L-A"},"content":{"rendered":"<h1 style=\"color: red; font-weight: bold; font-size: 24px;\">T&#7893;ng quan s&#7843;n ph&#7849;m T&#7910; TH&#7916; NGHI&#7878;M L&Atilde;O H&Oacute;A OZONE WEWON MODEL WEW-OZ-100L-A<p>T&#7911; Th&#7917; Nghi&#7879;m L&atilde;o H&oacute;a Ozone (Ozone Chamber) Wewon Model WEW-OZ-100L-A<\/p><p>WEW-OZ-100L-A<br>\nWEW-OZ-100L-A l&agrave; t&#7911; th&#7917; nghi&#7879;m l&atilde;o h&oacute;a ozone &#273;&#432;&#7907;c thi&#7871;t k&#7871; chuy&ecirc;n d&#7909;ng &#273;&#7875; ki&#7875;m tra kh&#7843; n&#259;ng ch&#7889;ng l&atilde;o h&oacute;a ozone c&#7911;a c&aacute;c s&#7843;n ph&#7849;m cao su v&agrave; nh&#7921;a, v&#7899;i th&#7875; t&iacute;ch bu&#7891;ng 100L v&agrave; kh&#7843; n&#259;ng t&#7841;o n&#7891;ng &#273;&#7897; ozone 10~3000 pphm. Thi&#7871;t b&#7883; gi&uacute;p m&ocirc; ph&#7887;ng v&agrave; t&#259;ng c&#432;&#7901;ng &#273;i&#7873;u ki&#7879;n ozone trong kh&iacute; quy&#7875;n nh&#7857;m &#273;&aacute;nh gi&aacute; nhanh ch&oacute;ng m&#7913;c &#273;&#7897; &#7843;nh h&#432;&#7903;ng c&#7911;a ozone &#273;&#7871;n v&#7853;t li&#7879;u, t&#7915; &#273;&oacute; &#273;&#432;a ra c&aacute;c gi&#7843;i ph&aacute;p ch&#7889;ng l&atilde;o h&oacute;a hi&#7879;u qu&#7843;, k&eacute;o d&agrave;i tu&#7893;i th&#7885; s&#7843;n ph&#7849;m.<\/p><p>Nguy&ecirc;n l&yacute; v&agrave; ph&#432;&#417;ng ph&aacute;p th&#7917; nghi&#7879;m<\/p><p>T&#7841;o kh&iacute; ozone: S&#7917; d&#7909;ng m&aacute;y ph&aacute;t ozone hi&#7879;u su&#7845;t cao, ozone &#273;&#432;&#7907;c t&#7841;o ra v&agrave; b&#417;m v&agrave;o bu&#7891;ng th&#7917; qua l&#432;u l&#432;&#7907;ng k&#7871; rotor th&#7911;y tinh, &#273;i&#7873;u ch&#7881;nh ch&iacute;nh x&aacute;c l&#432;&#7907;ng kh&iacute;.<br>\nKi&#7875;m so&aacute;t n&#7891;ng &#273;&#7897;: C&#7843;m bi&#7871;n UV li&ecirc;n t&#7909;c &#273;o l&#432;&#7901;ng n&#7891;ng &#273;&#7897; ozone v&agrave; g&#7917;i t&iacute;n hi&#7879;u v&#7873; h&#7879; th&#7889;ng &#273;i&#7873;u khi&#7875;n, &#273;&#7843;m b&#7843;o duy tr&igrave; &#7893;n &#273;&#7883;nh theo gi&aacute; tr&#7883; &#273;&#7863;t.<br>\nH&#7879; th&#7889;ng &#273;i&#7873;u ki&#7879;n m&ocirc;i tr&#432;&#7901;ng: B&#7897; gia nhi&#7879;t v&agrave; t&#7841;o &#7849;m t&iacute;ch h&#7907;p, &#273;&aacute;p &#7913;ng c&aacute;c ti&ecirc;u chu&#7849;n th&#7917; nghi&#7879;m &#273;a d&#7841;ng.<br>\nPh&#432;&#417;ng ph&aacute;p th&#7917;:<\/p><p>T&#297;nh: M&#7851;u &#273;&#432;&#7907;c k&eacute;o c&#259;ng ho&#7863;c &#273;&#7863;t tr&#7921;c ti&#7871;p trong bu&#7891;ng &#273;&#7875; ki&#7875;m tra.<br>\n&#272;&#7897;ng: M&#7851;u g&#7855;n tr&ecirc;n gi&aacute; &#273;&#7905;, dao &#273;&#7897;ng v&#7899;i bi&ecirc;n &#273;&#7897; 5% ~ 45%, m&ocirc; ph&#7887;ng qu&aacute; tr&igrave;nh l&atilde;o h&oacute;a th&#7921;c t&#7871;.<\/p><p>&#7912;ng d&#7909;ng ch&iacute;nh<\/p><p>Ki&#7875;m tra kh&#7843; n&#259;ng ch&#7889;ng n&#7913;t, l&atilde;o h&oacute;a c&#7911;a cao su do ti&#7871;p x&uacute;c v&#7899;i ozone.<br>\nNghi&ecirc;n c&#7913;u hi&#7879;u qu&#7843; c&#7911;a ch&#7845;t ch&#7889;ng ozone v&agrave; bi&#7879;n ph&aacute;p b&#7843;o v&#7879; v&#7853;t li&#7879;u.<br>\n&#272;&aacute;nh gi&aacute; nhanh tu&#7893;i th&#7885; v&agrave; &#273;&#7897; b&#7873;n s&#7843;n ph&#7849;m cao su trong &#273;i&#7873;u ki&#7879;n kh&#7855;c nghi&#7879;t.<\/p><h2 style=\"color: #2e7d32; font-weight: bold; font-size: 20px;\">&#272;&#7863;c &#273;i&#7875;m n&#7893;i b&#7853;t<\/h2><p>Ki&#7875;m so&aacute;t ch&iacute;nh x&aacute;c: Duy tr&igrave; n&#7891;ng &#273;&#7897; ozone &#7893;n &#273;&#7883;nh trong su&#7889;t qu&aacute; tr&igrave;nh th&#7917; nghi&#7879;m.<br>\nC&#7845;u tr&uacute;c b&#7873;n v&#7919;ng: V&#7853;t li&#7879;u ch&#7871; t&#7841;o ch&#7845;t l&#432;&#7907;ng cao, ch&#7889;ng &#259;n m&ograve;n v&agrave; ch&#7883;u &#273;&#432;&#7907;c m&ocirc;i tr&#432;&#7901;ng ozone.<br>\n&#272;a n&#259;ng: K&#7871;t h&#7907;p ki&#7875;m so&aacute;t nhi&#7879;t &#273;&#7897;, &#273;&#7897; &#7849;m v&agrave; ozone, ph&ugrave; h&#7907;p v&#7899;i nhi&#7873;u ph&#432;&#417;ng ph&aacute;p v&agrave; ti&ecirc;u chu&#7849;n ki&#7875;m tra.<br>\n&#7912;ng d&#7909;ng r&#7897;ng r&atilde;i: &#272;&#432;&#7907;c s&#7917; d&#7909;ng trong ng&agrave;nh s&#7843;n xu&#7845;t l&#7889;p xe, gio&#259;ng cao su, &#7889;ng d&#7851;n, linh ki&#7879;n nh&#7921;a v&agrave; c&aacute;c s&#7843;n ph&#7849;m polymer kh&aacute;c.<\/p><p>Wewon WEW-OZ-100L-A Ozone Chamber l&agrave; gi&#7843;i ph&aacute;p t&#7889;i &#432;u cho c&aacute;c doanh nghi&#7879;p v&agrave; ph&ograve;ng th&iacute; nghi&#7879;m mu&#7889;n &#273;&aacute;nh gi&aacute; kh&#7843; n&#259;ng ch&#7889;ng l&atilde;o h&oacute;a ozone c&#7911;a v&#7853;t li&#7879;u m&#7897;t c&aacute;ch nhanh ch&oacute;ng, ch&iacute;nh x&aacute;c v&agrave; &#273;&aacute;ng tin c&#7853;y, t&#7915; &#273;&oacute; n&acirc;ng cao ch&#7845;t l&#432;&#7907;ng v&agrave; &#273;&#7897; b&#7873;n c&#7911;a s&#7843;n ph&#7849;m. H&atilde;y li&ecirc;n h&#7879; v&#7899;i V&#7841;n N&#259;ng Company ngay &#273;&#7875; &#273;&#432;&#7907;c t&#432; v&#7845;n chuy&ecirc;n s&acirc;u v&agrave; nh&#7853;n c&aacute;c &#432;u &#273;&atilde;i h&#7845;p d&#7851;n nh&#7845;t th&ocirc;ng qua hotline\/zalo: <a href=\"https:\/\/zalo.me\/0903991335\" target=\"_blank\" rel=\"noopener\" style=\"color: #059669; font-weight: bold; text-decoration: none;\">0903 991 335<\/a>!<\/p><div style=\"background-color: #f8fafc; border: 1px solid #e2e8f0; border-radius: 8px; padding: 25px; max-width: 800px; margin: 30px auto; color: #334155; line-height: 1.8; font-size: 17px; box-shadow: 0 4px 6px -1px rgba(0,0,0,0.05); text-align: left; clear: both;\">\nC&ocirc;ng ty TNHH Th&#432;&#417;ng M&#7841;i D&#7883;ch V&#7909; Thi&#7871;t B&#7883; C&ocirc;ng Ngh&#7879; V&#7841;n N&#259;ng\n<p style=\"margin: 0 0 10px 0;\">&#128205; <strong style=\"color: #1e293b;\">&#272;&#7883;a ch&#7881;:<\/strong> <a style=\"color: #059669; text-decoration: none; font-weight: bold;\" href=\"https:\/\/www.google.com\/maps\/search\/C%C3%B4ng+ty+TNHH+Th%C6%B0%C6%A1ng+M%E1%BA%A1i+D%E1%BB%8Bch+V%E1%BB%A5+Thi%E1%BA%BFt+B%E1%BB%8B+C%C3%B4ng+Ngh%E1%BB%87+V%E1%BA%A1n+N%C4%83ng+818+Tr%C6%B0%E1%BB%9Dng+Chinh\" target=\"_blank\" rel=\"noopener\">818 Tr&#432;&#7901;ng Chinh, Ph&#432;&#7901;ng T&acirc;n S&#417;n, Th&agrave;nh ph&#7889; H&#7891; Ch&iacute; Minh, Vi&#7879;t Nam<\/a><\/p>\n<p style=\"margin: 0 0 10px 0;\">&#128222; <strong style=\"color: #1e293b;\">S&#272;T &ndash; Zalo:<\/strong> <a style=\"color: #059669; text-decoration: none; font-weight: bold;\" href=\"https:\/\/zalo.me\/0903991335\" target=\"_blank\" rel=\"noopener\">0903 991 335<\/a> <span style=\"color: #64748b; font-style: italic;\">(Ms. H&#7841;nh &ndash; Gi&aacute;m &#272;&#7889;c Kinh Doanh)<\/span><\/p>\n<p style=\"margin: 0;\">&#9993;&#65039; <strong style=\"color: #1e293b;\">Email:<\/strong> <a style=\"color: #059669; text-decoration: none; font-weight: bold;\" href=\"mailto:hienhanh@vannangvn.com\">hienhanh@vannangvn.com<\/a><\/p>\n<\/div><\/h1>","protected":false},"excerpt":{"rendered":"<p><strong>Th&#432;&#417;ng hi&#7879;u:<\/strong> Wewon Environmental Chambers<br>\nWewon WEW-OZ-100L-A l&agrave; thi&#7871;t b&#7883; ki&#7875;m tra kh&#7843; n&#259;ng ch&#7889;ng l&atilde;o h&oacute;a c&#7911;a cao su v&agrave; nh&#7921;a. Bu&#7891;ng 100L, n&#7891;ng &#273;&#7897; 10-3000 pphm, m&ocirc; ph&#7887;ng v&agrave; t&#259;ng c&#432;&#7901;ng ozone kh&iacute; quy&#7875;n, gi&uacute;p &#273;&aacute;nh gi&aacute; nhanh &#273;&#7897; b&#7873;n v&#7853;t li&#7879;u.<br>\n<strong>Model:<\/strong> WEW-OZ-100L-A<p>Product <strong>T&#7910; TH&#7916; NGHI&#7878;M L&Atilde;O H&Oacute;A OZONE WEWON MODEL WEW-OZ-100L-A<\/strong> ch&iacute;nh h&atilde;ng. Wewon Environmental Chambers (China)<br>\nWewon WEW-OZ-100L-A l&agrave; thi&#7871;t b&#7883; ki&#7875;m tra kh&#7843; n&#259;ng ch&#7889;ng l&atilde;o h&oacute;a c&#7911;a cao su v&agrave; nh&#7921;a. Bu&#7891;ng 100L, n&#7891;ng &#273;&#7897; 10-3000 pphm, m&ocirc; ph&#7887;ng v&agrave; t&#259;ng c&#432;&#7901;ng ozone kh&iacute; quy&#7875;n, gi&uacute;p &#273;&aacute;nh gi&aacute; nhanh &#273;&#7897; b&#7873;n v&#7853;t li&#7879;u.<\/p><\/p>","protected":false},"featured_media":8988,"comment_status":"open","ping_status":"closed","template":"","meta":[],"product_brand":[],"product_cat":[18],"product_tag":[162,510,527,3756,3870,3871,116,120,122],"class_list":{"0":"post-8293","1":"product","2":"type-product","3":"status-publish","4":"has-post-thumbnail","6":"product_cat-chua-phan-loai","7":"product_tag-tu","8":"product_tag-lao","9":"product_tag-nghiem","10":"product_tag-wewon","11":"product_tag-ozone","12":"product_tag-wew-oz-100l-a","13":"product_tag-model","14":"product_tag-thu","15":"product_tag-hoa","17":"first","18":"instock","19":"shipping-taxable","20":"product-type-simple"},"yoast_head":"<!-- This site is optimized with the Yoast SEO Premium plugin v24.8 (Yoast SEO v24.8) - https:\/\/yoast.com\/wordpress\/plugins\/seo\/ -->\n<title>T\u1ee6 TH\u1eec NGHI\u1ec6M L\u00c3O H\u00d3A OZONE WEWON M... ch\u00ednh h\u00e3ng | V\u1ea1n N\u0103ng<\/title>\n<meta name=\"description\" content=\"Mua ngay T\u1ee6 TH\u1eec NGHI\u1ec6M L\u00c3O H\u00d3A OZONE WEWON MODEL WEW-OZ-100L-A ch\u00ednh h\u00e3ng. Wewon WEW-OZ-100L-A l\u00e0 thi\u1ebft b\u1ecb ki\u1ec3m tra kh\u1ea3 n\u0103ng ch\u1ed1ng... Gi\u00e1 t\u1ed1t!\" \/>\n<meta name=\"robots\" content=\"noindex, follow, max-snippet:-1, max-image-preview:large, max-video-preview:-1\" \/>\n<meta property=\"og:locale\" content=\"en_US\" \/>\n<meta property=\"og:type\" content=\"article\" \/>\n<meta property=\"og:title\" content=\"T\u1ee6 TH\u1eec NGHI\u1ec6M L\u00c3O H\u00d3A OZONE WEWON MODEL WEW-OZ-100L-A\" \/>\n<meta property=\"og:description\" content=\"Mua ngay T\u1ee6 TH\u1eec NGHI\u1ec6M L\u00c3O H\u00d3A OZONE WEWON MODEL WEW-OZ-100L-A ch\u00ednh h\u00e3ng. Wewon WEW-OZ-100L-A l\u00e0 thi\u1ebft b\u1ecb ki\u1ec3m tra kh\u1ea3 n\u0103ng ch\u1ed1ng... Gi\u00e1 t\u1ed1t!\" \/>\n<meta property=\"og:url\" content=\"https:\/\/vannangvn.123websitedev.com\/en\/product\/tu-thu-nghiem-lao-hoa-ozone-wewon-model-wew-oz-100l-a\/\" \/>\n<meta property=\"og:site_name\" content=\"Vannang.vn\" \/>\n<meta property=\"article:modified_time\" content=\"2026-03-30T12:03:15+00:00\" \/>\n<meta property=\"og:image\" content=\"http:\/\/vannangvn.123websitedev.com\/wp-content\/uploads\/2026\/03\/Tu-Thu-Nghiem-Lao-Hoa-Ozone-Ozone-Chamber-Wewon-Model-WEW-OZ-100L-A-768x576-copy.jpg\" \/>\n\t<meta property=\"og:image:width\" content=\"768\" \/>\n\t<meta property=\"og:image:height\" content=\"576\" \/>\n\t<meta property=\"og:image:type\" content=\"image\/jpeg\" \/>\n<meta name=\"twitter:card\" content=\"summary_large_image\" \/>\n<meta name=\"twitter:label1\" content=\"Est. reading time\" \/>\n\t<meta name=\"twitter:data1\" content=\"4 minutes\" \/>\n<script type=\"application\/ld+json\" class=\"yoast-schema-graph\">{\"@context\":\"https:\/\/schema.org\",\"@graph\":[{\"@type\":\"WebPage\",\"@id\":\"https:\/\/vannangvn.123websitedev.com\/san-pham\/tu-thu-nghiem-lao-hoa-ozone-wewon-model-wew-oz-100l-a\/\",\"url\":\"https:\/\/vannangvn.123websitedev.com\/san-pham\/tu-thu-nghiem-lao-hoa-ozone-wewon-model-wew-oz-100l-a\/\",\"name\":\"T\u1ee6 TH\u1eec NGHI\u1ec6M L\u00c3O H\u00d3A OZONE WEWON M... ch\u00ednh h\u00e3ng | V\u1ea1n N\u0103ng\",\"isPartOf\":{\"@id\":\"https:\/\/vannangvn.123websitedev.com\/#website\"},\"primaryImageOfPage\":{\"@id\":\"https:\/\/vannangvn.123websitedev.com\/san-pham\/tu-thu-nghiem-lao-hoa-ozone-wewon-model-wew-oz-100l-a\/#primaryimage\"},\"image\":{\"@id\":\"https:\/\/vannangvn.123websitedev.com\/san-pham\/tu-thu-nghiem-lao-hoa-ozone-wewon-model-wew-oz-100l-a\/#primaryimage\"},\"thumbnailUrl\":\"https:\/\/vannangvn.123websitedev.com\/wp-content\/uploads\/2026\/03\/Tu-Thu-Nghiem-Lao-Hoa-Ozone-Ozone-Chamber-Wewon-Model-WEW-OZ-100L-A-768x576-copy.jpg\",\"datePublished\":\"2026-03-20T12:21:00+00:00\",\"dateModified\":\"2026-03-30T12:03:15+00:00\",\"description\":\"Mua ngay T\u1ee6 TH\u1eec NGHI\u1ec6M L\u00c3O H\u00d3A OZONE WEWON MODEL WEW-OZ-100L-A ch\u00ednh h\u00e3ng. Wewon WEW-OZ-100L-A l\u00e0 thi\u1ebft b\u1ecb ki\u1ec3m tra kh\u1ea3 n\u0103ng ch\u1ed1ng... Gi\u00e1 t\u1ed1t!\",\"breadcrumb\":{\"@id\":\"https:\/\/vannangvn.123websitedev.com\/san-pham\/tu-thu-nghiem-lao-hoa-ozone-wewon-model-wew-oz-100l-a\/#breadcrumb\"},\"inLanguage\":\"en-US\",\"potentialAction\":[{\"@type\":\"ReadAction\",\"target\":[\"https:\/\/vannangvn.123websitedev.com\/san-pham\/tu-thu-nghiem-lao-hoa-ozone-wewon-model-wew-oz-100l-a\/\"]}]},{\"@type\":\"ImageObject\",\"inLanguage\":\"en-US\",\"@id\":\"https:\/\/vannangvn.123websitedev.com\/san-pham\/tu-thu-nghiem-lao-hoa-ozone-wewon-model-wew-oz-100l-a\/#primaryimage\",\"url\":\"https:\/\/vannangvn.123websitedev.com\/wp-content\/uploads\/2026\/03\/Tu-Thu-Nghiem-Lao-Hoa-Ozone-Ozone-Chamber-Wewon-Model-WEW-OZ-100L-A-768x576-copy.jpg\",\"contentUrl\":\"https:\/\/vannangvn.123websitedev.com\/wp-content\/uploads\/2026\/03\/Tu-Thu-Nghiem-Lao-Hoa-Ozone-Ozone-Chamber-Wewon-Model-WEW-OZ-100L-A-768x576-copy.jpg\",\"width\":768,\"height\":576},{\"@type\":\"BreadcrumbList\",\"@id\":\"https:\/\/vannangvn.123websitedev.com\/san-pham\/tu-thu-nghiem-lao-hoa-ozone-wewon-model-wew-oz-100l-a\/#breadcrumb\",\"itemListElement\":[{\"@type\":\"ListItem\",\"position\":1,\"name\":\"Trang ch\u1ee7\",\"item\":\"https:\/\/vannangvn.123websitedev.com\/\"},{\"@type\":\"ListItem\",\"position\":2,\"name\":\"S\u1ea3n ph\u1ea9m\",\"item\":\"https:\/\/vannangvn.123websitedev.com\/cua-hang\/\"},{\"@type\":\"ListItem\",\"position\":3,\"name\":\"T\u1ee6 TH\u1eec NGHI\u1ec6M L\u00c3O H\u00d3A OZONE WEWON MODEL WEW-OZ-100L-A\"}]},{\"@type\":\"WebSite\",\"@id\":\"https:\/\/vannangvn.123websitedev.com\/#website\",\"url\":\"https:\/\/vannangvn.123websitedev.com\/\",\"name\":\"Vannang.vn\",\"description\":\"\",\"publisher\":{\"@id\":\"https:\/\/vannangvn.123websitedev.com\/#organization\"},\"potentialAction\":[{\"@type\":\"SearchAction\",\"target\":{\"@type\":\"EntryPoint\",\"urlTemplate\":\"https:\/\/vannangvn.123websitedev.com\/?s={search_term_string}\"},\"query-input\":{\"@type\":\"PropertyValueSpecification\",\"valueRequired\":true,\"valueName\":\"search_term_string\"}}],\"inLanguage\":\"en-US\"},{\"@type\":\"Organization\",\"@id\":\"https:\/\/vannangvn.123websitedev.com\/#organization\",\"name\":\"Vannang.vn\",\"url\":\"https:\/\/vannangvn.123websitedev.com\/\",\"logo\":{\"@type\":\"ImageObject\",\"inLanguage\":\"en-US\",\"@id\":\"https:\/\/vannangvn.123websitedev.com\/#\/schema\/logo\/image\/\",\"url\":\"https:\/\/vannangvn.123websitedev.com\/wp-content\/uploads\/2026\/02\/logo-van-nang-02.png\",\"contentUrl\":\"https:\/\/vannangvn.123websitedev.com\/wp-content\/uploads\/2026\/02\/logo-van-nang-02.png\",\"width\":448,\"height\":111,\"caption\":\"Vannang.vn\"},\"image\":{\"@id\":\"https:\/\/vannangvn.123websitedev.com\/#\/schema\/logo\/image\/\"}}]}<\/script>\n<!-- \/ Yoast SEO Premium plugin. -->","yoast_head_json":{"title":"T\u1ee6 TH\u1eec NGHI\u1ec6M L\u00c3O H\u00d3A OZONE WEWON M... ch\u00ednh h\u00e3ng | V\u1ea1n N\u0103ng","description":"Mua ngay T\u1ee6 TH\u1eec NGHI\u1ec6M L\u00c3O H\u00d3A OZONE WEWON MODEL WEW-OZ-100L-A ch\u00ednh h\u00e3ng. Wewon WEW-OZ-100L-A l\u00e0 thi\u1ebft b\u1ecb ki\u1ec3m tra kh\u1ea3 n\u0103ng ch\u1ed1ng... Gi\u00e1 t\u1ed1t!","robots":{"index":"noindex","follow":"follow","max-snippet":"max-snippet:-1","max-image-preview":"max-image-preview:large","max-video-preview":"max-video-preview:-1"},"og_locale":"en_US","og_type":"article","og_title":"T\u1ee6 TH\u1eec NGHI\u1ec6M L\u00c3O H\u00d3A OZONE WEWON MODEL WEW-OZ-100L-A","og_description":"Mua ngay T\u1ee6 TH\u1eec NGHI\u1ec6M L\u00c3O H\u00d3A OZONE WEWON MODEL WEW-OZ-100L-A ch\u00ednh h\u00e3ng. Wewon WEW-OZ-100L-A l\u00e0 thi\u1ebft b\u1ecb ki\u1ec3m tra kh\u1ea3 n\u0103ng ch\u1ed1ng... Gi\u00e1 t\u1ed1t!","og_url":"https:\/\/vannangvn.123websitedev.com\/en\/product\/tu-thu-nghiem-lao-hoa-ozone-wewon-model-wew-oz-100l-a\/","og_site_name":"Vannang.vn","article_modified_time":"2026-03-30T12:03:15+00:00","og_image":[{"width":768,"height":576,"url":"http:\/\/vannangvn.123websitedev.com\/wp-content\/uploads\/2026\/03\/Tu-Thu-Nghiem-Lao-Hoa-Ozone-Ozone-Chamber-Wewon-Model-WEW-OZ-100L-A-768x576-copy.jpg","type":"image\/jpeg"}],"twitter_card":"summary_large_image","twitter_misc":{"Est. reading time":"4 minutes"},"schema":{"@context":"https:\/\/schema.org","@graph":[{"@type":"WebPage","@id":"https:\/\/vannangvn.123websitedev.com\/san-pham\/tu-thu-nghiem-lao-hoa-ozone-wewon-model-wew-oz-100l-a\/","url":"https:\/\/vannangvn.123websitedev.com\/san-pham\/tu-thu-nghiem-lao-hoa-ozone-wewon-model-wew-oz-100l-a\/","name":"T\u1ee6 TH\u1eec NGHI\u1ec6M L\u00c3O H\u00d3A OZONE WEWON M... ch\u00ednh h\u00e3ng | V\u1ea1n N\u0103ng","isPartOf":{"@id":"https:\/\/vannangvn.123websitedev.com\/#website"},"primaryImageOfPage":{"@id":"https:\/\/vannangvn.123websitedev.com\/san-pham\/tu-thu-nghiem-lao-hoa-ozone-wewon-model-wew-oz-100l-a\/#primaryimage"},"image":{"@id":"https:\/\/vannangvn.123websitedev.com\/san-pham\/tu-thu-nghiem-lao-hoa-ozone-wewon-model-wew-oz-100l-a\/#primaryimage"},"thumbnailUrl":"https:\/\/vannangvn.123websitedev.com\/wp-content\/uploads\/2026\/03\/Tu-Thu-Nghiem-Lao-Hoa-Ozone-Ozone-Chamber-Wewon-Model-WEW-OZ-100L-A-768x576-copy.jpg","datePublished":"2026-03-20T12:21:00+00:00","dateModified":"2026-03-30T12:03:15+00:00","description":"Mua ngay T\u1ee6 TH\u1eec NGHI\u1ec6M L\u00c3O H\u00d3A OZONE WEWON MODEL WEW-OZ-100L-A ch\u00ednh h\u00e3ng. Wewon WEW-OZ-100L-A l\u00e0 thi\u1ebft b\u1ecb ki\u1ec3m tra kh\u1ea3 n\u0103ng ch\u1ed1ng... Gi\u00e1 t\u1ed1t!","breadcrumb":{"@id":"https:\/\/vannangvn.123websitedev.com\/san-pham\/tu-thu-nghiem-lao-hoa-ozone-wewon-model-wew-oz-100l-a\/#breadcrumb"},"inLanguage":"en-US","potentialAction":[{"@type":"ReadAction","target":["https:\/\/vannangvn.123websitedev.com\/san-pham\/tu-thu-nghiem-lao-hoa-ozone-wewon-model-wew-oz-100l-a\/"]}]},{"@type":"ImageObject","inLanguage":"en-US","@id":"https:\/\/vannangvn.123websitedev.com\/san-pham\/tu-thu-nghiem-lao-hoa-ozone-wewon-model-wew-oz-100l-a\/#primaryimage","url":"https:\/\/vannangvn.123websitedev.com\/wp-content\/uploads\/2026\/03\/Tu-Thu-Nghiem-Lao-Hoa-Ozone-Ozone-Chamber-Wewon-Model-WEW-OZ-100L-A-768x576-copy.jpg","contentUrl":"https:\/\/vannangvn.123websitedev.com\/wp-content\/uploads\/2026\/03\/Tu-Thu-Nghiem-Lao-Hoa-Ozone-Ozone-Chamber-Wewon-Model-WEW-OZ-100L-A-768x576-copy.jpg","width":768,"height":576},{"@type":"BreadcrumbList","@id":"https:\/\/vannangvn.123websitedev.com\/san-pham\/tu-thu-nghiem-lao-hoa-ozone-wewon-model-wew-oz-100l-a\/#breadcrumb","itemListElement":[{"@type":"ListItem","position":1,"name":"Trang ch\u1ee7","item":"https:\/\/vannangvn.123websitedev.com\/"},{"@type":"ListItem","position":2,"name":"S\u1ea3n ph\u1ea9m","item":"https:\/\/vannangvn.123websitedev.com\/cua-hang\/"},{"@type":"ListItem","position":3,"name":"T\u1ee6 TH\u1eec NGHI\u1ec6M L\u00c3O H\u00d3A OZONE WEWON MODEL WEW-OZ-100L-A"}]},{"@type":"WebSite","@id":"https:\/\/vannangvn.123websitedev.com\/#website","url":"https:\/\/vannangvn.123websitedev.com\/","name":"Vannang.vn","description":"","publisher":{"@id":"https:\/\/vannangvn.123websitedev.com\/#organization"},"potentialAction":[{"@type":"SearchAction","target":{"@type":"EntryPoint","urlTemplate":"https:\/\/vannangvn.123websitedev.com\/?s={search_term_string}"},"query-input":{"@type":"PropertyValueSpecification","valueRequired":true,"valueName":"search_term_string"}}],"inLanguage":"en-US"},{"@type":"Organization","@id":"https:\/\/vannangvn.123websitedev.com\/#organization","name":"Vannang.vn","url":"https:\/\/vannangvn.123websitedev.com\/","logo":{"@type":"ImageObject","inLanguage":"en-US","@id":"https:\/\/vannangvn.123websitedev.com\/#\/schema\/logo\/image\/","url":"https:\/\/vannangvn.123websitedev.com\/wp-content\/uploads\/2026\/02\/logo-van-nang-02.png","contentUrl":"https:\/\/vannangvn.123websitedev.com\/wp-content\/uploads\/2026\/02\/logo-van-nang-02.png","width":448,"height":111,"caption":"Vannang.vn"},"image":{"@id":"https:\/\/vannangvn.123websitedev.com\/#\/schema\/logo\/image\/"}}]}},"_links":{"self":[{"href":"https:\/\/vannangvn.123websitedev.com\/en\/wp-json\/wp\/v2\/product\/8293","targetHints":{"allow":["GET"]}}],"collection":[{"href":"https:\/\/vannangvn.123websitedev.com\/en\/wp-json\/wp\/v2\/product"}],"about":[{"href":"https:\/\/vannangvn.123websitedev.com\/en\/wp-json\/wp\/v2\/types\/product"}],"replies":[{"embeddable":true,"href":"https:\/\/vannangvn.123websitedev.com\/en\/wp-json\/wp\/v2\/comments?post=8293"}],"wp:featuredmedia":[{"embeddable":true,"href":"https:\/\/vannangvn.123websitedev.com\/en\/wp-json\/wp\/v2\/media\/8988"}],"wp:attachment":[{"href":"https:\/\/vannangvn.123websitedev.com\/en\/wp-json\/wp\/v2\/media?parent=8293"}],"wp:term":[{"taxonomy":"product_brand","embeddable":true,"href":"https:\/\/vannangvn.123websitedev.com\/en\/wp-json\/wp\/v2\/product_brand?post=8293"},{"taxonomy":"product_cat","embeddable":true,"href":"https:\/\/vannangvn.123websitedev.com\/en\/wp-json\/wp\/v2\/product_cat?post=8293"},{"taxonomy":"product_tag","embeddable":true,"href":"https:\/\/vannangvn.123websitedev.com\/en\/wp-json\/wp\/v2\/product_tag?post=8293"}],"curies":[{"name":"wp","href":"https:\/\/api.w.org\/{rel}","templated":true}]}}