{"id":8296,"date":"2026-03-20T19:21:04","date_gmt":"2026-03-20T12:21:04","guid":{"rendered":"https:\/\/vannangvn.123websitedev.com\/san-pham\/tu-thu-nghiem-moi-truong-de-ban-wewon-model-wew-23l-tc\/"},"modified":"2026-03-30T19:03:21","modified_gmt":"2026-03-30T12:03:21","slug":"tu-thu-nghiem-moi-truong-de-ban-wewon-model-wew-23l-tc","status":"publish","type":"product","link":"https:\/\/vannangvn.123websitedev.com\/en\/product\/tu-thu-nghiem-moi-truong-de-ban-wewon-model-wew-23l-tc\/","title":{"rendered":"T\u1ee6 TH\u1eec NGHI\u1ec6M M\u00d4I TR\u01af\u1edcNG \u0110\u1ec2 B\u00c0N WEWON MODEL WEW-23L-TC"},"content":{"rendered":"<h1 style=\"color: red; font-weight: bold; font-size: 24px;\">T&#7893;ng quan s&#7843;n ph&#7849;m T&#7910; TH&#7916; NGHI&#7878;M M&Ocirc;I TR&#431;&#7900;NG &#272;&#7874; B&Agrave;N WEWON MODEL WEW-23L-TC<p>T&#7911; Th&#7917; Nghi&#7879;m M&ocirc;i Tr&#432;&#7901;ng &#272;&#7875; B&agrave;n (Benchtop Environmental Chamber) Wewon Model WEW-23L-TC<\/p><p>WEW-23L-TC<br>\nWewon WEW-23L-TC l&agrave; thi&#7871;t b&#7883; th&#7917; nghi&#7879;m m&ocirc;i tr&#432;&#7901;ng mini &#273;&#7875; b&agrave;n v&#7899;i dung t&iacute;ch 23 l&iacute;t, ph&ugrave; h&#7907;p cho c&aacute;c ph&ograve;ng th&iacute; nghi&#7879;m c&oacute; kh&ocirc;ng gian h&#7841;n ch&#7871;. K&iacute;ch th&#432;&#7899;c bu&#7891;ng th&#7917;: 300 &times; 250 &times; 300 mm (R &times; S &times; C), v&agrave; c&oacute; th&#7875; t&ugrave;y ch&#7881;nh k&iacute;ch th&#432;&#7899;c 300 &times; 300 &times; 300 mm theo y&ecirc;u c&#7847;u kh&aacute;ch h&agrave;ng. Trong qu&aacute; tr&igrave;nh v&#7853;n h&agrave;nh, &#273;&#7897; &#7891;n c&#7911;a thi&#7871;t b&#7883; kh&ocirc;ng v&#432;&#7907;t qu&aacute; 50 dB, cho ph&eacute;p &#273;&#7863;t ngay tr&ecirc;n b&agrave;n l&agrave;m vi&#7879;c c&#7911;a k&#7929; s&#432; &#273;&#7875; thu&#7853;n ti&#7879;n quan s&aacute;t m&#7851;u th&#7917;.<br>\nKh&#7843; n&#259;ng th&#7917; nghi&#7879;m nhi&#7879;t &#273;&#7897; v&agrave; &#273;&#7897; &#7849;m<\/p><p>T&#7911; c&oacute; th&#7875; th&#7921;c hi&#7879;n c&#7843; th&#7917; nghi&#7879;m nhi&#7879;t &#273;&#7897; v&agrave; &#273;&#7897; &#7849;m c&ugrave;ng l&uacute;c.<br>\nDung t&iacute;ch nh&#7887; g&#7885;n 23L &ndash; 27L &#273;&#432;&#7907;c th&#7883; tr&#432;&#7901;ng M&#7929;, Canada, Nga &#432;a chu&#7897;ng, v&#7899;i 8 thi&#7871;t b&#7883; &#273;&atilde; &#273;&#432;&#7907;c xu&#7845;t kh&#7849;u trong 6 th&aacute;ng g&#7847;n &#273;&acirc;y.<br>\nL&agrave; s&#7843;n ph&#7849;m m&#7899;i do Wewon Tech ph&aacute;t tri&#7875;n &#273;&#7897;c l&#7853;p, &#273;&atilde; n&#7897;p &#273;&#417;n xin 2 b&#7857;ng s&aacute;ng ch&#7871; qu&#7889;c gia.<\/p><p>C&ocirc;ng nh&#7853;n qu&#7889;c t&#7871; &ndash; Hi&#7879;u su&#7845;t ti&ecirc;n ti&#7871;n<\/p><p>Thi&#7871;t b&#7883; &#273;&#432;&#7907;c &#273;&aacute;nh gi&aacute; t&#7841;i Tri&#7875;n l&atilde;m Qu&#7889;c t&#7871; B&aacute;n d&#7851;n Th&acirc;m Quy&#7871;n 2019, &#273;&#432;&#7907;c x&aacute;c nh&#7853;n l&agrave; &ldquo;Hi&#7879;u su&#7845;t ch&iacute;nh &#273;&#7841;t tr&igrave;nh &#273;&#7897; ti&ecirc;n ti&#7871;n qu&#7889;c t&#7871;&rdquo;.<br>\n&#7912;ng d&#7909;ng r&#7897;ng r&atilde;i trong c&aacute;c ng&agrave;nh &ocirc; t&ocirc;, x&acirc;y d&#7921;ng, c&#417; kh&iacute;, &#273;i&#7879;n t&#7917;, &#273;&#7863;c bi&#7879;t ph&ugrave; h&#7907;p cho nghi&ecirc;n c&#7913;u keo PUR v&#7899;i &#273;&#7863;c t&iacute;nh b&aacute;m d&iacute;nh cao, ch&#7889;ng nhi&#7879;t v&agrave; b&#7873;n b&#7881;.<\/p><p>H&#432;&#7899;ng d&#7851;n l&#7855;p &#273;&#7863;t v&agrave; v&#7853;n h&agrave;nh<br>\nV&#7883; tr&iacute; l&#7855;p &#273;&#7863;t: N&#417;i &iacute;t b&#7909;i, th&ocirc;ng gi&oacute; t&#7889;t, tr&aacute;nh m&ocirc;i tr&#432;&#7901;ng tr&ecirc;n 30&deg;C &#273;&#7875; kh&ocirc;ng l&agrave;m gi&#7843;m hi&#7879;u qu&#7843; l&agrave;m l&#7841;nh ho&#7863;c g&acirc;y c&#7843;nh b&aacute;o &aacute;p su&#7845;t cao.<br>\nKho&#7843;ng c&aacute;ch an to&agrave;n: C&aacute;ch t&#432;&#7901;ng ho&#7863;c thi&#7871;t b&#7883; kh&aacute;c &iacute;t nh&#7845;t 60 cm &#273;&#7875; &#273;&#7843;m b&#7843;o t&#7843;n nhi&#7879;t v&agrave; d&#7877; thao t&aacute;c.<br>\nC&#7889; &#273;&#7883;nh v&agrave; c&acirc;n ch&#7881;nh:<\/p><p>Trang b&#7883; ch&acirc;n &#273;&#7871; c&#7889; &#273;&#7883;nh v&agrave; b&aacute;nh xe gi&uacute;p d&#7877; d&agrave;ng di chuy&#7875;n v&agrave; c&acirc;n b&#7857;ng.<br>\nS&#7917; d&#7909;ng th&#432;&#7899;c th&#7911;y &#273;&#7875; &#273;&#7843;m b&#7843;o thi&#7871;t b&#7883; &#273;&#432;&#7907;c &#273;&#7863;t c&acirc;n b&#7857;ng tr&#432;&#7899;c khi v&#7853;n h&agrave;nh.<\/p><p>H&#7879; th&#7889;ng tho&aacute;t n&#432;&#7899;c:<\/p><p>Kh&ocirc;ng x&#7843; tr&#7921;c ti&#7871;p ra ngo&agrave;i.<br>\nC&oacute; th&#7875; n&#7889;i v&#7899;i &#7889;ng tho&aacute;t ch&iacute;nh ho&#7863;c b&igrave;nh ch&#7913;a ri&ecirc;ng (th&#7845;p h&#417;n mi&#7879;ng x&#7843;), c&#7847;n &#273;&#7893; b&#7887; &#273;&#7883;nh k&#7923;.<\/p><p>T&iacute;nh linh ho&#7841;t v&agrave; ti&#7879;n d&#7909;ng<\/p><p>Thi&#7871;t b&#7883; d&#7877; d&agrave;ng &#273;i&#7873;u ch&#7881;nh &#273;&#7897; cao b&#7857;ng c&aacute;ch xoay ch&acirc;n c&#7889; &#273;&#7883;nh.<br>\nKhi di chuy&#7875;n, n&#7899;i l&#7887;ng &#273;ai &#7889;c kh&oacute;a &#273;&#7875; d&#7877; d&agrave;ng n&acirc;ng ho&#7863;c h&#7841; ch&acirc;n &#273;&#7871;.<br>\nThi&#7871;t k&#7871; nh&#7887; g&#7885;n gi&uacute;p ti&#7871;t ki&#7879;m kh&ocirc;ng gian, ph&ugrave; h&#7907;p &#273;&#7863;t t&#7841;i b&agrave;n l&agrave;m vi&#7879;c cho ki&#7875;m tra s&#7843;n ph&#7849;m nhanh ch&oacute;ng.<\/p><p>Wewon WEW-23L-TC Benchtop Environmental Chamber l&agrave; l&#7921;a ch&#7885;n t&#7889;i &#432;u cho c&aacute;c ph&ograve;ng th&iacute; nghi&#7879;m v&agrave; nh&agrave; s&#7843;n xu&#7845;t c&#7847;n thi&#7871;t b&#7883; ki&#7875;m tra nhi&#7879;t &#273;&#7897; &ndash; &#273;&#7897; &#7849;m nh&#7887; g&#7885;n, y&ecirc;n t&#297;nh v&agrave; &#273;&#7841;t chu&#7849;n qu&#7889;c t&#7871;, h&#7895; tr&#7907; n&acirc;ng cao ch&#7845;t l&#432;&#7907;ng v&agrave; &#273;&#7897; tin c&#7853;y s&#7843;n ph&#7849;m trong qu&aacute; tr&igrave;nh nghi&ecirc;n c&#7913;u v&agrave; ph&aacute;t tri&#7875;n. H&atilde;y li&ecirc;n h&#7879; v&#7899;i V&#7841;n N&#259;ng Company ngay &#273;&#7875; &#273;&#432;&#7907;c t&#432; v&#7845;n chuy&ecirc;n s&acirc;u v&agrave; nh&#7853;n c&aacute;c &#432;u &#273;&atilde;i h&#7845;p d&#7851;n nh&#7845;t th&ocirc;ng qua hotline\/zalo: <a href=\"https:\/\/zalo.me\/0903991335\" target=\"_blank\" rel=\"noopener\" style=\"color: #059669; font-weight: bold; text-decoration: none;\">0903 991 335<\/a>!<\/p><div style=\"background-color: #f8fafc; border: 1px solid #e2e8f0; border-radius: 8px; padding: 25px; max-width: 800px; margin: 30px auto; color: #334155; line-height: 1.8; font-size: 17px; box-shadow: 0 4px 6px -1px rgba(0,0,0,0.05); text-align: left; clear: both;\">\nC&ocirc;ng ty TNHH Th&#432;&#417;ng M&#7841;i D&#7883;ch V&#7909; Thi&#7871;t B&#7883; C&ocirc;ng Ngh&#7879; V&#7841;n N&#259;ng\n<p style=\"margin: 0 0 10px 0;\">&#128205; <strong style=\"color: #1e293b;\">&#272;&#7883;a ch&#7881;:<\/strong> <a style=\"color: #059669; text-decoration: none; font-weight: bold;\" href=\"https:\/\/www.google.com\/maps\/search\/C%C3%B4ng+ty+TNHH+Th%C6%B0%C6%A1ng+M%E1%BA%A1i+D%E1%BB%8Bch+V%E1%BB%A5+Thi%E1%BA%BFt+B%E1%BB%8B+C%C3%B4ng+Ngh%E1%BB%87+V%E1%BA%A1n+N%C4%83ng+818+Tr%C6%B0%E1%BB%9Dng+Chinh\" target=\"_blank\" rel=\"noopener\">818 Tr&#432;&#7901;ng Chinh, Ph&#432;&#7901;ng T&acirc;n S&#417;n, Th&agrave;nh ph&#7889; H&#7891; Ch&iacute; Minh, Vi&#7879;t Nam<\/a><\/p>\n<p style=\"margin: 0 0 10px 0;\">&#128222; <strong style=\"color: #1e293b;\">S&#272;T &ndash; Zalo:<\/strong> <a style=\"color: #059669; text-decoration: none; font-weight: bold;\" href=\"https:\/\/zalo.me\/0903991335\" target=\"_blank\" rel=\"noopener\">0903 991 335<\/a> <span style=\"color: #64748b; font-style: italic;\">(Ms. H&#7841;nh &ndash; Gi&aacute;m &#272;&#7889;c Kinh Doanh)<\/span><\/p>\n<p style=\"margin: 0;\">&#9993;&#65039; <strong style=\"color: #1e293b;\">Email:<\/strong> <a style=\"color: #059669; text-decoration: none; font-weight: bold;\" href=\"mailto:hienhanh@vannangvn.com\">hienhanh@vannangvn.com<\/a><\/p>\n<\/div><\/h1>","protected":false},"excerpt":{"rendered":"<p><strong>Th&#432;&#417;ng hi&#7879;u:<\/strong> Wewon Environmental Chambers<br>\n<strong>Model:<\/strong> WEW-23L-TC<p>Product <strong>T&#7910; TH&#7916; NGHI&#7878;M M&Ocirc;I TR&#431;&#7900;NG &#272;&#7874; B&Agrave;N WEWON MODEL WEW-23L-TC<\/strong> ch&iacute;nh h&atilde;ng. Wewon Environmental Chambers (China)<br>\nT&#7911; Th&#7917; M&ocirc;i Tr&#432;&#7901;ng &#272;&#7875; B&agrave;n Wewon WEW-23L-TC c&oacute; dung t&iacute;ch 23L, &#273;&#7897; &#7891;n d&#432;&#7899;i 50 dB. Thi&#7871;t k&#7871; nh&#7887; g&#7885;n, ph&ugrave; h&#7907;p cho kh&ocirc;ng gian h&#7841;n ch&#7871;, d&#7877; d&agrave;ng th&#7917; nghi&#7879;m nhi&#7879;t &#273;&#7897; v&agrave; &#273;&#7897; &#7849;m cho c&aacute;c s&#7843;n ph&#7849;m nh&#7887;.<\/p><\/p>","protected":false},"featured_media":8990,"comment_status":"open","ping_status":"closed","template":"","meta":[],"product_brand":[],"product_cat":[18],"product_tag":[118,120,162,256,511,512,527,3756,3874,116],"class_list":{"0":"post-8296","1":"product","2":"type-product","3":"status-publish","4":"has-post-thumbnail","6":"product_cat-chua-phan-loai","7":"product_tag-ban","8":"product_tag-thu","9":"product_tag-tu","10":"product_tag-de","11":"product_tag-moi","12":"product_tag-truong","13":"product_tag-nghiem","14":"product_tag-wewon","15":"product_tag-wew-23l-tc","16":"product_tag-model","18":"first","19":"instock","20":"shipping-taxable","21":"product-type-simple"},"yoast_head":"<!-- This site is optimized with the Yoast SEO Premium plugin v24.8 (Yoast SEO v24.8) - https:\/\/yoast.com\/wordpress\/plugins\/seo\/ -->\n<title>T\u1ee6 TH\u1eec NGHI\u1ec6M M\u00d4I TR\u01af\u1edcNG \u0110\u1ec2 B\u00c0N WEW... ch\u00ednh h\u00e3ng | V\u1ea1n N\u0103ng<\/title>\n<meta name=\"description\" content=\"Mua ngay T\u1ee6 TH\u1eec NGHI\u1ec6M M\u00d4I TR\u01af\u1edcNG \u0110\u1ec2 B\u00c0N WEWON MODEL WEW-23L-TC ch\u00ednh h\u00e3ng. T\u1ee7 Th\u1eed M\u00f4i Tr\u01b0\u1eddng \u0110\u1ec3 B\u00e0n Wewon WEW-23L-TC c\u00f3 dung t\u00edch... Gi\u00e1 t\u1ed1t!\" \/>\n<meta name=\"robots\" content=\"noindex, follow, max-snippet:-1, max-image-preview:large, max-video-preview:-1\" \/>\n<meta property=\"og:locale\" content=\"en_US\" \/>\n<meta property=\"og:type\" content=\"article\" \/>\n<meta property=\"og:title\" content=\"T\u1ee6 TH\u1eec NGHI\u1ec6M M\u00d4I TR\u01af\u1edcNG \u0110\u1ec2 B\u00c0N WEWON MODEL WEW-23L-TC\" \/>\n<meta property=\"og:description\" content=\"Mua ngay T\u1ee6 TH\u1eec NGHI\u1ec6M M\u00d4I TR\u01af\u1edcNG \u0110\u1ec2 B\u00c0N WEWON MODEL WEW-23L-TC ch\u00ednh h\u00e3ng. T\u1ee7 Th\u1eed M\u00f4i Tr\u01b0\u1eddng \u0110\u1ec3 B\u00e0n Wewon WEW-23L-TC c\u00f3 dung t\u00edch... Gi\u00e1 t\u1ed1t!\" \/>\n<meta property=\"og:url\" content=\"https:\/\/vannangvn.123websitedev.com\/en\/product\/tu-thu-nghiem-moi-truong-de-ban-wewon-model-wew-23l-tc\/\" \/>\n<meta property=\"og:site_name\" content=\"Vannang.vn\" \/>\n<meta property=\"article:modified_time\" content=\"2026-03-30T12:03:21+00:00\" \/>\n<meta property=\"og:image\" content=\"http:\/\/vannangvn.123websitedev.com\/wp-content\/uploads\/2026\/03\/Tu-Thu-Nghiem-Moi-Truong-De-Ban-Benchtop-Environmental-Chamber-Wewon-Model-WEW-23L-TC-768x576-copy.jpg\" \/>\n\t<meta property=\"og:image:width\" content=\"768\" \/>\n\t<meta property=\"og:image:height\" content=\"576\" \/>\n\t<meta property=\"og:image:type\" content=\"image\/jpeg\" \/>\n<meta name=\"twitter:card\" content=\"summary_large_image\" \/>\n<meta name=\"twitter:label1\" content=\"Est. reading time\" \/>\n\t<meta name=\"twitter:data1\" content=\"4 minutes\" \/>\n<script type=\"application\/ld+json\" class=\"yoast-schema-graph\">{\"@context\":\"https:\/\/schema.org\",\"@graph\":[{\"@type\":\"WebPage\",\"@id\":\"https:\/\/vannangvn.123websitedev.com\/san-pham\/tu-thu-nghiem-moi-truong-de-ban-wewon-model-wew-23l-tc\/\",\"url\":\"https:\/\/vannangvn.123websitedev.com\/san-pham\/tu-thu-nghiem-moi-truong-de-ban-wewon-model-wew-23l-tc\/\",\"name\":\"T\u1ee6 TH\u1eec NGHI\u1ec6M M\u00d4I TR\u01af\u1edcNG \u0110\u1ec2 B\u00c0N WEW... ch\u00ednh h\u00e3ng | V\u1ea1n N\u0103ng\",\"isPartOf\":{\"@id\":\"https:\/\/vannangvn.123websitedev.com\/#website\"},\"primaryImageOfPage\":{\"@id\":\"https:\/\/vannangvn.123websitedev.com\/san-pham\/tu-thu-nghiem-moi-truong-de-ban-wewon-model-wew-23l-tc\/#primaryimage\"},\"image\":{\"@id\":\"https:\/\/vannangvn.123websitedev.com\/san-pham\/tu-thu-nghiem-moi-truong-de-ban-wewon-model-wew-23l-tc\/#primaryimage\"},\"thumbnailUrl\":\"https:\/\/vannangvn.123websitedev.com\/wp-content\/uploads\/2026\/03\/Tu-Thu-Nghiem-Moi-Truong-De-Ban-Benchtop-Environmental-Chamber-Wewon-Model-WEW-23L-TC-768x576-copy.jpg\",\"datePublished\":\"2026-03-20T12:21:04+00:00\",\"dateModified\":\"2026-03-30T12:03:21+00:00\",\"description\":\"Mua ngay T\u1ee6 TH\u1eec NGHI\u1ec6M M\u00d4I TR\u01af\u1edcNG \u0110\u1ec2 B\u00c0N WEWON MODEL WEW-23L-TC ch\u00ednh h\u00e3ng. T\u1ee7 Th\u1eed M\u00f4i Tr\u01b0\u1eddng \u0110\u1ec3 B\u00e0n Wewon WEW-23L-TC c\u00f3 dung t\u00edch... Gi\u00e1 t\u1ed1t!\",\"breadcrumb\":{\"@id\":\"https:\/\/vannangvn.123websitedev.com\/san-pham\/tu-thu-nghiem-moi-truong-de-ban-wewon-model-wew-23l-tc\/#breadcrumb\"},\"inLanguage\":\"en-US\",\"potentialAction\":[{\"@type\":\"ReadAction\",\"target\":[\"https:\/\/vannangvn.123websitedev.com\/san-pham\/tu-thu-nghiem-moi-truong-de-ban-wewon-model-wew-23l-tc\/\"]}]},{\"@type\":\"ImageObject\",\"inLanguage\":\"en-US\",\"@id\":\"https:\/\/vannangvn.123websitedev.com\/san-pham\/tu-thu-nghiem-moi-truong-de-ban-wewon-model-wew-23l-tc\/#primaryimage\",\"url\":\"https:\/\/vannangvn.123websitedev.com\/wp-content\/uploads\/2026\/03\/Tu-Thu-Nghiem-Moi-Truong-De-Ban-Benchtop-Environmental-Chamber-Wewon-Model-WEW-23L-TC-768x576-copy.jpg\",\"contentUrl\":\"https:\/\/vannangvn.123websitedev.com\/wp-content\/uploads\/2026\/03\/Tu-Thu-Nghiem-Moi-Truong-De-Ban-Benchtop-Environmental-Chamber-Wewon-Model-WEW-23L-TC-768x576-copy.jpg\",\"width\":768,\"height\":576},{\"@type\":\"BreadcrumbList\",\"@id\":\"https:\/\/vannangvn.123websitedev.com\/san-pham\/tu-thu-nghiem-moi-truong-de-ban-wewon-model-wew-23l-tc\/#breadcrumb\",\"itemListElement\":[{\"@type\":\"ListItem\",\"position\":1,\"name\":\"Trang ch\u1ee7\",\"item\":\"https:\/\/vannangvn.123websitedev.com\/\"},{\"@type\":\"ListItem\",\"position\":2,\"name\":\"S\u1ea3n ph\u1ea9m\",\"item\":\"https:\/\/vannangvn.123websitedev.com\/cua-hang\/\"},{\"@type\":\"ListItem\",\"position\":3,\"name\":\"T\u1ee6 TH\u1eec NGHI\u1ec6M M\u00d4I TR\u01af\u1edcNG \u0110\u1ec2 B\u00c0N WEWON MODEL WEW-23L-TC\"}]},{\"@type\":\"WebSite\",\"@id\":\"https:\/\/vannangvn.123websitedev.com\/#website\",\"url\":\"https:\/\/vannangvn.123websitedev.com\/\",\"name\":\"Vannang.vn\",\"description\":\"\",\"publisher\":{\"@id\":\"https:\/\/vannangvn.123websitedev.com\/#organization\"},\"potentialAction\":[{\"@type\":\"SearchAction\",\"target\":{\"@type\":\"EntryPoint\",\"urlTemplate\":\"https:\/\/vannangvn.123websitedev.com\/?s={search_term_string}\"},\"query-input\":{\"@type\":\"PropertyValueSpecification\",\"valueRequired\":true,\"valueName\":\"search_term_string\"}}],\"inLanguage\":\"en-US\"},{\"@type\":\"Organization\",\"@id\":\"https:\/\/vannangvn.123websitedev.com\/#organization\",\"name\":\"Vannang.vn\",\"url\":\"https:\/\/vannangvn.123websitedev.com\/\",\"logo\":{\"@type\":\"ImageObject\",\"inLanguage\":\"en-US\",\"@id\":\"https:\/\/vannangvn.123websitedev.com\/#\/schema\/logo\/image\/\",\"url\":\"https:\/\/vannangvn.123websitedev.com\/wp-content\/uploads\/2026\/02\/logo-van-nang-02.png\",\"contentUrl\":\"https:\/\/vannangvn.123websitedev.com\/wp-content\/uploads\/2026\/02\/logo-van-nang-02.png\",\"width\":448,\"height\":111,\"caption\":\"Vannang.vn\"},\"image\":{\"@id\":\"https:\/\/vannangvn.123websitedev.com\/#\/schema\/logo\/image\/\"}}]}<\/script>\n<!-- \/ Yoast SEO Premium plugin. -->","yoast_head_json":{"title":"T\u1ee6 TH\u1eec NGHI\u1ec6M M\u00d4I TR\u01af\u1edcNG \u0110\u1ec2 B\u00c0N WEW... ch\u00ednh h\u00e3ng | V\u1ea1n N\u0103ng","description":"Mua ngay T\u1ee6 TH\u1eec NGHI\u1ec6M M\u00d4I TR\u01af\u1edcNG \u0110\u1ec2 B\u00c0N WEWON MODEL WEW-23L-TC ch\u00ednh h\u00e3ng. T\u1ee7 Th\u1eed M\u00f4i Tr\u01b0\u1eddng \u0110\u1ec3 B\u00e0n Wewon WEW-23L-TC c\u00f3 dung t\u00edch... Gi\u00e1 t\u1ed1t!","robots":{"index":"noindex","follow":"follow","max-snippet":"max-snippet:-1","max-image-preview":"max-image-preview:large","max-video-preview":"max-video-preview:-1"},"og_locale":"en_US","og_type":"article","og_title":"T\u1ee6 TH\u1eec NGHI\u1ec6M M\u00d4I TR\u01af\u1edcNG \u0110\u1ec2 B\u00c0N WEWON MODEL WEW-23L-TC","og_description":"Mua ngay T\u1ee6 TH\u1eec NGHI\u1ec6M M\u00d4I TR\u01af\u1edcNG \u0110\u1ec2 B\u00c0N WEWON MODEL WEW-23L-TC ch\u00ednh h\u00e3ng. T\u1ee7 Th\u1eed M\u00f4i Tr\u01b0\u1eddng \u0110\u1ec3 B\u00e0n Wewon WEW-23L-TC c\u00f3 dung t\u00edch... Gi\u00e1 t\u1ed1t!","og_url":"https:\/\/vannangvn.123websitedev.com\/en\/product\/tu-thu-nghiem-moi-truong-de-ban-wewon-model-wew-23l-tc\/","og_site_name":"Vannang.vn","article_modified_time":"2026-03-30T12:03:21+00:00","og_image":[{"width":768,"height":576,"url":"http:\/\/vannangvn.123websitedev.com\/wp-content\/uploads\/2026\/03\/Tu-Thu-Nghiem-Moi-Truong-De-Ban-Benchtop-Environmental-Chamber-Wewon-Model-WEW-23L-TC-768x576-copy.jpg","type":"image\/jpeg"}],"twitter_card":"summary_large_image","twitter_misc":{"Est. reading time":"4 minutes"},"schema":{"@context":"https:\/\/schema.org","@graph":[{"@type":"WebPage","@id":"https:\/\/vannangvn.123websitedev.com\/san-pham\/tu-thu-nghiem-moi-truong-de-ban-wewon-model-wew-23l-tc\/","url":"https:\/\/vannangvn.123websitedev.com\/san-pham\/tu-thu-nghiem-moi-truong-de-ban-wewon-model-wew-23l-tc\/","name":"T\u1ee6 TH\u1eec NGHI\u1ec6M M\u00d4I TR\u01af\u1edcNG \u0110\u1ec2 B\u00c0N WEW... ch\u00ednh h\u00e3ng | V\u1ea1n N\u0103ng","isPartOf":{"@id":"https:\/\/vannangvn.123websitedev.com\/#website"},"primaryImageOfPage":{"@id":"https:\/\/vannangvn.123websitedev.com\/san-pham\/tu-thu-nghiem-moi-truong-de-ban-wewon-model-wew-23l-tc\/#primaryimage"},"image":{"@id":"https:\/\/vannangvn.123websitedev.com\/san-pham\/tu-thu-nghiem-moi-truong-de-ban-wewon-model-wew-23l-tc\/#primaryimage"},"thumbnailUrl":"https:\/\/vannangvn.123websitedev.com\/wp-content\/uploads\/2026\/03\/Tu-Thu-Nghiem-Moi-Truong-De-Ban-Benchtop-Environmental-Chamber-Wewon-Model-WEW-23L-TC-768x576-copy.jpg","datePublished":"2026-03-20T12:21:04+00:00","dateModified":"2026-03-30T12:03:21+00:00","description":"Mua ngay T\u1ee6 TH\u1eec NGHI\u1ec6M M\u00d4I TR\u01af\u1edcNG \u0110\u1ec2 B\u00c0N WEWON MODEL WEW-23L-TC ch\u00ednh h\u00e3ng. T\u1ee7 Th\u1eed M\u00f4i Tr\u01b0\u1eddng \u0110\u1ec3 B\u00e0n Wewon WEW-23L-TC c\u00f3 dung t\u00edch... Gi\u00e1 t\u1ed1t!","breadcrumb":{"@id":"https:\/\/vannangvn.123websitedev.com\/san-pham\/tu-thu-nghiem-moi-truong-de-ban-wewon-model-wew-23l-tc\/#breadcrumb"},"inLanguage":"en-US","potentialAction":[{"@type":"ReadAction","target":["https:\/\/vannangvn.123websitedev.com\/san-pham\/tu-thu-nghiem-moi-truong-de-ban-wewon-model-wew-23l-tc\/"]}]},{"@type":"ImageObject","inLanguage":"en-US","@id":"https:\/\/vannangvn.123websitedev.com\/san-pham\/tu-thu-nghiem-moi-truong-de-ban-wewon-model-wew-23l-tc\/#primaryimage","url":"https:\/\/vannangvn.123websitedev.com\/wp-content\/uploads\/2026\/03\/Tu-Thu-Nghiem-Moi-Truong-De-Ban-Benchtop-Environmental-Chamber-Wewon-Model-WEW-23L-TC-768x576-copy.jpg","contentUrl":"https:\/\/vannangvn.123websitedev.com\/wp-content\/uploads\/2026\/03\/Tu-Thu-Nghiem-Moi-Truong-De-Ban-Benchtop-Environmental-Chamber-Wewon-Model-WEW-23L-TC-768x576-copy.jpg","width":768,"height":576},{"@type":"BreadcrumbList","@id":"https:\/\/vannangvn.123websitedev.com\/san-pham\/tu-thu-nghiem-moi-truong-de-ban-wewon-model-wew-23l-tc\/#breadcrumb","itemListElement":[{"@type":"ListItem","position":1,"name":"Trang ch\u1ee7","item":"https:\/\/vannangvn.123websitedev.com\/"},{"@type":"ListItem","position":2,"name":"S\u1ea3n ph\u1ea9m","item":"https:\/\/vannangvn.123websitedev.com\/cua-hang\/"},{"@type":"ListItem","position":3,"name":"T\u1ee6 TH\u1eec NGHI\u1ec6M M\u00d4I TR\u01af\u1edcNG \u0110\u1ec2 B\u00c0N WEWON MODEL WEW-23L-TC"}]},{"@type":"WebSite","@id":"https:\/\/vannangvn.123websitedev.com\/#website","url":"https:\/\/vannangvn.123websitedev.com\/","name":"Vannang.vn","description":"","publisher":{"@id":"https:\/\/vannangvn.123websitedev.com\/#organization"},"potentialAction":[{"@type":"SearchAction","target":{"@type":"EntryPoint","urlTemplate":"https:\/\/vannangvn.123websitedev.com\/?s={search_term_string}"},"query-input":{"@type":"PropertyValueSpecification","valueRequired":true,"valueName":"search_term_string"}}],"inLanguage":"en-US"},{"@type":"Organization","@id":"https:\/\/vannangvn.123websitedev.com\/#organization","name":"Vannang.vn","url":"https:\/\/vannangvn.123websitedev.com\/","logo":{"@type":"ImageObject","inLanguage":"en-US","@id":"https:\/\/vannangvn.123websitedev.com\/#\/schema\/logo\/image\/","url":"https:\/\/vannangvn.123websitedev.com\/wp-content\/uploads\/2026\/02\/logo-van-nang-02.png","contentUrl":"https:\/\/vannangvn.123websitedev.com\/wp-content\/uploads\/2026\/02\/logo-van-nang-02.png","width":448,"height":111,"caption":"Vannang.vn"},"image":{"@id":"https:\/\/vannangvn.123websitedev.com\/#\/schema\/logo\/image\/"}}]}},"_links":{"self":[{"href":"https:\/\/vannangvn.123websitedev.com\/en\/wp-json\/wp\/v2\/product\/8296","targetHints":{"allow":["GET"]}}],"collection":[{"href":"https:\/\/vannangvn.123websitedev.com\/en\/wp-json\/wp\/v2\/product"}],"about":[{"href":"https:\/\/vannangvn.123websitedev.com\/en\/wp-json\/wp\/v2\/types\/product"}],"replies":[{"embeddable":true,"href":"https:\/\/vannangvn.123websitedev.com\/en\/wp-json\/wp\/v2\/comments?post=8296"}],"wp:featuredmedia":[{"embeddable":true,"href":"https:\/\/vannangvn.123websitedev.com\/en\/wp-json\/wp\/v2\/media\/8990"}],"wp:attachment":[{"href":"https:\/\/vannangvn.123websitedev.com\/en\/wp-json\/wp\/v2\/media?parent=8296"}],"wp:term":[{"taxonomy":"product_brand","embeddable":true,"href":"https:\/\/vannangvn.123websitedev.com\/en\/wp-json\/wp\/v2\/product_brand?post=8296"},{"taxonomy":"product_cat","embeddable":true,"href":"https:\/\/vannangvn.123websitedev.com\/en\/wp-json\/wp\/v2\/product_cat?post=8296"},{"taxonomy":"product_tag","embeddable":true,"href":"https:\/\/vannangvn.123websitedev.com\/en\/wp-json\/wp\/v2\/product_tag?post=8296"}],"curies":[{"name":"wp","href":"https:\/\/api.w.org\/{rel}","templated":true}]}}