{"id":8298,"date":"2026-03-20T19:21:06","date_gmt":"2026-03-20T12:21:06","guid":{"rendered":"https:\/\/vannangvn.123websitedev.com\/san-pham\/tu-thu-nghiem-moi-truong-vlm-gmbh-model-con-1000-tl\/"},"modified":"2026-03-30T19:03:23","modified_gmt":"2026-03-30T12:03:23","slug":"tu-thu-nghiem-moi-truong-vlm-gmbh-model-con-1000-tl","status":"publish","type":"product","link":"https:\/\/vannangvn.123websitedev.com\/en\/product\/tu-thu-nghiem-moi-truong-vlm-gmbh-model-con-1000-tl\/","title":{"rendered":"T\u1ee6 TH\u1eec NGHI\u1ec6M M\u00d4I TR\u01af\u1edcNG VLM GMBH MODEL CON 1000-TL"},"content":{"rendered":"<h1 style=\"color: red; font-weight: bold; font-size: 24px;\">T&#7893;ng quan s&#7843;n ph&#7849;m T&#7910; TH&#7916; NGHI&#7878;M M&Ocirc;I TR&#431;&#7900;NG VLM GMBH MODEL CON 1000-TL<p>T&#7911; Th&#7917; Nghi&#7879;m M&ocirc;i Tr&#432;&#7901;ng (Constant Humidity Test) VLM GmbH Model CON 1000-TL<\/p><p>CON 1000-TL<br>\n&Aacute;p d&#7909;ng cho c&aacute;c b&agrave;i ki&#7875;m tra ng&#432;ng t&#7909; n&#432;&#7899;c sau:<\/p><p>Th&#7917; nghi&#7879;m &#273;&#7897; &#7849;m kh&ocirc;ng &#273;&#7893;i (Constant Humidity &ndash; CH)<br>\nTi&ecirc;u chu&#7849;n DIN EN ISO 6270-2:2005, ASTM D2247<br>\nC&aacute;c t&#7911; &#273;&#432;&#7907;c trang b&#7883; t&ugrave;y ch&#7885;n AIR, AWRF c&oacute; th&#7875; th&#7921;c hi&#7879;n th&ecirc;m c&aacute;c b&agrave;i ki&#7875;m tra ng&#432;ng t&#7909; n&#432;&#7899;c: nhi&#7879;t &#273;&#7897; lu&acirc;n phi&ecirc;n (AT), nhi&#7879;t &#273;&#7897; v&agrave; &#273;&#7897; &#7849;m lu&acirc;n phi&ecirc;n (AHT)<\/p><p>M&ocirc; t&#7843; s&#7843;n ph&#7849;m<br>\nT&#7911; d&#7841;ng n&#7841;p m&#7851;u t&#7915; tr&ecirc;n (top loading) nh&#7887; g&#7885;n, d&#7877; v&#7853;n h&agrave;nh, &#273;&#432;&#7907;c thi&#7871;t k&#7871; &#273;&#7875; ti&#7871;n h&agrave;nh c&aacute;c b&agrave;i ki&#7875;m tra &#259;n m&ograve;n trong m&ocirc;i tr&#432;&#7901;ng &#273;&#7897; &#7849;m kh&ocirc;ng &#273;&#7893;i (CH) c&#361;ng nh&#432; c&aacute;c b&agrave;i ki&#7875;m tra nhi&#7879;t &#273;&#7897;\/&#273;&#7897; &#7849;m lu&acirc;n phi&ecirc;n theo c&aacute;c ti&ecirc;u chu&#7849;n qu&#7889;c t&#7871; ph&#7893; bi&#7871;n nh&#7845;t DIN EN ISO 6270-2:2005 v&agrave; ASTM D2247.<br>\nL&#7907;i &iacute;ch cho kh&aacute;ch h&agrave;ng<\/p><p>Gi&#7843;i ph&aacute;p ti&#7871;t ki&#7879;m chi ph&iacute; cho c&aacute;c b&agrave;i ki&#7875;m tra &#259;n m&ograve;n ng&#432;ng t&#7909; n&#432;&#7899;c c&#417; b&#7843;n (CH, AT, AHT)<br>\nThi&#7871;t k&#7871; t&#7911; nh&#7887; g&#7885;n, n&#7841;p m&#7851;u t&#7915; tr&ecirc;n<br>\nC&ocirc;ng ngh&#7879; c&#7911;a VLM &#273;&#7843;m b&#7843;o kh&#7843; n&#259;ng t&aacute;i l&#7853;p &#273;i&#7873;u ki&#7879;n nhi&#7879;t &#273;&#7897; t&#7889;i &#432;u<br>\nBu&#7891;ng th&#7917; v&#7899;i &#273;&aacute;y b&#7857;ng th&eacute;p, b&#7873;n h&#417;n v&agrave; &iacute;t b&#7883; h&#432; h&#7841;i h&#417;n so v&#7899;i s&#7843;n ph&#7849;m c&#7841;nh tranh b&#7857;ng nh&#7921;a gia c&#7889; s&#7907;i th&#7911;y tinh (GRP)<br>\nChi ph&iacute; s&#7903; h&#7919;u th&#7845;p h&#417;n (th&#7901;i gian ki&#7875;m tra ng&#7855;n h&#417;n, hi&#7879;u qu&#7843; n&#259;ng l&#432;&#7907;ng t&#7889;t h&#417;n, d&#7877; b&#7843;o d&#432;&#7905;ng, tu&#7893;i th&#7885; cao h&#417;n, kh&#7843; n&#259;ng ch&#7889;ng h&#432; h&#7841;i c&#417; h&#7885;c t&#7889;t h&#417;n)<\/p><h2 style=\"color: #0073aa; font-weight: bold; font-size: 20px;\">H&#7879; th&#7889;ng &#273;i&#7873;u khi&#7875;n th&acirc;n thi&#7879;n v&#7899;i ng&#432;&#7901;i d&ugrave;ng, &#273;&#432;&#7907;c c&#7845;u h&igrave;nh s&#7861;n c&aacute;c th&ocirc;ng s&#7889; ki&#7875;m tra<\/h2><p>H&atilde;y li&ecirc;n h&#7879; v&#7899;i V&#7841;n N&#259;ng Company ngay &#273;&#7875; &#273;&#432;&#7907;c t&#432; v&#7845;n chuy&ecirc;n s&acirc;u v&agrave; nh&#7853;n c&aacute;c &#432;u &#273;&atilde;i h&#7845;p d&#7851;n nh&#7845;t th&ocirc;ng qua hotline\/zalo: <a href=\"https:\/\/zalo.me\/0903991335\" target=\"_blank\" rel=\"noopener\" style=\"color: #059669; font-weight: bold; text-decoration: none;\">0903 991 335<\/a>!<\/p><div style=\"background-color: #f8fafc; border: 1px solid #e2e8f0; border-radius: 8px; padding: 25px; max-width: 800px; margin: 30px auto; color: #334155; line-height: 1.8; font-size: 17px; box-shadow: 0 4px 6px -1px rgba(0,0,0,0.05); text-align: left; clear: both;\">\nC&ocirc;ng ty TNHH Th&#432;&#417;ng M&#7841;i D&#7883;ch V&#7909; Thi&#7871;t B&#7883; C&ocirc;ng Ngh&#7879; V&#7841;n N&#259;ng\n<p style=\"margin: 0 0 10px 0;\">&#128205; <strong style=\"color: #1e293b;\">&#272;&#7883;a ch&#7881;:<\/strong> <a style=\"color: #059669; text-decoration: none; font-weight: bold;\" href=\"https:\/\/www.google.com\/maps\/search\/C%C3%B4ng+ty+TNHH+Th%C6%B0%C6%A1ng+M%E1%BA%A1i+D%E1%BB%8Bch+V%E1%BB%A5+Thi%E1%BA%BFt+B%E1%BB%8B+C%C3%B4ng+Ngh%E1%BB%87+V%E1%BA%A1n+N%C4%83ng+818+Tr%C6%B0%E1%BB%9Dng+Chinh\" target=\"_blank\" rel=\"noopener\">818 Tr&#432;&#7901;ng Chinh, Ph&#432;&#7901;ng T&acirc;n S&#417;n, Th&agrave;nh ph&#7889; H&#7891; Ch&iacute; Minh, Vi&#7879;t Nam<\/a><\/p>\n<p style=\"margin: 0 0 10px 0;\">&#128222; <strong style=\"color: #1e293b;\">S&#272;T &ndash; Zalo:<\/strong> <a style=\"color: #059669; text-decoration: none; font-weight: bold;\" href=\"https:\/\/zalo.me\/0903991335\" target=\"_blank\" rel=\"noopener\">0903 991 335<\/a> <span style=\"color: #64748b; font-style: italic;\">(Ms. H&#7841;nh &ndash; Gi&aacute;m &#272;&#7889;c Kinh Doanh)<\/span><\/p>\n<p style=\"margin: 0;\">&#9993;&#65039; <strong style=\"color: #1e293b;\">Email:<\/strong> <a style=\"color: #059669; text-decoration: none; font-weight: bold;\" href=\"mailto:hienhanh@vannangvn.com\">hienhanh@vannangvn.com<\/a><\/p>\n<\/div><\/h1>","protected":false},"excerpt":{"rendered":"<p><strong>Th&#432;&#417;ng hi&#7879;u:<\/strong> VLM GmbH<br>\n<strong>Model:<\/strong> CON 1000-TL<p>Product <strong>T&#7910; TH&#7916; NGHI&#7878;M M&Ocirc;I TR&#431;&#7900;NG VLM GMBH MODEL CON 1000-TL<\/strong> ch&iacute;nh h&atilde;ng. VLM GmbH (Germany)<br>\nVLM CON 1000-TL l&agrave; t&#7911; th&#7917; m&ocirc;i tr&#432;&#7901;ng chuy&ecirc;n d&#7909;ng cho ki&#7875;m tra &#273;&#7897; &#7849;m kh&ocirc;ng &#273;&#7893;i (CH). Tu&acirc;n th&#7911; ti&ecirc;u chu&#7849;n DIN EN ISO 6270-2 v&agrave; ASTM D2247. Thi&#7871;t k&#7871; nh&#7887; g&#7885;n, n&#7841;p m&#7851;u t&#7915; tr&ecirc;n, bu&#7891;ng th&eacute;p b&#7873;n b&#7881;.<\/p><\/p>","protected":false},"featured_media":8989,"comment_status":"open","ping_status":"closed","template":"","meta":[],"product_brand":[],"product_cat":[18],"product_tag":[120,162,349,511,512,527,3752,3753,3855,116],"class_list":{"0":"post-8298","1":"product","2":"type-product","3":"status-publish","4":"has-post-thumbnail","6":"product_cat-chua-phan-loai","7":"product_tag-thu","8":"product_tag-tu","9":"product_tag-con","10":"product_tag-moi","11":"product_tag-truong","12":"product_tag-nghiem","13":"product_tag-vlm","14":"product_tag-gmbh","15":"product_tag-1000-tl","16":"product_tag-model","18":"first","19":"instock","20":"shipping-taxable","21":"product-type-simple"},"yoast_head":"<!-- This site is optimized with the Yoast SEO Premium plugin v24.8 (Yoast SEO v24.8) - https:\/\/yoast.com\/wordpress\/plugins\/seo\/ -->\n<title>T\u1ee6 TH\u1eec NGHI\u1ec6M M\u00d4I TR\u01af\u1edcNG VLM GMBH M... ch\u00ednh h\u00e3ng | V\u1ea1n N\u0103ng<\/title>\n<meta name=\"description\" content=\"Mua ngay T\u1ee6 TH\u1eec NGHI\u1ec6M M\u00d4I TR\u01af\u1edcNG VLM GMBH MODEL CON 1000-TL ch\u00ednh h\u00e3ng. VLM CON 1000-TL l\u00e0 t\u1ee7 th\u1eed m\u00f4i tr\u01b0\u1eddng chuy\u00ean d\u1ee5ng cho ki\u1ec3m... Gi\u00e1 t\u1ed1t!\" \/>\n<meta name=\"robots\" content=\"noindex, follow, max-snippet:-1, max-image-preview:large, max-video-preview:-1\" \/>\n<meta property=\"og:locale\" content=\"en_US\" \/>\n<meta property=\"og:type\" content=\"article\" \/>\n<meta property=\"og:title\" content=\"T\u1ee6 TH\u1eec NGHI\u1ec6M M\u00d4I TR\u01af\u1edcNG VLM GMBH MODEL CON 1000-TL\" \/>\n<meta property=\"og:description\" content=\"Mua ngay T\u1ee6 TH\u1eec NGHI\u1ec6M M\u00d4I TR\u01af\u1edcNG VLM GMBH MODEL CON 1000-TL ch\u00ednh h\u00e3ng. VLM CON 1000-TL l\u00e0 t\u1ee7 th\u1eed m\u00f4i tr\u01b0\u1eddng chuy\u00ean d\u1ee5ng cho ki\u1ec3m... Gi\u00e1 t\u1ed1t!\" \/>\n<meta property=\"og:url\" content=\"https:\/\/vannangvn.123websitedev.com\/en\/product\/tu-thu-nghiem-moi-truong-vlm-gmbh-model-con-1000-tl\/\" \/>\n<meta property=\"og:site_name\" content=\"Vannang.vn\" \/>\n<meta property=\"article:modified_time\" content=\"2026-03-30T12:03:23+00:00\" \/>\n<meta property=\"og:image\" content=\"http:\/\/vannangvn.123websitedev.com\/wp-content\/uploads\/2026\/03\/Tu-Thu-Nghiem-Moi-Truong-Constant-Humidity-Test-VLM-GmbH-Model-CON-1000-TL-768x576-copy.jpg\" \/>\n\t<meta property=\"og:image:width\" content=\"768\" \/>\n\t<meta property=\"og:image:height\" content=\"576\" \/>\n\t<meta property=\"og:image:type\" content=\"image\/jpeg\" \/>\n<meta name=\"twitter:card\" content=\"summary_large_image\" \/>\n<meta name=\"twitter:label1\" content=\"Est. reading time\" \/>\n\t<meta name=\"twitter:data1\" content=\"3 minutes\" \/>\n<script type=\"application\/ld+json\" class=\"yoast-schema-graph\">{\"@context\":\"https:\/\/schema.org\",\"@graph\":[{\"@type\":\"WebPage\",\"@id\":\"https:\/\/vannangvn.123websitedev.com\/san-pham\/tu-thu-nghiem-moi-truong-vlm-gmbh-model-con-1000-tl\/\",\"url\":\"https:\/\/vannangvn.123websitedev.com\/san-pham\/tu-thu-nghiem-moi-truong-vlm-gmbh-model-con-1000-tl\/\",\"name\":\"T\u1ee6 TH\u1eec NGHI\u1ec6M M\u00d4I TR\u01af\u1edcNG VLM GMBH M... ch\u00ednh h\u00e3ng | V\u1ea1n N\u0103ng\",\"isPartOf\":{\"@id\":\"https:\/\/vannangvn.123websitedev.com\/#website\"},\"primaryImageOfPage\":{\"@id\":\"https:\/\/vannangvn.123websitedev.com\/san-pham\/tu-thu-nghiem-moi-truong-vlm-gmbh-model-con-1000-tl\/#primaryimage\"},\"image\":{\"@id\":\"https:\/\/vannangvn.123websitedev.com\/san-pham\/tu-thu-nghiem-moi-truong-vlm-gmbh-model-con-1000-tl\/#primaryimage\"},\"thumbnailUrl\":\"https:\/\/vannangvn.123websitedev.com\/wp-content\/uploads\/2026\/03\/Tu-Thu-Nghiem-Moi-Truong-Constant-Humidity-Test-VLM-GmbH-Model-CON-1000-TL-768x576-copy.jpg\",\"datePublished\":\"2026-03-20T12:21:06+00:00\",\"dateModified\":\"2026-03-30T12:03:23+00:00\",\"description\":\"Mua ngay T\u1ee6 TH\u1eec NGHI\u1ec6M M\u00d4I TR\u01af\u1edcNG VLM GMBH MODEL CON 1000-TL ch\u00ednh h\u00e3ng. VLM CON 1000-TL l\u00e0 t\u1ee7 th\u1eed m\u00f4i tr\u01b0\u1eddng chuy\u00ean d\u1ee5ng cho ki\u1ec3m... Gi\u00e1 t\u1ed1t!\",\"breadcrumb\":{\"@id\":\"https:\/\/vannangvn.123websitedev.com\/san-pham\/tu-thu-nghiem-moi-truong-vlm-gmbh-model-con-1000-tl\/#breadcrumb\"},\"inLanguage\":\"en-US\",\"potentialAction\":[{\"@type\":\"ReadAction\",\"target\":[\"https:\/\/vannangvn.123websitedev.com\/san-pham\/tu-thu-nghiem-moi-truong-vlm-gmbh-model-con-1000-tl\/\"]}]},{\"@type\":\"ImageObject\",\"inLanguage\":\"en-US\",\"@id\":\"https:\/\/vannangvn.123websitedev.com\/san-pham\/tu-thu-nghiem-moi-truong-vlm-gmbh-model-con-1000-tl\/#primaryimage\",\"url\":\"https:\/\/vannangvn.123websitedev.com\/wp-content\/uploads\/2026\/03\/Tu-Thu-Nghiem-Moi-Truong-Constant-Humidity-Test-VLM-GmbH-Model-CON-1000-TL-768x576-copy.jpg\",\"contentUrl\":\"https:\/\/vannangvn.123websitedev.com\/wp-content\/uploads\/2026\/03\/Tu-Thu-Nghiem-Moi-Truong-Constant-Humidity-Test-VLM-GmbH-Model-CON-1000-TL-768x576-copy.jpg\",\"width\":768,\"height\":576},{\"@type\":\"BreadcrumbList\",\"@id\":\"https:\/\/vannangvn.123websitedev.com\/san-pham\/tu-thu-nghiem-moi-truong-vlm-gmbh-model-con-1000-tl\/#breadcrumb\",\"itemListElement\":[{\"@type\":\"ListItem\",\"position\":1,\"name\":\"Trang ch\u1ee7\",\"item\":\"https:\/\/vannangvn.123websitedev.com\/\"},{\"@type\":\"ListItem\",\"position\":2,\"name\":\"S\u1ea3n ph\u1ea9m\",\"item\":\"https:\/\/vannangvn.123websitedev.com\/cua-hang\/\"},{\"@type\":\"ListItem\",\"position\":3,\"name\":\"T\u1ee6 TH\u1eec NGHI\u1ec6M M\u00d4I TR\u01af\u1edcNG VLM GMBH MODEL CON 1000-TL\"}]},{\"@type\":\"WebSite\",\"@id\":\"https:\/\/vannangvn.123websitedev.com\/#website\",\"url\":\"https:\/\/vannangvn.123websitedev.com\/\",\"name\":\"Vannang.vn\",\"description\":\"\",\"publisher\":{\"@id\":\"https:\/\/vannangvn.123websitedev.com\/#organization\"},\"potentialAction\":[{\"@type\":\"SearchAction\",\"target\":{\"@type\":\"EntryPoint\",\"urlTemplate\":\"https:\/\/vannangvn.123websitedev.com\/?s={search_term_string}\"},\"query-input\":{\"@type\":\"PropertyValueSpecification\",\"valueRequired\":true,\"valueName\":\"search_term_string\"}}],\"inLanguage\":\"en-US\"},{\"@type\":\"Organization\",\"@id\":\"https:\/\/vannangvn.123websitedev.com\/#organization\",\"name\":\"Vannang.vn\",\"url\":\"https:\/\/vannangvn.123websitedev.com\/\",\"logo\":{\"@type\":\"ImageObject\",\"inLanguage\":\"en-US\",\"@id\":\"https:\/\/vannangvn.123websitedev.com\/#\/schema\/logo\/image\/\",\"url\":\"https:\/\/vannangvn.123websitedev.com\/wp-content\/uploads\/2026\/02\/logo-van-nang-02.png\",\"contentUrl\":\"https:\/\/vannangvn.123websitedev.com\/wp-content\/uploads\/2026\/02\/logo-van-nang-02.png\",\"width\":448,\"height\":111,\"caption\":\"Vannang.vn\"},\"image\":{\"@id\":\"https:\/\/vannangvn.123websitedev.com\/#\/schema\/logo\/image\/\"}}]}<\/script>\n<!-- \/ Yoast SEO Premium plugin. -->","yoast_head_json":{"title":"T\u1ee6 TH\u1eec NGHI\u1ec6M M\u00d4I TR\u01af\u1edcNG VLM GMBH M... ch\u00ednh h\u00e3ng | V\u1ea1n N\u0103ng","description":"Mua ngay T\u1ee6 TH\u1eec NGHI\u1ec6M M\u00d4I TR\u01af\u1edcNG VLM GMBH MODEL CON 1000-TL ch\u00ednh h\u00e3ng. VLM CON 1000-TL l\u00e0 t\u1ee7 th\u1eed m\u00f4i tr\u01b0\u1eddng chuy\u00ean d\u1ee5ng cho ki\u1ec3m... Gi\u00e1 t\u1ed1t!","robots":{"index":"noindex","follow":"follow","max-snippet":"max-snippet:-1","max-image-preview":"max-image-preview:large","max-video-preview":"max-video-preview:-1"},"og_locale":"en_US","og_type":"article","og_title":"T\u1ee6 TH\u1eec NGHI\u1ec6M M\u00d4I TR\u01af\u1edcNG VLM GMBH MODEL CON 1000-TL","og_description":"Mua ngay T\u1ee6 TH\u1eec NGHI\u1ec6M M\u00d4I TR\u01af\u1edcNG VLM GMBH MODEL CON 1000-TL ch\u00ednh h\u00e3ng. VLM CON 1000-TL l\u00e0 t\u1ee7 th\u1eed m\u00f4i tr\u01b0\u1eddng chuy\u00ean d\u1ee5ng cho ki\u1ec3m... Gi\u00e1 t\u1ed1t!","og_url":"https:\/\/vannangvn.123websitedev.com\/en\/product\/tu-thu-nghiem-moi-truong-vlm-gmbh-model-con-1000-tl\/","og_site_name":"Vannang.vn","article_modified_time":"2026-03-30T12:03:23+00:00","og_image":[{"width":768,"height":576,"url":"http:\/\/vannangvn.123websitedev.com\/wp-content\/uploads\/2026\/03\/Tu-Thu-Nghiem-Moi-Truong-Constant-Humidity-Test-VLM-GmbH-Model-CON-1000-TL-768x576-copy.jpg","type":"image\/jpeg"}],"twitter_card":"summary_large_image","twitter_misc":{"Est. reading time":"3 minutes"},"schema":{"@context":"https:\/\/schema.org","@graph":[{"@type":"WebPage","@id":"https:\/\/vannangvn.123websitedev.com\/san-pham\/tu-thu-nghiem-moi-truong-vlm-gmbh-model-con-1000-tl\/","url":"https:\/\/vannangvn.123websitedev.com\/san-pham\/tu-thu-nghiem-moi-truong-vlm-gmbh-model-con-1000-tl\/","name":"T\u1ee6 TH\u1eec NGHI\u1ec6M M\u00d4I TR\u01af\u1edcNG VLM GMBH M... ch\u00ednh h\u00e3ng | V\u1ea1n N\u0103ng","isPartOf":{"@id":"https:\/\/vannangvn.123websitedev.com\/#website"},"primaryImageOfPage":{"@id":"https:\/\/vannangvn.123websitedev.com\/san-pham\/tu-thu-nghiem-moi-truong-vlm-gmbh-model-con-1000-tl\/#primaryimage"},"image":{"@id":"https:\/\/vannangvn.123websitedev.com\/san-pham\/tu-thu-nghiem-moi-truong-vlm-gmbh-model-con-1000-tl\/#primaryimage"},"thumbnailUrl":"https:\/\/vannangvn.123websitedev.com\/wp-content\/uploads\/2026\/03\/Tu-Thu-Nghiem-Moi-Truong-Constant-Humidity-Test-VLM-GmbH-Model-CON-1000-TL-768x576-copy.jpg","datePublished":"2026-03-20T12:21:06+00:00","dateModified":"2026-03-30T12:03:23+00:00","description":"Mua ngay T\u1ee6 TH\u1eec NGHI\u1ec6M M\u00d4I TR\u01af\u1edcNG VLM GMBH MODEL CON 1000-TL ch\u00ednh h\u00e3ng. VLM CON 1000-TL l\u00e0 t\u1ee7 th\u1eed m\u00f4i tr\u01b0\u1eddng chuy\u00ean d\u1ee5ng cho ki\u1ec3m... Gi\u00e1 t\u1ed1t!","breadcrumb":{"@id":"https:\/\/vannangvn.123websitedev.com\/san-pham\/tu-thu-nghiem-moi-truong-vlm-gmbh-model-con-1000-tl\/#breadcrumb"},"inLanguage":"en-US","potentialAction":[{"@type":"ReadAction","target":["https:\/\/vannangvn.123websitedev.com\/san-pham\/tu-thu-nghiem-moi-truong-vlm-gmbh-model-con-1000-tl\/"]}]},{"@type":"ImageObject","inLanguage":"en-US","@id":"https:\/\/vannangvn.123websitedev.com\/san-pham\/tu-thu-nghiem-moi-truong-vlm-gmbh-model-con-1000-tl\/#primaryimage","url":"https:\/\/vannangvn.123websitedev.com\/wp-content\/uploads\/2026\/03\/Tu-Thu-Nghiem-Moi-Truong-Constant-Humidity-Test-VLM-GmbH-Model-CON-1000-TL-768x576-copy.jpg","contentUrl":"https:\/\/vannangvn.123websitedev.com\/wp-content\/uploads\/2026\/03\/Tu-Thu-Nghiem-Moi-Truong-Constant-Humidity-Test-VLM-GmbH-Model-CON-1000-TL-768x576-copy.jpg","width":768,"height":576},{"@type":"BreadcrumbList","@id":"https:\/\/vannangvn.123websitedev.com\/san-pham\/tu-thu-nghiem-moi-truong-vlm-gmbh-model-con-1000-tl\/#breadcrumb","itemListElement":[{"@type":"ListItem","position":1,"name":"Trang ch\u1ee7","item":"https:\/\/vannangvn.123websitedev.com\/"},{"@type":"ListItem","position":2,"name":"S\u1ea3n ph\u1ea9m","item":"https:\/\/vannangvn.123websitedev.com\/cua-hang\/"},{"@type":"ListItem","position":3,"name":"T\u1ee6 TH\u1eec NGHI\u1ec6M M\u00d4I TR\u01af\u1edcNG VLM GMBH MODEL CON 1000-TL"}]},{"@type":"WebSite","@id":"https:\/\/vannangvn.123websitedev.com\/#website","url":"https:\/\/vannangvn.123websitedev.com\/","name":"Vannang.vn","description":"","publisher":{"@id":"https:\/\/vannangvn.123websitedev.com\/#organization"},"potentialAction":[{"@type":"SearchAction","target":{"@type":"EntryPoint","urlTemplate":"https:\/\/vannangvn.123websitedev.com\/?s={search_term_string}"},"query-input":{"@type":"PropertyValueSpecification","valueRequired":true,"valueName":"search_term_string"}}],"inLanguage":"en-US"},{"@type":"Organization","@id":"https:\/\/vannangvn.123websitedev.com\/#organization","name":"Vannang.vn","url":"https:\/\/vannangvn.123websitedev.com\/","logo":{"@type":"ImageObject","inLanguage":"en-US","@id":"https:\/\/vannangvn.123websitedev.com\/#\/schema\/logo\/image\/","url":"https:\/\/vannangvn.123websitedev.com\/wp-content\/uploads\/2026\/02\/logo-van-nang-02.png","contentUrl":"https:\/\/vannangvn.123websitedev.com\/wp-content\/uploads\/2026\/02\/logo-van-nang-02.png","width":448,"height":111,"caption":"Vannang.vn"},"image":{"@id":"https:\/\/vannangvn.123websitedev.com\/#\/schema\/logo\/image\/"}}]}},"_links":{"self":[{"href":"https:\/\/vannangvn.123websitedev.com\/en\/wp-json\/wp\/v2\/product\/8298","targetHints":{"allow":["GET"]}}],"collection":[{"href":"https:\/\/vannangvn.123websitedev.com\/en\/wp-json\/wp\/v2\/product"}],"about":[{"href":"https:\/\/vannangvn.123websitedev.com\/en\/wp-json\/wp\/v2\/types\/product"}],"replies":[{"embeddable":true,"href":"https:\/\/vannangvn.123websitedev.com\/en\/wp-json\/wp\/v2\/comments?post=8298"}],"wp:featuredmedia":[{"embeddable":true,"href":"https:\/\/vannangvn.123websitedev.com\/en\/wp-json\/wp\/v2\/media\/8989"}],"wp:attachment":[{"href":"https:\/\/vannangvn.123websitedev.com\/en\/wp-json\/wp\/v2\/media?parent=8298"}],"wp:term":[{"taxonomy":"product_brand","embeddable":true,"href":"https:\/\/vannangvn.123websitedev.com\/en\/wp-json\/wp\/v2\/product_brand?post=8298"},{"taxonomy":"product_cat","embeddable":true,"href":"https:\/\/vannangvn.123websitedev.com\/en\/wp-json\/wp\/v2\/product_cat?post=8298"},{"taxonomy":"product_tag","embeddable":true,"href":"https:\/\/vannangvn.123websitedev.com\/en\/wp-json\/wp\/v2\/product_tag?post=8298"}],"curies":[{"name":"wp","href":"https:\/\/api.w.org\/{rel}","templated":true}]}}