{"id":8303,"date":"2026-03-20T19:21:12","date_gmt":"2026-03-20T12:21:12","guid":{"rendered":"https:\/\/vannangvn.123websitedev.com\/san-pham\/tu-vi-khi-hau-cw-specialist-equipment-model-cw1301\/"},"modified":"2026-03-30T19:03:29","modified_gmt":"2026-03-30T12:03:29","slug":"tu-vi-khi-hau-cw-specialist-equipment-model-cw1301","status":"publish","type":"product","link":"https:\/\/vannangvn.123websitedev.com\/en\/product\/tu-vi-khi-hau-cw-specialist-equipment-model-cw1301\/","title":{"rendered":"T\u1ee6 VI KH\u00cd H\u1eacU C&#038;W SPECIALIST EQUIPMENT MODEL CW1301"},"content":{"rendered":"<h1 style=\"color: red; font-weight: bold; font-size: 24px;\">T&#7893;ng quan s&#7843;n ph&#7849;m T&#7910; VI KH&Iacute; H&#7852;U C&amp;W SPECIALIST EQUIPMENT MODEL CW1301<p>T&#7911; Vi Kh&iacute; H&#7853;u (Humidity Cabinet) C&amp;W Specialist Equipment Model CW1301<\/p><p>CW1301<br>\nT&#7911; Vi Kh&iacute; H&#7853;u C&amp;W Specialist Model CW1301 &#273;&#432;&#7907;c thi&#7871;t k&#7871; &#273;&#7875; m&ocirc; ph&#7887;ng &#273;i&#7873;u ki&#7879;n &#273;&#7897; &#7849;m cao v&#7899;i nhi&#7879;t &#273;&#7897; kh&ocirc;ng &#273;&#7893;i ho&#7863;c theo chu k&#7923;, ph&#7909;c v&#7909; cho c&aacute;c b&agrave;i ki&#7875;m tra &#259;n m&ograve;n v&agrave; m&ocirc;i tr&#432;&#7901;ng t&#259;ng t&#7889;c. H&#7879; th&#7889;ng ho&#7841;t &#273;&#7897;ng b&#7857;ng c&aacute;ch &#273;un n&oacute;ng n&#432;&#7899;c &#273;&#7871;n nhi&#7879;t &#273;&#7897; ch&iacute;nh x&aacute;c &#273;&#7875; t&#7841;o h&#417;i n&#432;&#7899;c, sau &#273;&oacute; h&#417;i n&#432;&#7899;c b&atilde;o h&ograve;a n&agrave;y &#273;&#432;&#7907;c lu&acirc;n chuy&#7875;n li&ecirc;n t&#7909;c nh&#7901; qu&#7841;t gi&oacute; b&ecirc;n trong, &#273;&#7843;m b&#7843;o ph&acirc;n b&#7889; &#273;&#7891;ng &#273;&#7873;u trong to&agrave;n b&#7897; khoang th&#7917; nghi&#7879;m.<br>\nC&aacute;c m&#7851;u v&#7853;t &#273;&#432;&#7907;c &#273;&#7863;t trong m&ocirc;i tr&#432;&#7901;ng kh&ocirc;ng kh&iacute; gi&agrave;u h&#417;i &#7849;m, gi&uacute;p l&#7899;p ph&#7911; h&#7845;p th&#7909; n&#432;&#7899;c, g&acirc;y qu&aacute; tr&igrave;nh oxy h&oacute;a v&#7899;i kim lo&#7841;i n&#7873;n, d&#7851;n &#273;&#7871;n ph&#7891;ng r&#7897;p b&#7873; m&#7863;t ho&#7863;c h&igrave;nh th&agrave;nh g&#7881; s&eacute;t tr&ecirc;n kim lo&#7841;i.<br>\nCh&#7871; &#273;&#7897; v&#7853;n h&agrave;nh<\/p><p>Nhi&#7879;t &#273;&#7897; kh&ocirc;ng &#273;&#7893;i t&#7915; 30&deg;C &#273;&#7871;n 70&deg;C, &#273;&#7897; ch&iacute;nh x&aacute;c &plusmn;1&deg;C.<br>\nNhi&#7879;t &#273;&#7897; theo chu k&#7923;, c&oacute; th&#7875; t&#259;ng\/gi&#7843;m theo th&#7901;i gian.<br>\n&#272;&#7897; &#7849;m cao li&ecirc;n t&#7909;c v&#7899;i m&#7913;c 95%&ndash;100% b&atilde;o h&ograve;a.<\/p><p>Ki&#7875;m so&aacute;t ch&iacute;nh x&aacute;c<\/p><p>B&#7897; &#273;i&#7873;u khi&#7875;n vi x&#7917; l&yacute; l&#432;u &#273;&#432;&#7907;c 7 ch&#432;&#417;ng tr&igrave;nh th&#7917; nghi&#7879;m.<br>\nM&agrave;n h&igrave;nh k&#7929; thu&#7853;t s&#7889; hi&#7875;n th&#7883; &#273;&#7847;y &#273;&#7911; &#273;i&#7873;u ki&#7879;n v&#7853;n h&agrave;nh.<br>\nC&#7843;m bi&#7871;n m&#7913;c n&#432;&#7899;c th&#7845;p v&agrave; h&#7879; th&#7889;ng b&#7843;o v&#7879; qu&aacute; nhi&#7879;t.<br>\nC&#7843;m bi&#7871;n nhi&#7879;t &#273;&#7897; NTC cho &#273;&#7897; ch&iacute;nh x&aacute;c cao.<br>\nQu&#7841;t gi&oacute; b&ecirc;n trong gi&uacute;p duy tr&igrave; m&ocirc;i tr&#432;&#7901;ng &#273;&#7891;ng nh&#7845;t.<br>\nCh&#7871; &#273;&#7897; c&agrave;i &#273;&#7863;t th&#7901;i gian chu k&#7923; cho ki&#7875;m so&aacute;t th&#7901;i l&#432;&#7907;ng th&#7917; nghi&#7879;m.<\/p><p>Thi&#7871;t k&#7871; v&agrave; v&#7853;t li&#7879;u<\/p><p>Th&acirc;n t&#7911; l&agrave;m t&#7915; nh&#7921;a polyester gia c&#432;&#7901;ng s&#7907;i th&#7911;y tinh (GRP) ch&#7889;ng ch&aacute;y, ch&#7889;ng h&oacute;a ch&#7845;t v&agrave; ch&#7883;u nhi&#7879;t t&#7889;t.<br>\nM&aacute;i t&#7911; d&#7841;ng &#273;&#7881;nh nh&#7885;n c&oacute; kh&#7843; n&#259;ng c&aacute;ch nhi&#7879;t ho&#7863;c trong su&#7889;t, gi&#7843;m &#273;&#7885;ng n&#432;&#7899;c.<br>\nTo&agrave;n b&#7897; k&#7871;t c&#7845;u ch&#7889;ng &#259;n m&ograve;n, ph&ugrave; h&#7907;p cho m&ocirc;i tr&#432;&#7901;ng kh&#7855;c nghi&#7879;t.<br>\nB&#7843;ng &#273;i&#7873;u khi&#7875;n thi&#7871;t k&#7871; c&ocirc;ng th&aacute;i h&#7885;c, d&#7877; thao t&aacute;c.<br>\nK&iacute;ch th&#432;&#7899;c nh&#7887; g&#7885;n, c&oacute; b&aacute;nh xe v&agrave; n&#7855;p th&aacute;o r&#7901;i thu&#7853;n ti&#7879;n v&#7853;n chuy&#7875;n.<br>\nK&egrave;m gi&aacute; treo m&#7851;u ti&ecirc;u chu&#7849;n, c&oacute; th&#7875; t&ugrave;y ch&#7885;n th&ecirc;m ph&#7909; ki&#7879;n kh&aacute;c.<\/p><p>Ch&#7913;c n&#259;ng v&agrave; phi&ecirc;n b&#7843;n<\/p><p>D&ograve;ng Humidity Cabinet ch&#7881; d&ugrave;ng cho th&#7917; nghi&#7879;m &#273;&#7897; &#7849;m.<br>\nNgo&agrave;i ra, c&oacute; c&aacute;c phi&ecirc;n b&#7843;n k&#7871;t h&#7907;p phun mu&#7889;i\/&#273;&#7897; &#7849;m ho&#7863;c phun mu&#7889;i\/Prohesion\/&#273;&#7897; &#7849;m cho &#273;a d&#7841;ng nhu c&#7847;u th&#7917; nghi&#7879;m.<\/p><p>Ph&#7909; ki&#7879;n &#273;i k&egrave;m<\/p><p>B&#7897; l&#7855;p &#273;&#7863;t CW4088.<br>\nB&#7897; thu m&#7851;u CW4035 (2 ph&#7877;u, 2 &#7889;ng).<br>\n&#272;&#7847;u n&#7889;i &#7889;ng CW5882.<br>\nS&aacute;ch h&#432;&#7899;ng d&#7851;n &#259;n m&ograve;n VF7101.<\/p><p>V&#7899;i thi&#7871;t k&#7871; ti&ecirc;n ti&#7871;n, kh&#7843; n&#259;ng ki&#7875;m so&aacute;t ch&iacute;nh x&aacute;c v&agrave; &#273;&#7897; b&#7873;n cao, C&amp;W CW1301 l&agrave; l&#7921;a ch&#7885;n h&agrave;ng &#273;&#7847;u cho c&aacute;c ph&ograve;ng th&iacute; nghi&#7879;m v&agrave; nh&agrave; m&aacute;y c&#7847;n m&ocirc; ph&#7887;ng &#273;i&#7873;u ki&#7879;n &#7849;m &#273;&#7875; ki&#7875;m tra &#273;&#7897; b&#7873;n v&agrave; kh&#7843; n&#259;ng ch&#7889;ng &#259;n m&ograve;n c&#7911;a v&#7853;t li&#7879;u.<br>\nH&atilde;y li&ecirc;n h&#7879; v&#7899;i V&#7841;n N&#259;ng Company ngay &#273;&#7875; &#273;&#432;&#7907;c t&#432; v&#7845;n chuy&ecirc;n s&acirc;u v&agrave; nh&#7853;n c&aacute;c &#432;u &#273;&atilde;i h&#7845;p d&#7851;n nh&#7845;t th&ocirc;ng qua hotline\/zalo: <a href=\"https:\/\/zalo.me\/0903991335\" target=\"_blank\" rel=\"noopener\" style=\"color: #059669; font-weight: bold; text-decoration: none;\">0903 991 335<\/a>!<\/p><div style=\"background-color: #f8fafc; border: 1px solid #e2e8f0; border-radius: 8px; padding: 25px; max-width: 800px; margin: 30px auto; color: #334155; line-height: 1.8; font-size: 17px; box-shadow: 0 4px 6px -1px rgba(0,0,0,0.05); text-align: left; clear: both;\">\nC&ocirc;ng ty TNHH Th&#432;&#417;ng M&#7841;i D&#7883;ch V&#7909; Thi&#7871;t B&#7883; C&ocirc;ng Ngh&#7879; V&#7841;n N&#259;ng\n<p style=\"margin: 0 0 10px 0;\">&#128205; <strong style=\"color: #1e293b;\">&#272;&#7883;a ch&#7881;:<\/strong> <a style=\"color: #059669; text-decoration: none; font-weight: bold;\" href=\"https:\/\/www.google.com\/maps\/search\/C%C3%B4ng+ty+TNHH+Th%C6%B0%C6%A1ng+M%E1%BA%A1i+D%E1%BB%8Bch+V%E1%BB%A5+Thi%E1%BA%BFt+B%E1%BB%8B+C%C3%B4ng+Ngh%E1%BB%87+V%E1%BA%A1n+N%C4%83ng+818+Tr%C6%B0%E1%BB%9Dng+Chinh\" target=\"_blank\" rel=\"noopener\">818 Tr&#432;&#7901;ng Chinh, Ph&#432;&#7901;ng T&acirc;n S&#417;n, Th&agrave;nh ph&#7889; H&#7891; Ch&iacute; Minh, Vi&#7879;t Nam<\/a><\/p>\n<p style=\"margin: 0 0 10px 0;\">&#128222; <strong style=\"color: #1e293b;\">S&#272;T &ndash; Zalo:<\/strong> <a style=\"color: #059669; text-decoration: none; font-weight: bold;\" href=\"https:\/\/zalo.me\/0903991335\" target=\"_blank\" rel=\"noopener\">0903 991 335<\/a> <span style=\"color: #64748b; font-style: italic;\">(Ms. H&#7841;nh &ndash; Gi&aacute;m &#272;&#7889;c Kinh Doanh)<\/span><\/p>\n<p style=\"margin: 0;\">&#9993;&#65039; <strong style=\"color: #1e293b;\">Email:<\/strong> <a style=\"color: #059669; text-decoration: none; font-weight: bold;\" href=\"mailto:hienhanh@vannangvn.com\">hienhanh@vannangvn.com<\/a><\/p>\n<\/div><\/h1>","protected":false},"excerpt":{"rendered":"<p><strong>Th&#432;&#417;ng hi&#7879;u:<\/strong> C&amp;W Specialist Equipment<br>\n<strong>Model:<\/strong> CW1301<p>Product <strong>T&#7910; VI KH&Iacute; H&#7852;U C&amp;W SPECIALIST EQUIPMENT MODEL CW1301<\/strong> ch&iacute;nh h&atilde;ng. C&amp;W Specialist Equipment (UK)<br>\nC&amp;W CW1301 l&agrave; t&#7911; vi kh&iacute; h&#7853;u m&ocirc; ph&#7887;ng &#273;&#7897; &#7849;m cao v&#7899;i nhi&#7879;t &#273;&#7897; kh&ocirc;ng &#273;&#7893;i ho&#7863;c chu k&#7923; (30-70&deg;C). Ki&#7875;m so&aacute;t ch&iacute;nh x&aacute;c b&#7857;ng vi x&#7917; l&yacute;, v&#7853;t li&#7879;u GRP ch&#7889;ng ch&aacute;y\/h&oacute;a ch&#7845;t, ph&ugrave; h&#7907;p ki&#7875;m tra &#259;n m&ograve;n t&#259;ng t&#7889;c.<\/p><\/p>","protected":false},"featured_media":8998,"comment_status":"open","ping_status":"closed","template":"","meta":[],"product_brand":[],"product_cat":[18],"product_tag":[649,3730,3731,3732,3879,116,162,361,513],"class_list":{"0":"post-8303","1":"product","2":"type-product","3":"status-publish","4":"has-post-thumbnail","6":"product_cat-chua-phan-loai","7":"product_tag-vi","8":"product_tag-cw","9":"product_tag-specialist","10":"product_tag-equipment","11":"product_tag-cw1301","12":"product_tag-model","13":"product_tag-tu","14":"product_tag-khi","15":"product_tag-hau","17":"first","18":"instock","19":"shipping-taxable","20":"product-type-simple"},"yoast_head":"<!-- This site is optimized with the Yoast SEO Premium plugin v24.8 (Yoast SEO v24.8) - https:\/\/yoast.com\/wordpress\/plugins\/seo\/ -->\n<title>T\u1ee6 VI KH\u00cd H\u1eacU C&amp;W SPECIALIST EQUIPM... ch\u00ednh h\u00e3ng | V\u1ea1n N\u0103ng<\/title>\n<meta name=\"description\" content=\"Mua ngay T\u1ee6 VI KH\u00cd H\u1eacU C&amp;W SPECIALIST EQUIPMENT MODEL CW1301 ch\u00ednh h\u00e3ng. C&amp;W CW1301 l\u00e0 t\u1ee7 vi kh\u00ed h\u1eadu m\u00f4 ph\u1ecfng \u0111\u1ed9 \u1ea9m cao v\u1edbi nhi\u1ec7t... Gi\u00e1 t\u1ed1t!\" \/>\n<meta name=\"robots\" content=\"noindex, follow, max-snippet:-1, max-image-preview:large, max-video-preview:-1\" \/>\n<meta property=\"og:locale\" content=\"en_US\" \/>\n<meta property=\"og:type\" content=\"article\" \/>\n<meta property=\"og:title\" content=\"T\u1ee6 VI KH\u00cd H\u1eacU C&amp;W SPECIALIST EQUIPMENT MODEL CW1301\" \/>\n<meta property=\"og:description\" content=\"Mua ngay T\u1ee6 VI KH\u00cd H\u1eacU C&amp;W SPECIALIST EQUIPMENT MODEL CW1301 ch\u00ednh h\u00e3ng. C&amp;W CW1301 l\u00e0 t\u1ee7 vi kh\u00ed h\u1eadu m\u00f4 ph\u1ecfng \u0111\u1ed9 \u1ea9m cao v\u1edbi nhi\u1ec7t... Gi\u00e1 t\u1ed1t!\" \/>\n<meta property=\"og:url\" content=\"https:\/\/vannangvn.123websitedev.com\/en\/product\/tu-vi-khi-hau-cw-specialist-equipment-model-cw1301\/\" \/>\n<meta property=\"og:site_name\" content=\"Vannang.vn\" \/>\n<meta property=\"article:modified_time\" content=\"2026-03-30T12:03:29+00:00\" \/>\n<meta property=\"og:image\" content=\"http:\/\/vannangvn.123websitedev.com\/wp-content\/uploads\/2026\/03\/Tu-Vi-Khi-Hau-Humidity-Cabinet-CW-Specialist-Equipment-Model-CW1301-768x576-copy.jpg\" \/>\n\t<meta property=\"og:image:width\" content=\"768\" \/>\n\t<meta property=\"og:image:height\" content=\"576\" \/>\n\t<meta property=\"og:image:type\" content=\"image\/jpeg\" \/>\n<meta name=\"twitter:card\" content=\"summary_large_image\" \/>\n<meta name=\"twitter:label1\" content=\"Est. reading time\" \/>\n\t<meta name=\"twitter:data1\" content=\"4 minutes\" \/>\n<script type=\"application\/ld+json\" class=\"yoast-schema-graph\">{\"@context\":\"https:\/\/schema.org\",\"@graph\":[{\"@type\":\"WebPage\",\"@id\":\"https:\/\/vannangvn.123websitedev.com\/san-pham\/tu-vi-khi-hau-cw-specialist-equipment-model-cw1301\/\",\"url\":\"https:\/\/vannangvn.123websitedev.com\/san-pham\/tu-vi-khi-hau-cw-specialist-equipment-model-cw1301\/\",\"name\":\"T\u1ee6 VI KH\u00cd H\u1eacU C&amp;W SPECIALIST EQUIPM... ch\u00ednh h\u00e3ng | V\u1ea1n N\u0103ng\",\"isPartOf\":{\"@id\":\"https:\/\/vannangvn.123websitedev.com\/#website\"},\"primaryImageOfPage\":{\"@id\":\"https:\/\/vannangvn.123websitedev.com\/san-pham\/tu-vi-khi-hau-cw-specialist-equipment-model-cw1301\/#primaryimage\"},\"image\":{\"@id\":\"https:\/\/vannangvn.123websitedev.com\/san-pham\/tu-vi-khi-hau-cw-specialist-equipment-model-cw1301\/#primaryimage\"},\"thumbnailUrl\":\"https:\/\/vannangvn.123websitedev.com\/wp-content\/uploads\/2026\/03\/Tu-Vi-Khi-Hau-Humidity-Cabinet-CW-Specialist-Equipment-Model-CW1301-768x576-copy.jpg\",\"datePublished\":\"2026-03-20T12:21:12+00:00\",\"dateModified\":\"2026-03-30T12:03:29+00:00\",\"description\":\"Mua ngay T\u1ee6 VI KH\u00cd H\u1eacU C&amp;W SPECIALIST EQUIPMENT MODEL CW1301 ch\u00ednh h\u00e3ng. C&amp;W CW1301 l\u00e0 t\u1ee7 vi kh\u00ed h\u1eadu m\u00f4 ph\u1ecfng \u0111\u1ed9 \u1ea9m cao v\u1edbi nhi\u1ec7t... Gi\u00e1 t\u1ed1t!\",\"breadcrumb\":{\"@id\":\"https:\/\/vannangvn.123websitedev.com\/san-pham\/tu-vi-khi-hau-cw-specialist-equipment-model-cw1301\/#breadcrumb\"},\"inLanguage\":\"en-US\",\"potentialAction\":[{\"@type\":\"ReadAction\",\"target\":[\"https:\/\/vannangvn.123websitedev.com\/san-pham\/tu-vi-khi-hau-cw-specialist-equipment-model-cw1301\/\"]}]},{\"@type\":\"ImageObject\",\"inLanguage\":\"en-US\",\"@id\":\"https:\/\/vannangvn.123websitedev.com\/san-pham\/tu-vi-khi-hau-cw-specialist-equipment-model-cw1301\/#primaryimage\",\"url\":\"https:\/\/vannangvn.123websitedev.com\/wp-content\/uploads\/2026\/03\/Tu-Vi-Khi-Hau-Humidity-Cabinet-CW-Specialist-Equipment-Model-CW1301-768x576-copy.jpg\",\"contentUrl\":\"https:\/\/vannangvn.123websitedev.com\/wp-content\/uploads\/2026\/03\/Tu-Vi-Khi-Hau-Humidity-Cabinet-CW-Specialist-Equipment-Model-CW1301-768x576-copy.jpg\",\"width\":768,\"height\":576},{\"@type\":\"BreadcrumbList\",\"@id\":\"https:\/\/vannangvn.123websitedev.com\/san-pham\/tu-vi-khi-hau-cw-specialist-equipment-model-cw1301\/#breadcrumb\",\"itemListElement\":[{\"@type\":\"ListItem\",\"position\":1,\"name\":\"Trang ch\u1ee7\",\"item\":\"https:\/\/vannangvn.123websitedev.com\/\"},{\"@type\":\"ListItem\",\"position\":2,\"name\":\"S\u1ea3n ph\u1ea9m\",\"item\":\"https:\/\/vannangvn.123websitedev.com\/cua-hang\/\"},{\"@type\":\"ListItem\",\"position\":3,\"name\":\"T\u1ee6 VI KH\u00cd H\u1eacU C&#038;W SPECIALIST EQUIPMENT MODEL CW1301\"}]},{\"@type\":\"WebSite\",\"@id\":\"https:\/\/vannangvn.123websitedev.com\/#website\",\"url\":\"https:\/\/vannangvn.123websitedev.com\/\",\"name\":\"Vannang.vn\",\"description\":\"\",\"publisher\":{\"@id\":\"https:\/\/vannangvn.123websitedev.com\/#organization\"},\"potentialAction\":[{\"@type\":\"SearchAction\",\"target\":{\"@type\":\"EntryPoint\",\"urlTemplate\":\"https:\/\/vannangvn.123websitedev.com\/?s={search_term_string}\"},\"query-input\":{\"@type\":\"PropertyValueSpecification\",\"valueRequired\":true,\"valueName\":\"search_term_string\"}}],\"inLanguage\":\"en-US\"},{\"@type\":\"Organization\",\"@id\":\"https:\/\/vannangvn.123websitedev.com\/#organization\",\"name\":\"Vannang.vn\",\"url\":\"https:\/\/vannangvn.123websitedev.com\/\",\"logo\":{\"@type\":\"ImageObject\",\"inLanguage\":\"en-US\",\"@id\":\"https:\/\/vannangvn.123websitedev.com\/#\/schema\/logo\/image\/\",\"url\":\"https:\/\/vannangvn.123websitedev.com\/wp-content\/uploads\/2026\/02\/logo-van-nang-02.png\",\"contentUrl\":\"https:\/\/vannangvn.123websitedev.com\/wp-content\/uploads\/2026\/02\/logo-van-nang-02.png\",\"width\":448,\"height\":111,\"caption\":\"Vannang.vn\"},\"image\":{\"@id\":\"https:\/\/vannangvn.123websitedev.com\/#\/schema\/logo\/image\/\"}}]}<\/script>\n<!-- \/ Yoast SEO Premium plugin. -->","yoast_head_json":{"title":"T\u1ee6 VI KH\u00cd H\u1eacU C&amp;W SPECIALIST EQUIPM... ch\u00ednh h\u00e3ng | V\u1ea1n N\u0103ng","description":"Mua ngay T\u1ee6 VI KH\u00cd H\u1eacU C&amp;W SPECIALIST EQUIPMENT MODEL CW1301 ch\u00ednh h\u00e3ng. C&amp;W CW1301 l\u00e0 t\u1ee7 vi kh\u00ed h\u1eadu m\u00f4 ph\u1ecfng \u0111\u1ed9 \u1ea9m cao v\u1edbi nhi\u1ec7t... Gi\u00e1 t\u1ed1t!","robots":{"index":"noindex","follow":"follow","max-snippet":"max-snippet:-1","max-image-preview":"max-image-preview:large","max-video-preview":"max-video-preview:-1"},"og_locale":"en_US","og_type":"article","og_title":"T\u1ee6 VI KH\u00cd H\u1eacU C&W SPECIALIST EQUIPMENT MODEL CW1301","og_description":"Mua ngay T\u1ee6 VI KH\u00cd H\u1eacU C&amp;W SPECIALIST EQUIPMENT MODEL CW1301 ch\u00ednh h\u00e3ng. C&amp;W CW1301 l\u00e0 t\u1ee7 vi kh\u00ed h\u1eadu m\u00f4 ph\u1ecfng \u0111\u1ed9 \u1ea9m cao v\u1edbi nhi\u1ec7t... Gi\u00e1 t\u1ed1t!","og_url":"https:\/\/vannangvn.123websitedev.com\/en\/product\/tu-vi-khi-hau-cw-specialist-equipment-model-cw1301\/","og_site_name":"Vannang.vn","article_modified_time":"2026-03-30T12:03:29+00:00","og_image":[{"width":768,"height":576,"url":"http:\/\/vannangvn.123websitedev.com\/wp-content\/uploads\/2026\/03\/Tu-Vi-Khi-Hau-Humidity-Cabinet-CW-Specialist-Equipment-Model-CW1301-768x576-copy.jpg","type":"image\/jpeg"}],"twitter_card":"summary_large_image","twitter_misc":{"Est. reading time":"4 minutes"},"schema":{"@context":"https:\/\/schema.org","@graph":[{"@type":"WebPage","@id":"https:\/\/vannangvn.123websitedev.com\/san-pham\/tu-vi-khi-hau-cw-specialist-equipment-model-cw1301\/","url":"https:\/\/vannangvn.123websitedev.com\/san-pham\/tu-vi-khi-hau-cw-specialist-equipment-model-cw1301\/","name":"T\u1ee6 VI KH\u00cd H\u1eacU C&amp;W SPECIALIST EQUIPM... ch\u00ednh h\u00e3ng | V\u1ea1n N\u0103ng","isPartOf":{"@id":"https:\/\/vannangvn.123websitedev.com\/#website"},"primaryImageOfPage":{"@id":"https:\/\/vannangvn.123websitedev.com\/san-pham\/tu-vi-khi-hau-cw-specialist-equipment-model-cw1301\/#primaryimage"},"image":{"@id":"https:\/\/vannangvn.123websitedev.com\/san-pham\/tu-vi-khi-hau-cw-specialist-equipment-model-cw1301\/#primaryimage"},"thumbnailUrl":"https:\/\/vannangvn.123websitedev.com\/wp-content\/uploads\/2026\/03\/Tu-Vi-Khi-Hau-Humidity-Cabinet-CW-Specialist-Equipment-Model-CW1301-768x576-copy.jpg","datePublished":"2026-03-20T12:21:12+00:00","dateModified":"2026-03-30T12:03:29+00:00","description":"Mua ngay T\u1ee6 VI KH\u00cd H\u1eacU C&amp;W SPECIALIST EQUIPMENT MODEL CW1301 ch\u00ednh h\u00e3ng. C&amp;W CW1301 l\u00e0 t\u1ee7 vi kh\u00ed h\u1eadu m\u00f4 ph\u1ecfng \u0111\u1ed9 \u1ea9m cao v\u1edbi nhi\u1ec7t... Gi\u00e1 t\u1ed1t!","breadcrumb":{"@id":"https:\/\/vannangvn.123websitedev.com\/san-pham\/tu-vi-khi-hau-cw-specialist-equipment-model-cw1301\/#breadcrumb"},"inLanguage":"en-US","potentialAction":[{"@type":"ReadAction","target":["https:\/\/vannangvn.123websitedev.com\/san-pham\/tu-vi-khi-hau-cw-specialist-equipment-model-cw1301\/"]}]},{"@type":"ImageObject","inLanguage":"en-US","@id":"https:\/\/vannangvn.123websitedev.com\/san-pham\/tu-vi-khi-hau-cw-specialist-equipment-model-cw1301\/#primaryimage","url":"https:\/\/vannangvn.123websitedev.com\/wp-content\/uploads\/2026\/03\/Tu-Vi-Khi-Hau-Humidity-Cabinet-CW-Specialist-Equipment-Model-CW1301-768x576-copy.jpg","contentUrl":"https:\/\/vannangvn.123websitedev.com\/wp-content\/uploads\/2026\/03\/Tu-Vi-Khi-Hau-Humidity-Cabinet-CW-Specialist-Equipment-Model-CW1301-768x576-copy.jpg","width":768,"height":576},{"@type":"BreadcrumbList","@id":"https:\/\/vannangvn.123websitedev.com\/san-pham\/tu-vi-khi-hau-cw-specialist-equipment-model-cw1301\/#breadcrumb","itemListElement":[{"@type":"ListItem","position":1,"name":"Trang ch\u1ee7","item":"https:\/\/vannangvn.123websitedev.com\/"},{"@type":"ListItem","position":2,"name":"S\u1ea3n ph\u1ea9m","item":"https:\/\/vannangvn.123websitedev.com\/cua-hang\/"},{"@type":"ListItem","position":3,"name":"T\u1ee6 VI KH\u00cd H\u1eacU C&#038;W SPECIALIST EQUIPMENT MODEL CW1301"}]},{"@type":"WebSite","@id":"https:\/\/vannangvn.123websitedev.com\/#website","url":"https:\/\/vannangvn.123websitedev.com\/","name":"Vannang.vn","description":"","publisher":{"@id":"https:\/\/vannangvn.123websitedev.com\/#organization"},"potentialAction":[{"@type":"SearchAction","target":{"@type":"EntryPoint","urlTemplate":"https:\/\/vannangvn.123websitedev.com\/?s={search_term_string}"},"query-input":{"@type":"PropertyValueSpecification","valueRequired":true,"valueName":"search_term_string"}}],"inLanguage":"en-US"},{"@type":"Organization","@id":"https:\/\/vannangvn.123websitedev.com\/#organization","name":"Vannang.vn","url":"https:\/\/vannangvn.123websitedev.com\/","logo":{"@type":"ImageObject","inLanguage":"en-US","@id":"https:\/\/vannangvn.123websitedev.com\/#\/schema\/logo\/image\/","url":"https:\/\/vannangvn.123websitedev.com\/wp-content\/uploads\/2026\/02\/logo-van-nang-02.png","contentUrl":"https:\/\/vannangvn.123websitedev.com\/wp-content\/uploads\/2026\/02\/logo-van-nang-02.png","width":448,"height":111,"caption":"Vannang.vn"},"image":{"@id":"https:\/\/vannangvn.123websitedev.com\/#\/schema\/logo\/image\/"}}]}},"_links":{"self":[{"href":"https:\/\/vannangvn.123websitedev.com\/en\/wp-json\/wp\/v2\/product\/8303","targetHints":{"allow":["GET"]}}],"collection":[{"href":"https:\/\/vannangvn.123websitedev.com\/en\/wp-json\/wp\/v2\/product"}],"about":[{"href":"https:\/\/vannangvn.123websitedev.com\/en\/wp-json\/wp\/v2\/types\/product"}],"replies":[{"embeddable":true,"href":"https:\/\/vannangvn.123websitedev.com\/en\/wp-json\/wp\/v2\/comments?post=8303"}],"wp:featuredmedia":[{"embeddable":true,"href":"https:\/\/vannangvn.123websitedev.com\/en\/wp-json\/wp\/v2\/media\/8998"}],"wp:attachment":[{"href":"https:\/\/vannangvn.123websitedev.com\/en\/wp-json\/wp\/v2\/media?parent=8303"}],"wp:term":[{"taxonomy":"product_brand","embeddable":true,"href":"https:\/\/vannangvn.123websitedev.com\/en\/wp-json\/wp\/v2\/product_brand?post=8303"},{"taxonomy":"product_cat","embeddable":true,"href":"https:\/\/vannangvn.123websitedev.com\/en\/wp-json\/wp\/v2\/product_cat?post=8303"},{"taxonomy":"product_tag","embeddable":true,"href":"https:\/\/vannangvn.123websitedev.com\/en\/wp-json\/wp\/v2\/product_tag?post=8303"}],"curies":[{"name":"wp","href":"https:\/\/api.w.org\/{rel}","templated":true}]}}