{"id":8304,"date":"2026-03-20T19:21:13","date_gmt":"2026-03-20T12:21:13","guid":{"rendered":"https:\/\/vannangvn.123websitedev.com\/san-pham\/tu-vi-khi-hau-cme-model-pac-1000\/"},"modified":"2026-03-30T19:03:30","modified_gmt":"2026-03-30T12:03:30","slug":"tu-vi-khi-hau-cme-model-pac-1000","status":"publish","type":"product","link":"https:\/\/vannangvn.123websitedev.com\/en\/product\/tu-vi-khi-hau-cme-model-pac-1000\/","title":{"rendered":"T\u1ee6 VI KH\u00cd H\u1eacU CME MODEL PAC 1000"},"content":{"rendered":"<h1 style=\"color: red; font-weight: bold; font-size: 24px;\">T&#7893;ng quan s&#7843;n ph&#7849;m T&#7910; VI KH&Iacute; H&#7852;U CME MODEL PAC 1000<p>T&#7911; Vi Kh&iacute; H&#7853;u (Climatic Chamber) CME Model PAC 1000<\/p><p>PAC 1000<br>\nD&ograve;ng bu&#7891;ng th&#7917; nghi&#7879;m kh&iacute; h&#7853;u PAC l&agrave; l&#7921;a ch&#7885;n l&yacute; t&#432;&#7903;ng cho c&aacute;c ph&eacute;p ki&#7875;m tra chu k&#7923; nhi&#7879;t &#273;&#7897; th&#7845;p, cao v&agrave; &#273;&#7897; &#7849;m. &#272;&#432;&#7907;c ch&#7871; t&#7841;o v&#7899;i ch&#7845;t l&#432;&#7907;ng v&agrave; &#273;&#7897; tin c&#7853;y cao nh&#7845;t, d&ograve;ng thi&#7871;t b&#7883; n&agrave;y &#273;&aacute;p &#7913;ng nh&#7919;ng y&ecirc;u c&#7847;u kh&#7855;t khe nh&#7845;t c&#7911;a c&aacute;c ti&ecirc;u chu&#7849;n qu&#7889;c t&#7871; nh&#432; ASTM, IEC, MIL, DIN.<br>\nCME h&#7895; tr&#7907; ng&#432;&#7901;i d&ugrave;ng &#273;&aacute;nh gi&aacute; t&aacute;c &#273;&#7897;ng c&#7911;a nhi&#7879;t &#273;&#7897; v&agrave; &#273;&#7897; &#7849;m &#273;&#7871;n t&iacute;nh ch&#7845;t, ch&#7913;c n&#259;ng v&agrave; tu&#7893;i th&#7885; c&#7911;a s&#7843;n ph&#7849;m trong &#273;i&#7873;u ki&#7879;n th&#7917; nghi&#7879;m c&oacute; th&#7875; t&aacute;i l&#7863;p, &#273;&#432;&#7907;c ch&#7913;ng nh&#7853;n v&agrave; t&#259;ng t&#7889;c.<\/p><p>&#272;&#432;&#7907;c thi&#7871;t k&#7871; v&agrave; ph&aacute;t tri&#7875;n b&#7903;i &#273;&#7897;i ng&#361; R&amp;D to&agrave;n c&#7847;u c&#7911;a CME, bu&#7891;ng th&#7917; nghi&#7879;m n&agrave;y &#7913;ng d&#7909;ng c&ocirc;ng ngh&#7879; m&ocirc; ph&#7887;ng ti&ecirc;n ti&#7871;n nh&#7857;m mang &#273;&#7871;n tr&#7843;i nghi&#7879;m ki&#7875;m tra v&#432;&#7907;t tr&#7897;i cho kh&aacute;ch h&agrave;ng. B&#7897; &#273;i&#7873;u khi&#7875;n c&#7843;m &#7913;ng th&ocirc;ng minh Envicom Graphite Series t&iacute;ch h&#7907;p nhi&#7873;u t&iacute;nh n&#259;ng nh&#432; ph&acirc;n t&iacute;ch d&#7919; li&#7879;u bu&#7891;ng th&#7917;, l&agrave;m m&aacute;t theo y&ecirc;u c&#7847;u, ch&#7849;n &#273;o&aacute;n tr&#7921;c quan, c&#7843;nh b&aacute;o an to&agrave;n. Thi&#7871;t b&#7883; c&ograve;n h&#7895; tr&#7907; c&aacute;c c&#7893;ng k&#7871;t n&#7889;i Ethernet, RS 232, RS 485, c&ugrave;ng th&#7867; nh&#7899; 2GB SD &#273;&#7875; l&#432;u tr&#7919; d&#7919; li&#7879;u ki&#7875;m tra. Ngo&agrave;i ra, h&#7879; th&#7889;ng c&#361;ng c&oacute; kh&#7843; n&#259;ng t&iacute;ch h&#7907;p v&#7899;i ph&#7847;n m&#7873;m b&ecirc;n th&#7913; ba nh&#432; NI\/LabVIEW.<br>\n&#431;u &#273;i&#7875;m n&#7893;i b&#7853;t c&#7911;a bu&#7891;ng th&#7917; nghi&#7879;m CME l&agrave; t&iacute;nh linh ho&#7841;t trong t&ugrave;y ch&#7881;nh. M&#7895;i b&agrave;i ki&#7875;m tra &#273;&#7873;u tu&acirc;n theo quy tr&igrave;nh chu&#7849;n d&#7921;a tr&ecirc;n c&aacute;c ti&ecirc;u chu&#7849;n qu&#7889;c t&#7871; (ASTM, IEC, MIL&hellip;), nh&#432;ng &#273;&ocirc;i khi bu&#7891;ng th&#7917; nghi&#7879;m ti&ecirc;u chu&#7849;n ch&#432;a &#273;&aacute;p &#7913;ng &#273;&#7911; y&ecirc;u c&#7847;u. Hi&#7875;u &#273;&#432;&#7907;c &#273;i&#7873;u n&agrave;y, c&aacute;c k&#7929; s&#432; c&#7911;a CME cung c&#7845;p kh&#7843; n&#259;ng t&ugrave;y bi&#7871;n cao c&#7845;p, bao g&#7891;m &#273;i&#7873;u ch&#7881;nh thi&#7871;t k&#7871;, n&acirc;ng c&#7845;p t&#7889;c &#273;&#7897; gia nhi&#7879;t\/l&agrave;m m&aacute;t, ho&#7863;c t&iacute;ch h&#7907;p v&#7899;i c&aacute;c &#7913;ng d&#7909;ng kh&aacute;c nh&#432; Bu&#7891;ng Kh&iacute; H&#7853;u K&#7871;t H&#7907;p M&aacute;y K&eacute;o N&eacute;n UTM Ho&#7863;c Bu&#7891;ng Kh&iacute; H&#7853;u T&iacute;ch H&#7907;p H&#7879; Th&#7889;ng Rung.<br>\nH&atilde;y li&ecirc;n h&#7879; v&#7899;i V&#7841;n N&#259;ng Company ngay &#273;&#7875; &#273;&#432;&#7907;c t&#432; v&#7845;n chuy&ecirc;n s&acirc;u v&agrave; nh&#7853;n c&aacute;c &#432;u &#273;&atilde;i h&#7845;p d&#7851;n nh&#7845;t th&ocirc;ng qua hotline\/zalo: <a href=\"https:\/\/zalo.me\/0903991335\" target=\"_blank\" rel=\"noopener\" style=\"color: #059669; font-weight: bold; text-decoration: none;\">0903 991 335<\/a>!<\/p><div style=\"background-color: #f8fafc; border: 1px solid #e2e8f0; border-radius: 8px; padding: 25px; max-width: 800px; margin: 30px auto; color: #334155; line-height: 1.8; font-size: 17px; box-shadow: 0 4px 6px -1px rgba(0,0,0,0.05); text-align: left; clear: both;\">\nC&ocirc;ng ty TNHH Th&#432;&#417;ng M&#7841;i D&#7883;ch V&#7909; Thi&#7871;t B&#7883; C&ocirc;ng Ngh&#7879; V&#7841;n N&#259;ng\n<p style=\"margin: 0 0 10px 0;\">&#128205; <strong style=\"color: #1e293b;\">&#272;&#7883;a ch&#7881;:<\/strong> <a style=\"color: #059669; text-decoration: none; font-weight: bold;\" href=\"https:\/\/www.google.com\/maps\/search\/C%C3%B4ng+ty+TNHH+Th%C6%B0%C6%A1ng+M%E1%BA%A1i+D%E1%BB%8Bch+V%E1%BB%A5+Thi%E1%BA%BFt+B%E1%BB%8B+C%C3%B4ng+Ngh%E1%BB%87+V%E1%BA%A1n+N%C4%83ng+818+Tr%C6%B0%E1%BB%9Dng+Chinh\" target=\"_blank\" rel=\"noopener\">818 Tr&#432;&#7901;ng Chinh, Ph&#432;&#7901;ng T&acirc;n S&#417;n, Th&agrave;nh ph&#7889; H&#7891; Ch&iacute; Minh, Vi&#7879;t Nam<\/a><\/p>\n<p style=\"margin: 0 0 10px 0;\">&#128222; <strong style=\"color: #1e293b;\">S&#272;T &ndash; Zalo:<\/strong> <a style=\"color: #059669; text-decoration: none; font-weight: bold;\" href=\"https:\/\/zalo.me\/0903991335\" target=\"_blank\" rel=\"noopener\">0903 991 335<\/a> <span style=\"color: #64748b; font-style: italic;\">(Ms. H&#7841;nh &ndash; Gi&aacute;m &#272;&#7889;c Kinh Doanh)<\/span><\/p>\n<p style=\"margin: 0;\">&#9993;&#65039; <strong style=\"color: #1e293b;\">Email:<\/strong> <a style=\"color: #059669; text-decoration: none; font-weight: bold;\" href=\"mailto:hienhanh@vannangvn.com\">hienhanh@vannangvn.com<\/a><\/p>\n<\/div><\/h1>","protected":false},"excerpt":{"rendered":"<p><strong>Th&#432;&#417;ng hi&#7879;u:<\/strong> CM Envirosystems<br>\n<strong>Model:<\/strong> PAC<p>Product <strong>T&#7910; VI KH&Iacute; H&#7852;U CME MODEL PAC 1000<\/strong> ch&iacute;nh h&atilde;ng. CM Envirosystems (India)<br>\nCME PAC 1000&nbsp;l&agrave; t&#7911; vi kh&iacute; h&#7853;u l&yacute; t&#432;&#7903;ng cho ki&#7875;m tra chu k&#7923; nhi&#7879;t &#273;&#7897;\/&#273;&#7897; &#7849;m, &#273;&aacute;p &#7913;ng ASTM, IEC, MIL, DIN. &#272;&aacute;nh gi&aacute; t&aacute;c &#273;&#7897;ng m&ocirc;i tr&#432;&#7901;ng &#273;&#7871;n t&iacute;nh ch&#7845;t, ch&#7913;c n&#259;ng v&agrave; tu&#7893;i th&#7885; s&#7843;n ph&#7849;m v&#7899;i &#273;&#7897; tin c&#7853;y cao.<\/p><\/p>","protected":false},"featured_media":8996,"comment_status":"open","ping_status":"closed","template":"","meta":[],"product_brand":[],"product_cat":[18],"product_tag":[116,162,361,457,513,557,649,3880],"class_list":{"0":"post-8304","1":"product","2":"type-product","3":"status-publish","4":"has-post-thumbnail","6":"product_cat-chua-phan-loai","7":"product_tag-model","8":"product_tag-tu","9":"product_tag-khi","10":"product_tag-457","11":"product_tag-hau","12":"product_tag-cme","13":"product_tag-vi","14":"product_tag-pac","16":"first","17":"instock","18":"shipping-taxable","19":"product-type-simple"},"yoast_head":"<!-- This site is optimized with the Yoast SEO Premium plugin v24.8 (Yoast SEO v24.8) - https:\/\/yoast.com\/wordpress\/plugins\/seo\/ -->\n<title>T\u1ee6 VI KH\u00cd H\u1eacU CME MODEL PAC 1000 ch\u00ednh h\u00e3ng | V\u1ea1n N\u0103ng<\/title>\n<meta name=\"description\" content=\"Mua ngay T\u1ee6 VI KH\u00cd H\u1eacU CME MODEL PAC 1000 ch\u00ednh h\u00e3ng. CME PAC 1000 l\u00e0 t\u1ee7 vi kh\u00ed h\u1eadu l\u00fd t\u01b0\u1edfng cho ki\u1ec3m tra chu k\u1ef3 nhi\u1ec7t \u0111\u1ed9\/\u0111\u1ed9 \u1ea9m, \u0111... Gi\u00e1 t\u1ed1t!\" \/>\n<meta name=\"robots\" content=\"noindex, follow, max-snippet:-1, max-image-preview:large, max-video-preview:-1\" \/>\n<meta property=\"og:locale\" content=\"en_US\" \/>\n<meta property=\"og:type\" content=\"article\" \/>\n<meta property=\"og:title\" content=\"T\u1ee6 VI KH\u00cd H\u1eacU CME MODEL PAC 1000\" \/>\n<meta property=\"og:description\" content=\"Mua ngay T\u1ee6 VI KH\u00cd H\u1eacU CME MODEL PAC 1000 ch\u00ednh h\u00e3ng. CME PAC 1000 l\u00e0 t\u1ee7 vi kh\u00ed h\u1eadu l\u00fd t\u01b0\u1edfng cho ki\u1ec3m tra chu k\u1ef3 nhi\u1ec7t \u0111\u1ed9\/\u0111\u1ed9 \u1ea9m, \u0111... Gi\u00e1 t\u1ed1t!\" \/>\n<meta property=\"og:url\" content=\"https:\/\/vannangvn.123websitedev.com\/en\/product\/tu-vi-khi-hau-cme-model-pac-1000\/\" \/>\n<meta property=\"og:site_name\" content=\"Vannang.vn\" \/>\n<meta property=\"article:modified_time\" content=\"2026-03-30T12:03:30+00:00\" \/>\n<meta property=\"og:image\" content=\"http:\/\/vannangvn.123websitedev.com\/wp-content\/uploads\/2026\/03\/Tu-Vi-Khi-Hau-Climatic-Chamber-CME-5-768x576-copy.jpg\" \/>\n\t<meta property=\"og:image:width\" content=\"768\" \/>\n\t<meta property=\"og:image:height\" content=\"576\" \/>\n\t<meta property=\"og:image:type\" content=\"image\/jpeg\" \/>\n<meta name=\"twitter:card\" content=\"summary_large_image\" \/>\n<meta name=\"twitter:label1\" content=\"Est. reading time\" \/>\n\t<meta name=\"twitter:data1\" content=\"3 minutes\" \/>\n<script type=\"application\/ld+json\" class=\"yoast-schema-graph\">{\"@context\":\"https:\/\/schema.org\",\"@graph\":[{\"@type\":\"WebPage\",\"@id\":\"https:\/\/vannangvn.123websitedev.com\/san-pham\/tu-vi-khi-hau-cme-model-pac-1000\/\",\"url\":\"https:\/\/vannangvn.123websitedev.com\/san-pham\/tu-vi-khi-hau-cme-model-pac-1000\/\",\"name\":\"T\u1ee6 VI KH\u00cd H\u1eacU CME MODEL PAC 1000 ch\u00ednh h\u00e3ng | V\u1ea1n N\u0103ng\",\"isPartOf\":{\"@id\":\"https:\/\/vannangvn.123websitedev.com\/#website\"},\"primaryImageOfPage\":{\"@id\":\"https:\/\/vannangvn.123websitedev.com\/san-pham\/tu-vi-khi-hau-cme-model-pac-1000\/#primaryimage\"},\"image\":{\"@id\":\"https:\/\/vannangvn.123websitedev.com\/san-pham\/tu-vi-khi-hau-cme-model-pac-1000\/#primaryimage\"},\"thumbnailUrl\":\"https:\/\/vannangvn.123websitedev.com\/wp-content\/uploads\/2026\/03\/Tu-Vi-Khi-Hau-Climatic-Chamber-CME-5-768x576-copy.jpg\",\"datePublished\":\"2026-03-20T12:21:13+00:00\",\"dateModified\":\"2026-03-30T12:03:30+00:00\",\"description\":\"Mua ngay T\u1ee6 VI KH\u00cd H\u1eacU CME MODEL PAC 1000 ch\u00ednh h\u00e3ng. CME PAC 1000 l\u00e0 t\u1ee7 vi kh\u00ed h\u1eadu l\u00fd t\u01b0\u1edfng cho ki\u1ec3m tra chu k\u1ef3 nhi\u1ec7t \u0111\u1ed9\/\u0111\u1ed9 \u1ea9m, \u0111... Gi\u00e1 t\u1ed1t!\",\"breadcrumb\":{\"@id\":\"https:\/\/vannangvn.123websitedev.com\/san-pham\/tu-vi-khi-hau-cme-model-pac-1000\/#breadcrumb\"},\"inLanguage\":\"en-US\",\"potentialAction\":[{\"@type\":\"ReadAction\",\"target\":[\"https:\/\/vannangvn.123websitedev.com\/san-pham\/tu-vi-khi-hau-cme-model-pac-1000\/\"]}]},{\"@type\":\"ImageObject\",\"inLanguage\":\"en-US\",\"@id\":\"https:\/\/vannangvn.123websitedev.com\/san-pham\/tu-vi-khi-hau-cme-model-pac-1000\/#primaryimage\",\"url\":\"https:\/\/vannangvn.123websitedev.com\/wp-content\/uploads\/2026\/03\/Tu-Vi-Khi-Hau-Climatic-Chamber-CME-5-768x576-copy.jpg\",\"contentUrl\":\"https:\/\/vannangvn.123websitedev.com\/wp-content\/uploads\/2026\/03\/Tu-Vi-Khi-Hau-Climatic-Chamber-CME-5-768x576-copy.jpg\",\"width\":768,\"height\":576},{\"@type\":\"BreadcrumbList\",\"@id\":\"https:\/\/vannangvn.123websitedev.com\/san-pham\/tu-vi-khi-hau-cme-model-pac-1000\/#breadcrumb\",\"itemListElement\":[{\"@type\":\"ListItem\",\"position\":1,\"name\":\"Trang ch\u1ee7\",\"item\":\"https:\/\/vannangvn.123websitedev.com\/\"},{\"@type\":\"ListItem\",\"position\":2,\"name\":\"S\u1ea3n ph\u1ea9m\",\"item\":\"https:\/\/vannangvn.123websitedev.com\/cua-hang\/\"},{\"@type\":\"ListItem\",\"position\":3,\"name\":\"T\u1ee6 VI KH\u00cd H\u1eacU CME MODEL PAC 1000\"}]},{\"@type\":\"WebSite\",\"@id\":\"https:\/\/vannangvn.123websitedev.com\/#website\",\"url\":\"https:\/\/vannangvn.123websitedev.com\/\",\"name\":\"Vannang.vn\",\"description\":\"\",\"publisher\":{\"@id\":\"https:\/\/vannangvn.123websitedev.com\/#organization\"},\"potentialAction\":[{\"@type\":\"SearchAction\",\"target\":{\"@type\":\"EntryPoint\",\"urlTemplate\":\"https:\/\/vannangvn.123websitedev.com\/?s={search_term_string}\"},\"query-input\":{\"@type\":\"PropertyValueSpecification\",\"valueRequired\":true,\"valueName\":\"search_term_string\"}}],\"inLanguage\":\"en-US\"},{\"@type\":\"Organization\",\"@id\":\"https:\/\/vannangvn.123websitedev.com\/#organization\",\"name\":\"Vannang.vn\",\"url\":\"https:\/\/vannangvn.123websitedev.com\/\",\"logo\":{\"@type\":\"ImageObject\",\"inLanguage\":\"en-US\",\"@id\":\"https:\/\/vannangvn.123websitedev.com\/#\/schema\/logo\/image\/\",\"url\":\"https:\/\/vannangvn.123websitedev.com\/wp-content\/uploads\/2026\/02\/logo-van-nang-02.png\",\"contentUrl\":\"https:\/\/vannangvn.123websitedev.com\/wp-content\/uploads\/2026\/02\/logo-van-nang-02.png\",\"width\":448,\"height\":111,\"caption\":\"Vannang.vn\"},\"image\":{\"@id\":\"https:\/\/vannangvn.123websitedev.com\/#\/schema\/logo\/image\/\"}}]}<\/script>\n<!-- \/ Yoast SEO Premium plugin. -->","yoast_head_json":{"title":"T\u1ee6 VI KH\u00cd H\u1eacU CME MODEL PAC 1000 ch\u00ednh h\u00e3ng | V\u1ea1n N\u0103ng","description":"Mua ngay T\u1ee6 VI KH\u00cd H\u1eacU CME MODEL PAC 1000 ch\u00ednh h\u00e3ng. CME PAC 1000 l\u00e0 t\u1ee7 vi kh\u00ed h\u1eadu l\u00fd t\u01b0\u1edfng cho ki\u1ec3m tra chu k\u1ef3 nhi\u1ec7t \u0111\u1ed9\/\u0111\u1ed9 \u1ea9m, \u0111... Gi\u00e1 t\u1ed1t!","robots":{"index":"noindex","follow":"follow","max-snippet":"max-snippet:-1","max-image-preview":"max-image-preview:large","max-video-preview":"max-video-preview:-1"},"og_locale":"en_US","og_type":"article","og_title":"T\u1ee6 VI KH\u00cd H\u1eacU CME MODEL PAC 1000","og_description":"Mua ngay T\u1ee6 VI KH\u00cd H\u1eacU CME MODEL PAC 1000 ch\u00ednh h\u00e3ng. CME PAC 1000 l\u00e0 t\u1ee7 vi kh\u00ed h\u1eadu l\u00fd t\u01b0\u1edfng cho ki\u1ec3m tra chu k\u1ef3 nhi\u1ec7t \u0111\u1ed9\/\u0111\u1ed9 \u1ea9m, \u0111... Gi\u00e1 t\u1ed1t!","og_url":"https:\/\/vannangvn.123websitedev.com\/en\/product\/tu-vi-khi-hau-cme-model-pac-1000\/","og_site_name":"Vannang.vn","article_modified_time":"2026-03-30T12:03:30+00:00","og_image":[{"width":768,"height":576,"url":"http:\/\/vannangvn.123websitedev.com\/wp-content\/uploads\/2026\/03\/Tu-Vi-Khi-Hau-Climatic-Chamber-CME-5-768x576-copy.jpg","type":"image\/jpeg"}],"twitter_card":"summary_large_image","twitter_misc":{"Est. reading time":"3 minutes"},"schema":{"@context":"https:\/\/schema.org","@graph":[{"@type":"WebPage","@id":"https:\/\/vannangvn.123websitedev.com\/san-pham\/tu-vi-khi-hau-cme-model-pac-1000\/","url":"https:\/\/vannangvn.123websitedev.com\/san-pham\/tu-vi-khi-hau-cme-model-pac-1000\/","name":"T\u1ee6 VI KH\u00cd H\u1eacU CME MODEL PAC 1000 ch\u00ednh h\u00e3ng | V\u1ea1n N\u0103ng","isPartOf":{"@id":"https:\/\/vannangvn.123websitedev.com\/#website"},"primaryImageOfPage":{"@id":"https:\/\/vannangvn.123websitedev.com\/san-pham\/tu-vi-khi-hau-cme-model-pac-1000\/#primaryimage"},"image":{"@id":"https:\/\/vannangvn.123websitedev.com\/san-pham\/tu-vi-khi-hau-cme-model-pac-1000\/#primaryimage"},"thumbnailUrl":"https:\/\/vannangvn.123websitedev.com\/wp-content\/uploads\/2026\/03\/Tu-Vi-Khi-Hau-Climatic-Chamber-CME-5-768x576-copy.jpg","datePublished":"2026-03-20T12:21:13+00:00","dateModified":"2026-03-30T12:03:30+00:00","description":"Mua ngay T\u1ee6 VI KH\u00cd H\u1eacU CME MODEL PAC 1000 ch\u00ednh h\u00e3ng. CME PAC 1000 l\u00e0 t\u1ee7 vi kh\u00ed h\u1eadu l\u00fd t\u01b0\u1edfng cho ki\u1ec3m tra chu k\u1ef3 nhi\u1ec7t \u0111\u1ed9\/\u0111\u1ed9 \u1ea9m, \u0111... Gi\u00e1 t\u1ed1t!","breadcrumb":{"@id":"https:\/\/vannangvn.123websitedev.com\/san-pham\/tu-vi-khi-hau-cme-model-pac-1000\/#breadcrumb"},"inLanguage":"en-US","potentialAction":[{"@type":"ReadAction","target":["https:\/\/vannangvn.123websitedev.com\/san-pham\/tu-vi-khi-hau-cme-model-pac-1000\/"]}]},{"@type":"ImageObject","inLanguage":"en-US","@id":"https:\/\/vannangvn.123websitedev.com\/san-pham\/tu-vi-khi-hau-cme-model-pac-1000\/#primaryimage","url":"https:\/\/vannangvn.123websitedev.com\/wp-content\/uploads\/2026\/03\/Tu-Vi-Khi-Hau-Climatic-Chamber-CME-5-768x576-copy.jpg","contentUrl":"https:\/\/vannangvn.123websitedev.com\/wp-content\/uploads\/2026\/03\/Tu-Vi-Khi-Hau-Climatic-Chamber-CME-5-768x576-copy.jpg","width":768,"height":576},{"@type":"BreadcrumbList","@id":"https:\/\/vannangvn.123websitedev.com\/san-pham\/tu-vi-khi-hau-cme-model-pac-1000\/#breadcrumb","itemListElement":[{"@type":"ListItem","position":1,"name":"Trang ch\u1ee7","item":"https:\/\/vannangvn.123websitedev.com\/"},{"@type":"ListItem","position":2,"name":"S\u1ea3n ph\u1ea9m","item":"https:\/\/vannangvn.123websitedev.com\/cua-hang\/"},{"@type":"ListItem","position":3,"name":"T\u1ee6 VI KH\u00cd H\u1eacU CME MODEL PAC 1000"}]},{"@type":"WebSite","@id":"https:\/\/vannangvn.123websitedev.com\/#website","url":"https:\/\/vannangvn.123websitedev.com\/","name":"Vannang.vn","description":"","publisher":{"@id":"https:\/\/vannangvn.123websitedev.com\/#organization"},"potentialAction":[{"@type":"SearchAction","target":{"@type":"EntryPoint","urlTemplate":"https:\/\/vannangvn.123websitedev.com\/?s={search_term_string}"},"query-input":{"@type":"PropertyValueSpecification","valueRequired":true,"valueName":"search_term_string"}}],"inLanguage":"en-US"},{"@type":"Organization","@id":"https:\/\/vannangvn.123websitedev.com\/#organization","name":"Vannang.vn","url":"https:\/\/vannangvn.123websitedev.com\/","logo":{"@type":"ImageObject","inLanguage":"en-US","@id":"https:\/\/vannangvn.123websitedev.com\/#\/schema\/logo\/image\/","url":"https:\/\/vannangvn.123websitedev.com\/wp-content\/uploads\/2026\/02\/logo-van-nang-02.png","contentUrl":"https:\/\/vannangvn.123websitedev.com\/wp-content\/uploads\/2026\/02\/logo-van-nang-02.png","width":448,"height":111,"caption":"Vannang.vn"},"image":{"@id":"https:\/\/vannangvn.123websitedev.com\/#\/schema\/logo\/image\/"}}]}},"_links":{"self":[{"href":"https:\/\/vannangvn.123websitedev.com\/en\/wp-json\/wp\/v2\/product\/8304","targetHints":{"allow":["GET"]}}],"collection":[{"href":"https:\/\/vannangvn.123websitedev.com\/en\/wp-json\/wp\/v2\/product"}],"about":[{"href":"https:\/\/vannangvn.123websitedev.com\/en\/wp-json\/wp\/v2\/types\/product"}],"replies":[{"embeddable":true,"href":"https:\/\/vannangvn.123websitedev.com\/en\/wp-json\/wp\/v2\/comments?post=8304"}],"wp:featuredmedia":[{"embeddable":true,"href":"https:\/\/vannangvn.123websitedev.com\/en\/wp-json\/wp\/v2\/media\/8996"}],"wp:attachment":[{"href":"https:\/\/vannangvn.123websitedev.com\/en\/wp-json\/wp\/v2\/media?parent=8304"}],"wp:term":[{"taxonomy":"product_brand","embeddable":true,"href":"https:\/\/vannangvn.123websitedev.com\/en\/wp-json\/wp\/v2\/product_brand?post=8304"},{"taxonomy":"product_cat","embeddable":true,"href":"https:\/\/vannangvn.123websitedev.com\/en\/wp-json\/wp\/v2\/product_cat?post=8304"},{"taxonomy":"product_tag","embeddable":true,"href":"https:\/\/vannangvn.123websitedev.com\/en\/wp-json\/wp\/v2\/product_tag?post=8304"}],"curies":[{"name":"wp","href":"https:\/\/api.w.org\/{rel}","templated":true}]}}