{"id":8311,"date":"2026-03-20T19:21:27","date_gmt":"2026-03-20T12:21:27","guid":{"rendered":"https:\/\/vannangvn.123websitedev.com\/san-pham\/tui-ni-mek-rubbing-pad-djh-korea\/"},"modified":"2026-04-06T12:49:20","modified_gmt":"2026-04-06T05:49:20","slug":"tui-ni-mek-rubbing-pad-djh-korea","status":"publish","type":"product","link":"https:\/\/vannangvn.123websitedev.com\/en\/product\/tui-ni-mek-rubbing-pad-djh-korea\/","title":{"rendered":"T\u00daI N\u1ec8 MEK (RUBBING PAD) DJH KOREA"},"content":{"rendered":"<p><span style=\"font-size: 18pt; color: #ff0000;\"><strong>T&#7893;ng quan s&#7843;n ph&#7849;m T&Uacute;I N&#7880; MEK (RUBBING PAD) DJH KOREA<\/strong><\/span><p>T&uacute;i N&#7881; MEK (Rubbing Pad) DJH Korea<br>\nT&uacute;i N&#7881; MEK ( N&#7881; ch&agrave; x&aacute;t) l&agrave; ph&#7909; ki&#7879;n c&#7911;a m&aacute;y MEK RUB TEST MACHINE, thay th&#7871; trong qu&aacute; tr&igrave;nh s&#7917; d&#7909;ng hao m&ograve;n.<br>\n1) Pad Size : 4 cm x 5 cm<br>\n2) Material : Cotton<br>\n3) Rubbing Pad Layers : 3 Layer (Non-woven Fabric \/ Cotton Layer \/ Non-woven Fabric)<\/p><p>Packaging Information<br>\n1) CTN Size: 200mm(W) x 105mm(L) x 35mm(H)<br>\n2) 50 Pads \/ CTN<\/p><div style=\"background-color: #f8fafc; border: 1px solid #e2e8f0; border-radius: 8px; padding: 25px; max-width: 800px; margin: 30px auto; color: #334155; line-height: 1.8; font-size: 17px; box-shadow: 0 4px 6px -1px rgba(0,0,0,0.05); text-align: left; clear: both;\">\n<p>C&ocirc;ng ty TNHH Th&#432;&#417;ng M&#7841;i D&#7883;ch V&#7909; Thi&#7871;t B&#7883; C&ocirc;ng Ngh&#7879; V&#7841;n N&#259;ng<\/p>\n<p style=\"margin: 0 0 10px 0;\">&#128205; <strong style=\"color: #1e293b;\">&#272;&#7883;a ch&#7881;:<\/strong> <a style=\"color: #059669; text-decoration: none; font-weight: bold;\" href=\"https:\/\/www.google.com\/maps\/search\/C%C3%B4ng+ty+TNHH+Th%C6%B0%C6%A1ng+M%E1%BA%A1i+D%E1%BB%8Bch+V%E1%BB%A5+Thi%E1%BA%BFt+B%E1%BB%8B+C%C3%B4ng+Ngh%E1%BB%87+V%E1%BA%A1n+N%C4%83ng+818+Tr%C6%B0%E1%BB%9Dng+Chinh\" target=\"_blank\" rel=\"noopener\">818 Tr&#432;&#7901;ng Chinh, Ph&#432;&#7901;ng T&acirc;n S&#417;n, Th&agrave;nh ph&#7889; H&#7891; Ch&iacute; Minh, Vi&#7879;t Nam<\/a><\/p>\n<p style=\"margin: 0 0 10px 0;\">&#128222; <strong style=\"color: #1e293b;\">S&#272;T &ndash; Zalo:<\/strong> <a style=\"color: #059669; text-decoration: none; font-weight: bold;\" href=\"https:\/\/zalo.me\/0903991335\" target=\"_blank\" rel=\"noopener\">0903 991 335<\/a> <span style=\"color: #64748b; font-style: italic;\">(Ms. H&#7841;nh &ndash; Gi&aacute;m &#272;&#7889;c Kinh Doanh)<\/span><\/p>\n<p style=\"margin: 0;\">&#9993;&#65039; <strong style=\"color: #1e293b;\">Email:<\/strong> <a style=\"color: #059669; text-decoration: none; font-weight: bold;\" href=\"mailto:hienhanh@vannangvn.com\">hienhanh@vannangvn.com<\/a><\/p>\n<\/div><\/p>","protected":false},"excerpt":{"rendered":"<p><strong>Th&#432;&#417;ng hi&#7879;u:<\/strong> T&uacute;i N&#7881; MEK l&agrave; ph&#7909; ki&#7879;n c&#7911;a m&aacute;y&nbsp;MEK RUB TEST MACHINE, thay th&#7871; trong qu&aacute; tr&igrave;nh s&#7917; d&#7909;ng hao m&ograve;n.<br>\n<strong>Model:<\/strong> Rubbing Pad<p>Product <strong>T&Uacute;I N&#7880; MEK (RUBBING PAD) DJH KOREA<\/strong> ch&iacute;nh h&atilde;ng. T&uacute;i N&#7881; MEK ( N&#7881; ch&agrave; x&aacute;t) l&agrave; ph&#7909; ki&#7879;n c&#7911;a m&aacute;y&nbsp;MEK RUB TEST MACHINE, thay th&#7871; trong qu&aacute; tr&igrave;nh s&#7917; d&#7909;ng hao m&ograve;n.<br>\n1) Pad Size : 4 cm x 5 cm<\/p><\/p>","protected":false},"featured_media":0,"comment_status":"open","ping_status":"closed","template":"","meta":[],"product_brand":[],"product_cat":[6547],"product_tag":[3888,375,3084,3414,3885,3886,3887],"class_list":{"0":"post-8311","1":"product","2":"type-product","3":"status-publish","5":"product_cat-thiet-bi-xuong-thuc-nghiem","6":"product_tag-pad","7":"product_tag-djh","8":"product_tag-korea","9":"product_tag-mek","10":"product_tag-tui","11":"product_tag-ni","12":"product_tag-rubbing","14":"first","15":"instock","16":"shipping-taxable","17":"product-type-simple"},"yoast_head":"<!-- This site is optimized with the Yoast SEO Premium plugin v24.8 (Yoast SEO v24.8) - https:\/\/yoast.com\/wordpress\/plugins\/seo\/ -->\n<title>T\u00daI N\u1ec8 MEK (RUBBING PAD) DJH KOREA ch\u00ednh h\u00e3ng | V\u1ea1n N\u0103ng<\/title>\n<meta name=\"description\" content=\"Mua ngay T\u00daI N\u1ec8 MEK (RUBBING PAD) DJH KOREA ch\u00ednh h\u00e3ng. 1) Pad Size : 4 cm x 5 cm Gi\u00e1 t\u1ed1t!\" \/>\n<meta name=\"robots\" content=\"noindex, follow, max-snippet:-1, max-image-preview:large, max-video-preview:-1\" \/>\n<meta property=\"og:locale\" content=\"en_US\" \/>\n<meta property=\"og:type\" content=\"article\" \/>\n<meta property=\"og:title\" content=\"T\u00daI N\u1ec8 MEK (RUBBING PAD) DJH KOREA\" \/>\n<meta property=\"og:description\" content=\"Mua ngay T\u00daI N\u1ec8 MEK (RUBBING PAD) DJH KOREA ch\u00ednh h\u00e3ng. 1) Pad Size : 4 cm x 5 cm Gi\u00e1 t\u1ed1t!\" \/>\n<meta property=\"og:url\" content=\"https:\/\/vannangvn.123websitedev.com\/en\/product\/tui-ni-mek-rubbing-pad-djh-korea\/\" \/>\n<meta property=\"og:site_name\" content=\"Vannang.vn\" \/>\n<meta property=\"article:modified_time\" content=\"2026-04-06T05:49:20+00:00\" \/>\n<meta name=\"twitter:card\" content=\"summary_large_image\" \/>\n<meta name=\"twitter:label1\" content=\"Est. reading time\" \/>\n\t<meta name=\"twitter:data1\" content=\"1 minute\" \/>\n<script type=\"application\/ld+json\" class=\"yoast-schema-graph\">{\"@context\":\"https:\/\/schema.org\",\"@graph\":[{\"@type\":\"WebPage\",\"@id\":\"https:\/\/vannangvn.123websitedev.com\/san-pham\/tui-ni-mek-rubbing-pad-djh-korea\/\",\"url\":\"https:\/\/vannangvn.123websitedev.com\/san-pham\/tui-ni-mek-rubbing-pad-djh-korea\/\",\"name\":\"T\u00daI N\u1ec8 MEK (RUBBING PAD) DJH KOREA ch\u00ednh h\u00e3ng | V\u1ea1n N\u0103ng\",\"isPartOf\":{\"@id\":\"https:\/\/vannangvn.123websitedev.com\/#website\"},\"datePublished\":\"2026-03-20T12:21:27+00:00\",\"dateModified\":\"2026-04-06T05:49:20+00:00\",\"description\":\"Mua ngay T\u00daI N\u1ec8 MEK (RUBBING PAD) DJH KOREA ch\u00ednh h\u00e3ng. 1) Pad Size : 4 cm x 5 cm Gi\u00e1 t\u1ed1t!\",\"breadcrumb\":{\"@id\":\"https:\/\/vannangvn.123websitedev.com\/san-pham\/tui-ni-mek-rubbing-pad-djh-korea\/#breadcrumb\"},\"inLanguage\":\"en-US\",\"potentialAction\":[{\"@type\":\"ReadAction\",\"target\":[\"https:\/\/vannangvn.123websitedev.com\/san-pham\/tui-ni-mek-rubbing-pad-djh-korea\/\"]}]},{\"@type\":\"BreadcrumbList\",\"@id\":\"https:\/\/vannangvn.123websitedev.com\/san-pham\/tui-ni-mek-rubbing-pad-djh-korea\/#breadcrumb\",\"itemListElement\":[{\"@type\":\"ListItem\",\"position\":1,\"name\":\"Trang ch\u1ee7\",\"item\":\"https:\/\/vannangvn.123websitedev.com\/\"},{\"@type\":\"ListItem\",\"position\":2,\"name\":\"S\u1ea3n ph\u1ea9m\",\"item\":\"https:\/\/vannangvn.123websitedev.com\/cua-hang\/\"},{\"@type\":\"ListItem\",\"position\":3,\"name\":\"T\u00daI N\u1ec8 MEK (RUBBING PAD) DJH KOREA\"}]},{\"@type\":\"WebSite\",\"@id\":\"https:\/\/vannangvn.123websitedev.com\/#website\",\"url\":\"https:\/\/vannangvn.123websitedev.com\/\",\"name\":\"Vannang.vn\",\"description\":\"\",\"publisher\":{\"@id\":\"https:\/\/vannangvn.123websitedev.com\/#organization\"},\"potentialAction\":[{\"@type\":\"SearchAction\",\"target\":{\"@type\":\"EntryPoint\",\"urlTemplate\":\"https:\/\/vannangvn.123websitedev.com\/?s={search_term_string}\"},\"query-input\":{\"@type\":\"PropertyValueSpecification\",\"valueRequired\":true,\"valueName\":\"search_term_string\"}}],\"inLanguage\":\"en-US\"},{\"@type\":\"Organization\",\"@id\":\"https:\/\/vannangvn.123websitedev.com\/#organization\",\"name\":\"Vannang.vn\",\"url\":\"https:\/\/vannangvn.123websitedev.com\/\",\"logo\":{\"@type\":\"ImageObject\",\"inLanguage\":\"en-US\",\"@id\":\"https:\/\/vannangvn.123websitedev.com\/#\/schema\/logo\/image\/\",\"url\":\"https:\/\/vannangvn.123websitedev.com\/wp-content\/uploads\/2026\/02\/logo-van-nang-02.png\",\"contentUrl\":\"https:\/\/vannangvn.123websitedev.com\/wp-content\/uploads\/2026\/02\/logo-van-nang-02.png\",\"width\":448,\"height\":111,\"caption\":\"Vannang.vn\"},\"image\":{\"@id\":\"https:\/\/vannangvn.123websitedev.com\/#\/schema\/logo\/image\/\"}}]}<\/script>\n<!-- \/ Yoast SEO Premium plugin. -->","yoast_head_json":{"title":"T\u00daI N\u1ec8 MEK (RUBBING PAD) DJH KOREA ch\u00ednh h\u00e3ng | V\u1ea1n N\u0103ng","description":"Mua ngay T\u00daI N\u1ec8 MEK (RUBBING PAD) DJH KOREA ch\u00ednh h\u00e3ng. 1) Pad Size : 4 cm x 5 cm Gi\u00e1 t\u1ed1t!","robots":{"index":"noindex","follow":"follow","max-snippet":"max-snippet:-1","max-image-preview":"max-image-preview:large","max-video-preview":"max-video-preview:-1"},"og_locale":"en_US","og_type":"article","og_title":"T\u00daI N\u1ec8 MEK (RUBBING PAD) DJH KOREA","og_description":"Mua ngay T\u00daI N\u1ec8 MEK (RUBBING PAD) DJH KOREA ch\u00ednh h\u00e3ng. 1) Pad Size : 4 cm x 5 cm Gi\u00e1 t\u1ed1t!","og_url":"https:\/\/vannangvn.123websitedev.com\/en\/product\/tui-ni-mek-rubbing-pad-djh-korea\/","og_site_name":"Vannang.vn","article_modified_time":"2026-04-06T05:49:20+00:00","twitter_card":"summary_large_image","twitter_misc":{"Est. reading time":"1 minute"},"schema":{"@context":"https:\/\/schema.org","@graph":[{"@type":"WebPage","@id":"https:\/\/vannangvn.123websitedev.com\/san-pham\/tui-ni-mek-rubbing-pad-djh-korea\/","url":"https:\/\/vannangvn.123websitedev.com\/san-pham\/tui-ni-mek-rubbing-pad-djh-korea\/","name":"T\u00daI N\u1ec8 MEK (RUBBING PAD) DJH KOREA ch\u00ednh h\u00e3ng | V\u1ea1n N\u0103ng","isPartOf":{"@id":"https:\/\/vannangvn.123websitedev.com\/#website"},"datePublished":"2026-03-20T12:21:27+00:00","dateModified":"2026-04-06T05:49:20+00:00","description":"Mua ngay T\u00daI N\u1ec8 MEK (RUBBING PAD) DJH KOREA ch\u00ednh h\u00e3ng. 1) Pad Size : 4 cm x 5 cm Gi\u00e1 t\u1ed1t!","breadcrumb":{"@id":"https:\/\/vannangvn.123websitedev.com\/san-pham\/tui-ni-mek-rubbing-pad-djh-korea\/#breadcrumb"},"inLanguage":"en-US","potentialAction":[{"@type":"ReadAction","target":["https:\/\/vannangvn.123websitedev.com\/san-pham\/tui-ni-mek-rubbing-pad-djh-korea\/"]}]},{"@type":"BreadcrumbList","@id":"https:\/\/vannangvn.123websitedev.com\/san-pham\/tui-ni-mek-rubbing-pad-djh-korea\/#breadcrumb","itemListElement":[{"@type":"ListItem","position":1,"name":"Trang ch\u1ee7","item":"https:\/\/vannangvn.123websitedev.com\/"},{"@type":"ListItem","position":2,"name":"S\u1ea3n ph\u1ea9m","item":"https:\/\/vannangvn.123websitedev.com\/cua-hang\/"},{"@type":"ListItem","position":3,"name":"T\u00daI N\u1ec8 MEK (RUBBING PAD) DJH KOREA"}]},{"@type":"WebSite","@id":"https:\/\/vannangvn.123websitedev.com\/#website","url":"https:\/\/vannangvn.123websitedev.com\/","name":"Vannang.vn","description":"","publisher":{"@id":"https:\/\/vannangvn.123websitedev.com\/#organization"},"potentialAction":[{"@type":"SearchAction","target":{"@type":"EntryPoint","urlTemplate":"https:\/\/vannangvn.123websitedev.com\/?s={search_term_string}"},"query-input":{"@type":"PropertyValueSpecification","valueRequired":true,"valueName":"search_term_string"}}],"inLanguage":"en-US"},{"@type":"Organization","@id":"https:\/\/vannangvn.123websitedev.com\/#organization","name":"Vannang.vn","url":"https:\/\/vannangvn.123websitedev.com\/","logo":{"@type":"ImageObject","inLanguage":"en-US","@id":"https:\/\/vannangvn.123websitedev.com\/#\/schema\/logo\/image\/","url":"https:\/\/vannangvn.123websitedev.com\/wp-content\/uploads\/2026\/02\/logo-van-nang-02.png","contentUrl":"https:\/\/vannangvn.123websitedev.com\/wp-content\/uploads\/2026\/02\/logo-van-nang-02.png","width":448,"height":111,"caption":"Vannang.vn"},"image":{"@id":"https:\/\/vannangvn.123websitedev.com\/#\/schema\/logo\/image\/"}}]}},"_links":{"self":[{"href":"https:\/\/vannangvn.123websitedev.com\/en\/wp-json\/wp\/v2\/product\/8311","targetHints":{"allow":["GET"]}}],"collection":[{"href":"https:\/\/vannangvn.123websitedev.com\/en\/wp-json\/wp\/v2\/product"}],"about":[{"href":"https:\/\/vannangvn.123websitedev.com\/en\/wp-json\/wp\/v2\/types\/product"}],"replies":[{"embeddable":true,"href":"https:\/\/vannangvn.123websitedev.com\/en\/wp-json\/wp\/v2\/comments?post=8311"}],"wp:attachment":[{"href":"https:\/\/vannangvn.123websitedev.com\/en\/wp-json\/wp\/v2\/media?parent=8311"}],"wp:term":[{"taxonomy":"product_brand","embeddable":true,"href":"https:\/\/vannangvn.123websitedev.com\/en\/wp-json\/wp\/v2\/product_brand?post=8311"},{"taxonomy":"product_cat","embeddable":true,"href":"https:\/\/vannangvn.123websitedev.com\/en\/wp-json\/wp\/v2\/product_cat?post=8311"},{"taxonomy":"product_tag","embeddable":true,"href":"https:\/\/vannangvn.123websitedev.com\/en\/wp-json\/wp\/v2\/product_tag?post=8311"}],"curies":[{"name":"wp","href":"https:\/\/api.w.org\/{rel}","templated":true}]}}